{"id":407276,"date":"2023-02-28T06:17:09","date_gmt":"2023-02-28T05:17:09","guid":{"rendered":"https:\/\/www.claret.cat\/llibre\/religio-i-comunicacio-9788492416325\/"},"modified":"2023-07-28T19:59:22","modified_gmt":"2023-07-28T17:59:22","slug":"religio-i-comunicacio-9788492416325","status":"publish","type":"product","link":"https:\/\/www.claret.cat\/es\/libro\/religio-i-comunicacio-9788492416325\/","title":{"rendered":"RELIGI\u00d3 I COMUNICACI\u00d3"},"content":{"rendered":"<p>Les comunitats religioses s\u00f3n el que s\u00f3n en funci\u00f3 de la qualitat o manca de qualitat de les seves transmissions. La profunda crisi que experimenten les religions constitu\u00efdes no \u00e9s sin\u00f3 una de les seq\u00fceles m\u00e9s negatives de la seva incapacitat per establir corrents polif\u00f2nics de comunicaci\u00f3 i empatia entre els seus creients i, en definitiva, entre tots els \u00e9ssers humans amb inquietuds espirituals. Qualsevol futur saludable i humanitzador de la religi\u00f3, de la fam\u00edlia, de la cultura i de les formes pol\u00edtiques dependr\u00e0 d?&#8217;una manera directa de la salut de la paraula humana i de la seva oportuna contextualitzaci\u00f3 comunicativa en cada aqu\u00ed i ara. Llu\u00eds Duch exposa amb rigor i claredat la creixent import\u00e0ncia que adquireixen avui els mitjans de comunicaci\u00f3 com a nova estructura d?&#8217;acollida, en detriment de les tres estructures d?&#8217;acollida cl\u00e0ssiques (codescend\u00e8ncia, coresid\u00e8ncia i cotranscend\u00e8ncia, \u00e9s a dir, fam\u00edlia, ciutat i religi\u00f3). Explora tamb\u00e9 el concepte de tradici\u00f3, la import\u00e0ncia del s\u00edmbol, la difer\u00e8ncia entre informaci\u00f3 i comunicaci\u00f3, la crisi de confian\u00e7a en les institucions religioses, l?&#8217;acceleraci\u00f3 del tempo vital, l?&#8217;erosi\u00f3 del sagrat i la revoluci\u00f3 del cre\u00efble.<\/p>\n","protected":false},"excerpt":{"rendered":"<p>DUCH, LLU\u00cdS<\/p>\n","protected":false},"featured_media":407277,"template":"","meta":{"_acf_changed":false,"om_disable_all_campaigns":false,"rs_blank_template":"","rs_page_bg_color":"","slide_template_v7":"","inline_featured_image":false,"_monsterinsights_skip_tracking":false,"_monsterinsights_sitenote_active":false,"_monsterinsights_sitenote_note":"","_monsterinsights_sitenote_category":0},"product_brand":[],"product_cat":[90,540],"product_tag":[],"class_list":{"0":"post-407276","1":"product","2":"type-product","3":"status-publish","4":"has-post-thumbnail","6":"product_cat-altres","7":"product_cat-otros","9":"first","10":"instock","11":"taxable","12":"shipping-taxable","13":"purchasable","14":"product-type-simple"},"acf":{"autor":"DUCH, LLU\u00cdS","codart":"849241632","libros-coleccion":"","ediciones":"1","encuadernacion":"Carpeta","fecha_de_publicacion":"22\/06\/2010","novedad":"0","paginas":"456","subtitulo":"","orden":"999","portada":"0","idioma":"cat","editorial":[{"ID":6258,"post_author":"3","post_date":"2022-07-28 17:48:20","post_date_gmt":"2022-07-28 15:48:20","post_content":"","post_title":"FRAGMENTA EDITORIAL","post_excerpt":"","post_status":"publish","comment_status":"closed","ping_status":"closed","post_password":"","post_name":"fragmenta-editorial","to_ping":"","pinged":"","post_modified":"2022-07-28 17:48:20","post_modified_gmt":"2022-07-28 15:48:20","post_content_filtered":"","post_parent":0,"guid":"http:\/\/dev.claret.cat\/editorial\/fragmenta-editorial\/","menu_order":0,"post_type":"editorial","post_mime_type":"","comment_count":"0","filter":"raw"}],"autores-libros":[{"ID":162345,"post_author":"3","post_date":"2022-10-14 17:30:17","post_date_gmt":"2022-10-14 15:30:17","post_content":"","post_title":"LLU\u00cdS DUCH","post_excerpt":"","post_status":"publish","comment_status":"closed","ping_status":"closed","post_password":"","post_name":"lluis-duch","to_ping":"","pinged":"","post_modified":"2022-10-14 17:30:17","post_modified_gmt":"2022-10-14 15:30:17","post_content_filtered":"","post_parent":0,"guid":"http:\/\/dev.claret.cat\/autor\/lluis-duch\/","menu_order":0,"post_type":"autor","post_mime_type":"","comment_count":"0","filter":"raw"}]},"aioseo_notices":[],"_links":{"self":[{"href":"https:\/\/www.claret.cat\/es\/wp-json\/wp\/v2\/product\/407276","targetHints":{"allow":["GET"]}}],"collection":[{"href":"https:\/\/www.claret.cat\/es\/wp-json\/wp\/v2\/product"}],"about":[{"href":"https:\/\/www.claret.cat\/es\/wp-json\/wp\/v2\/types\/product"}],"wp:featuredmedia":[{"embeddable":true,"href":"https:\/\/www.claret.cat\/es\/wp-json\/wp\/v2\/media\/407277"}],"wp:attachment":[{"href":"https:\/\/www.claret.cat\/es\/wp-json\/wp\/v2\/media?parent=407276"}],"wp:term":[{"taxonomy":"product_brand","embeddable":true,"href":"https:\/\/www.claret.cat\/es\/wp-json\/wp\/v2\/product_brand?post=407276"},{"taxonomy":"product_cat","embeddable":true,"href":"https:\/\/www.claret.cat\/es\/wp-json\/wp\/v2\/product_cat?post=407276"},{"taxonomy":"product_tag","embeddable":true,"href":"https:\/\/www.claret.cat\/es\/wp-json\/wp\/v2\/product_tag?post=407276"}],"curies":[{"name":"wp","href":"https:\/\/api.w.org\/{rel}","templated":true}]}}