{"id":407294,"date":"2023-02-28T06:18:24","date_gmt":"2023-02-28T05:18:24","guid":{"rendered":"https:\/\/www.claret.cat\/llibre\/freud-hasta-dios-9788492416455\/"},"modified":"2023-02-28T06:18:30","modified_gmt":"2023-02-28T05:18:30","slug":"freud-hasta-dios-9788492416455","status":"publish","type":"product","link":"https:\/\/www.claret.cat\/es\/libro\/freud-hasta-dios-9788492416455\/","title":{"rendered":"FREUD HASTA DIOS"},"content":{"rendered":"<p>\u00ab\u00bfAcaso el psicoan\u00e1lisis no es un lujo?\u00bb A esta pregunta que alguien le hizo al t\u00e9rmino de una conferencia, la psicoanalista Marie Balmary responde: \u00abTiene usted raz\u00f3n, el psicoan\u00e1lisis es un lujo. Como toda la vida espiritual.\u00bb<\/p>\n<p>Si psicoan\u00e1lisis y espiritualidad parecen de entrada incompatibles, Balmary nos dice que la pr\u00e1ctica cl\u00ednica y un nuevo acceso a los textos espirituales conducen a pensar la vida espiritual como el lujo de la humanidad, como aquello que confiere amplitud a la vida humana.<\/p>\n<p>El volumen incluye el texto de la conferencia \u00abReligiones para servirlas o para que nos sirvan\u00bb, pronunciada en Barcelona en el a\u00f1o 2008.<\/p>\n","protected":false},"excerpt":{"rendered":"<p>BALMARY, MARIE<\/p>\n","protected":false},"featured_media":407295,"template":"","meta":{"_acf_changed":false,"om_disable_all_campaigns":false,"rs_blank_template":"","rs_page_bg_color":"","slide_template_v7":"","inline_featured_image":false,"_monsterinsights_skip_tracking":false,"_monsterinsights_sitenote_active":false,"_monsterinsights_sitenote_note":"","_monsterinsights_sitenote_category":0},"product_brand":[],"product_cat":[90,540],"product_tag":[],"class_list":{"0":"post-407294","1":"product","2":"type-product","3":"status-publish","4":"has-post-thumbnail","6":"product_cat-altres","7":"product_cat-otros","9":"first","10":"instock","11":"taxable","12":"shipping-taxable","13":"purchasable","14":"product-type-simple"},"acf":{"autor":"BALMARY, MARIE","codart":"849241645","libros-coleccion":"","ediciones":"1","encuadernacion":"R\u00fastica","fecha_de_publicacion":"01\/06\/2011","novedad":"0","paginas":"88","subtitulo":"","orden":"999","portada":"0","idioma":"spa","editorial":[{"ID":6258,"post_author":"3","post_date":"2022-07-28 17:48:20","post_date_gmt":"2022-07-28 15:48:20","post_content":"","post_title":"FRAGMENTA EDITORIAL","post_excerpt":"","post_status":"publish","comment_status":"closed","ping_status":"closed","post_password":"","post_name":"fragmenta-editorial","to_ping":"","pinged":"","post_modified":"2022-07-28 17:48:20","post_modified_gmt":"2022-07-28 15:48:20","post_content_filtered":"","post_parent":0,"guid":"http:\/\/dev.claret.cat\/editorial\/fragmenta-editorial\/","menu_order":0,"post_type":"editorial","post_mime_type":"","comment_count":"0","filter":"raw"}],"autores-libros":[{"ID":163877,"post_author":"3","post_date":"2022-10-14 17:42:34","post_date_gmt":"2022-10-14 15:42:34","post_content":"","post_title":"MARIE BALMARY","post_excerpt":"","post_status":"publish","comment_status":"closed","ping_status":"closed","post_password":"","post_name":"marie-balmary","to_ping":"","pinged":"","post_modified":"2022-10-14 17:42:34","post_modified_gmt":"2022-10-14 15:42:34","post_content_filtered":"","post_parent":0,"guid":"http:\/\/dev.claret.cat\/autor\/marie-balmary\/","menu_order":0,"post_type":"autor","post_mime_type":"","comment_count":"0","filter":"raw"}]},"aioseo_notices":[],"_links":{"self":[{"href":"https:\/\/www.claret.cat\/es\/wp-json\/wp\/v2\/product\/407294","targetHints":{"allow":["GET"]}}],"collection":[{"href":"https:\/\/www.claret.cat\/es\/wp-json\/wp\/v2\/product"}],"about":[{"href":"https:\/\/www.claret.cat\/es\/wp-json\/wp\/v2\/types\/product"}],"wp:featuredmedia":[{"embeddable":true,"href":"https:\/\/www.claret.cat\/es\/wp-json\/wp\/v2\/media\/407295"}],"wp:attachment":[{"href":"https:\/\/www.claret.cat\/es\/wp-json\/wp\/v2\/media?parent=407294"}],"wp:term":[{"taxonomy":"product_brand","embeddable":true,"href":"https:\/\/www.claret.cat\/es\/wp-json\/wp\/v2\/product_brand?post=407294"},{"taxonomy":"product_cat","embeddable":true,"href":"https:\/\/www.claret.cat\/es\/wp-json\/wp\/v2\/product_cat?post=407294"},{"taxonomy":"product_tag","embeddable":true,"href":"https:\/\/www.claret.cat\/es\/wp-json\/wp\/v2\/product_tag?post=407294"}],"curies":[{"name":"wp","href":"https:\/\/api.w.org\/{rel}","templated":true}]}}