{"id":407310,"date":"2023-02-28T06:19:26","date_gmt":"2023-02-28T05:19:26","guid":{"rendered":"https:\/\/www.claret.cat\/llibre\/amb-deu-o-sense-9788492416547\/"},"modified":"2025-10-14T11:20:17","modified_gmt":"2025-10-14T09:20:17","slug":"amb-deu-o-sense-9788492416547","status":"publish","type":"product","link":"https:\/\/www.claret.cat\/es\/libro\/amb-deu-o-sense-9788492416547\/","title":{"rendered":"AMB D\u00c9U O SENSE"},"content":{"rendered":"<p>\u00abJo em considero un agn\u00f2stic amic de les religions, admirador de les religions\u00bb, diu Vicen\u00e7 Villatoro. \u00abS\u00f3c un cristi\u00e0 esc\u00e8ptic; un cristi\u00e0 que cerca, que tracta d&#8217;entendre millor all\u00f2 en qu\u00e8 creu\u00bb, diu Francesc Torralba. <br \/>Al llarg de quaranta cartes \u2014vint per corresponsal\u2014, Francesc Torralba i Vicen\u00e7 Villatoro aborden temes com ara la pregunta pel sentit, D\u00e9u creat o D\u00e9u creador, el sagrat i el prof\u00e0, l&#8217;esfera religiosa i l&#8217;esfera p\u00fablica, la mort i el consol, una \u00e8tica sense D\u00e9u, la bellesa, el misteri del mal, la transmissi\u00f3 de valors i conviccions, l&#8217;exist\u00e8ncia dels cristians, la pla\u00e7a p\u00fablica, la capacitat de celebrar i l&#8217;espiritualitat sense fe. <br \/>\u00c9s un di\u00e0leg d&#8217;idees, per\u00f2 tamb\u00e9 d&#8217;experi\u00e8ncies viscudes durant el mig any de redacci\u00f3, entre l&#8217;inici de l&#8217;estiueig i les celebracions familiars de Nadal. Les cartes creuades entre Torralba i Villatoro confronten no tan sols un creient i un no creient, sin\u00f3 tamb\u00e9 un fil\u00f2sof i un escriptor, un te\u00f2leg i un periodista. I tots dos converteixen sovint l&#8217;epistolari \u2014el \u00abg\u00e8nere de l&#8217;\u00e0nima\u00bb\u2014 en un dietari: en l&#8217;exposici\u00f3 oberta i desacomplexada dels viaranys \u2014interiors i exteriors\u2014 de la pr\u00f2pia vida.<\/p>\n","protected":false},"excerpt":{"rendered":"<p>TORRALBA, FRANCESC; VILLATORO, VICEN\u00c7<\/p>\n","protected":false},"featured_media":1018875,"template":"","meta":{"_acf_changed":false,"om_disable_all_campaigns":false,"rs_blank_template":"","rs_page_bg_color":"","slide_template_v7":"","inline_featured_image":false,"_monsterinsights_skip_tracking":false,"_monsterinsights_sitenote_active":false,"_monsterinsights_sitenote_note":"","_monsterinsights_sitenote_category":0},"product_brand":[],"product_cat":[90,540],"product_tag":[],"class_list":{"0":"post-407310","1":"product","2":"type-product","3":"status-publish","4":"has-post-thumbnail","6":"product_cat-altres","7":"product_cat-otros","9":"first","10":"instock","11":"taxable","12":"shipping-taxable","13":"purchasable","14":"product-type-simple"},"acf":{"autor":"TORRALBA, FRANCESC; VILLATORO, VICEN\u00c7","codart":"849241654","libros-coleccion":"","ediciones":"1","encuadernacion":"R\u00fastica","fecha_de_publicacion":"01\/02\/2012","novedad":"0","paginas":"349","subtitulo":"QUARANTA CARTES CREUADES","orden":"999","portada":"0","idioma":"cat","editorial":[{"ID":6258,"post_author":"3","post_date":"2022-07-28 17:48:20","post_date_gmt":"2022-07-28 15:48:20","post_content":"","post_title":"FRAGMENTA EDITORIAL","post_excerpt":"","post_status":"publish","comment_status":"closed","ping_status":"closed","post_password":"","post_name":"fragmenta-editorial","to_ping":"","pinged":"","post_modified":"2022-07-28 17:48:20","post_modified_gmt":"2022-07-28 15:48:20","post_content_filtered":"","post_parent":0,"guid":"http:\/\/dev.claret.cat\/editorial\/fragmenta-editorial\/","menu_order":0,"post_type":"editorial","post_mime_type":"","comment_count":"0","filter":"raw"}],"autores-libros":[{"ID":311716,"post_author":"3","post_date":"2022-12-23 10:40:56","post_date_gmt":"2022-12-23 09:40:56","post_content":"","post_title":"TORRALBA, FRANCESC","post_excerpt":"","post_status":"publish","comment_status":"closed","ping_status":"closed","post_password":"","post_name":"torralba-francesc-4","to_ping":"","pinged":"","post_modified":"2022-12-23 10:40:56","post_modified_gmt":"2022-12-23 09:40:56","post_content_filtered":"","post_parent":0,"guid":"https:\/\/www.claret.cat\/autor\/torralba-francesc-4\/","menu_order":0,"post_type":"autor","post_mime_type":"","comment_count":"0","filter":"raw"},{"ID":170923,"post_author":"3","post_date":"2022-10-14 22:39:16","post_date_gmt":"2022-10-14 20:39:16","post_content":"","post_title":"VICEN\u00c7 VILLATORO","post_excerpt":"","post_status":"publish","comment_status":"closed","ping_status":"closed","post_password":"","post_name":"vicenc-villatoro","to_ping":"","pinged":"","post_modified":"2022-10-14 22:39:16","post_modified_gmt":"2022-10-14 20:39:16","post_content_filtered":"","post_parent":0,"guid":"http:\/\/dev.claret.cat\/autor\/vicenc-villatoro\/","menu_order":0,"post_type":"autor","post_mime_type":"","comment_count":"0","filter":"raw"}],"booktrailer":"","resenas":""},"aioseo_notices":[],"_links":{"self":[{"href":"https:\/\/www.claret.cat\/es\/wp-json\/wp\/v2\/product\/407310","targetHints":{"allow":["GET"]}}],"collection":[{"href":"https:\/\/www.claret.cat\/es\/wp-json\/wp\/v2\/product"}],"about":[{"href":"https:\/\/www.claret.cat\/es\/wp-json\/wp\/v2\/types\/product"}],"wp:featuredmedia":[{"embeddable":true,"href":"https:\/\/www.claret.cat\/es\/wp-json\/wp\/v2\/media\/1018875"}],"wp:attachment":[{"href":"https:\/\/www.claret.cat\/es\/wp-json\/wp\/v2\/media?parent=407310"}],"wp:term":[{"taxonomy":"product_brand","embeddable":true,"href":"https:\/\/www.claret.cat\/es\/wp-json\/wp\/v2\/product_brand?post=407310"},{"taxonomy":"product_cat","embeddable":true,"href":"https:\/\/www.claret.cat\/es\/wp-json\/wp\/v2\/product_cat?post=407310"},{"taxonomy":"product_tag","embeddable":true,"href":"https:\/\/www.claret.cat\/es\/wp-json\/wp\/v2\/product_tag?post=407310"}],"curies":[{"name":"wp","href":"https:\/\/api.w.org\/{rel}","templated":true}]}}