{"id":407322,"date":"2023-02-28T06:20:15","date_gmt":"2023-02-28T05:20:15","guid":{"rendered":"https:\/\/www.claret.cat\/llibre\/llibre-de-la-creacio-9788492416592\/"},"modified":"2023-02-28T06:20:21","modified_gmt":"2023-02-28T05:20:21","slug":"llibre-de-la-creacio-9788492416592","status":"publish","type":"product","link":"https:\/\/www.claret.cat\/es\/libro\/llibre-de-la-creacio-9788492416592\/","title":{"rendered":"LLIBRE DE LA CREACI\u00d3"},"content":{"rendered":"<p>Misteri \u00e9s la millor paraula per definir el Llibre de la Creaci\u00f3, un breu i antic opuscle d&#8217;especulaci\u00f3 cosmol\u00f2gica i cosmog\u00f2nica d&#8217;origen imprec\u00eds, de dif\u00edcil dataci\u00f3, d&#8217;autor desconegut, de contingut dif\u00fas, d&#8217;estil lac\u00f2nic i de sintaxi obscura, potser el text m\u00e9s enigm\u00e0tic de la literatura hebrea de tots els temps. Tanmateix, tot i la seva brevetat i les extremes dificultats per comprendre&#8217;n el missatge, mai tan poques paraules no havien tingut tant poder ni fascinat tantes ments preclares. El Llibre de la Creaci\u00f3 \u00e9s el primer assaig especulatiu conegut del pensament jueu en llengua hebrea i cal considerar-lo, per tant, com el s\u00f2col conceptual de diversos sistemes de la filosofia i la m\u00edstica judaiques. Pocs altres llibres en hebreu han exercit, despr\u00e9s de la cloenda de la redacci\u00f3 del Talmud, una influ\u00e8ncia tan decisiva en el desenvolupament del pensament jueu. Pel que fa espec\u00edficament a la literatura d&#8217;especulaci\u00f3 esotericom\u00edstica, el Llibre de la Creaci\u00f3 \u00e9s un text fonamental i indispensable. Pel que respecta a la c\u00e0bala jueva, \u00e9s un text fundacional i gaireb\u00e9 considerat sagrat.<\/p>\n","protected":false},"excerpt":{"rendered":"<p>DESCONOCIDO<\/p>\n","protected":false},"featured_media":407323,"template":"","meta":{"_acf_changed":false,"om_disable_all_campaigns":false,"rs_blank_template":"","rs_page_bg_color":"","slide_template_v7":"","inline_featured_image":false,"_monsterinsights_skip_tracking":false,"_monsterinsights_sitenote_active":false,"_monsterinsights_sitenote_note":"","_monsterinsights_sitenote_category":0},"product_brand":[],"product_cat":[90,540],"product_tag":[],"class_list":{"0":"post-407322","1":"product","2":"type-product","3":"status-publish","4":"has-post-thumbnail","6":"product_cat-altres","7":"product_cat-otros","9":"first","10":"instock","11":"taxable","12":"shipping-taxable","13":"purchasable","14":"product-type-simple"},"acf":{"autor":"DESCONOCIDO","codart":"849241659","libros-coleccion":"","ediciones":"1","encuadernacion":"R\u00fastica","fecha_de_publicacion":"01\/09\/2012","novedad":"0","paginas":"176","subtitulo":"","orden":"999","portada":"0","idioma":"cat","editorial":[{"ID":6258,"post_author":"3","post_date":"2022-07-28 17:48:20","post_date_gmt":"2022-07-28 15:48:20","post_content":"","post_title":"FRAGMENTA EDITORIAL","post_excerpt":"","post_status":"publish","comment_status":"closed","ping_status":"closed","post_password":"","post_name":"fragmenta-editorial","to_ping":"","pinged":"","post_modified":"2022-07-28 17:48:20","post_modified_gmt":"2022-07-28 15:48:20","post_content_filtered":"","post_parent":0,"guid":"http:\/\/dev.claret.cat\/editorial\/fragmenta-editorial\/","menu_order":0,"post_type":"editorial","post_mime_type":"","comment_count":"0","filter":"raw"}],"autores-libros":[{"ID":154099,"post_author":"3","post_date":"2022-10-14 15:02:05","post_date_gmt":"2022-10-14 13:02:05","post_content":"","post_title":"DESCONOCIDO","post_excerpt":"","post_status":"publish","comment_status":"closed","ping_status":"closed","post_password":"","post_name":"desconocido","to_ping":"","pinged":"","post_modified":"2022-10-14 15:02:05","post_modified_gmt":"2022-10-14 13:02:05","post_content_filtered":"","post_parent":0,"guid":"http:\/\/dev.claret.cat\/autor\/desconocido\/","menu_order":0,"post_type":"autor","post_mime_type":"","comment_count":"0","filter":"raw"}]},"aioseo_notices":[],"_links":{"self":[{"href":"https:\/\/www.claret.cat\/es\/wp-json\/wp\/v2\/product\/407322","targetHints":{"allow":["GET"]}}],"collection":[{"href":"https:\/\/www.claret.cat\/es\/wp-json\/wp\/v2\/product"}],"about":[{"href":"https:\/\/www.claret.cat\/es\/wp-json\/wp\/v2\/types\/product"}],"wp:featuredmedia":[{"embeddable":true,"href":"https:\/\/www.claret.cat\/es\/wp-json\/wp\/v2\/media\/407323"}],"wp:attachment":[{"href":"https:\/\/www.claret.cat\/es\/wp-json\/wp\/v2\/media?parent=407322"}],"wp:term":[{"taxonomy":"product_brand","embeddable":true,"href":"https:\/\/www.claret.cat\/es\/wp-json\/wp\/v2\/product_brand?post=407322"},{"taxonomy":"product_cat","embeddable":true,"href":"https:\/\/www.claret.cat\/es\/wp-json\/wp\/v2\/product_cat?post=407322"},{"taxonomy":"product_tag","embeddable":true,"href":"https:\/\/www.claret.cat\/es\/wp-json\/wp\/v2\/product_tag?post=407322"}],"curies":[{"name":"wp","href":"https:\/\/api.w.org\/{rel}","templated":true}]}}