{"id":407325,"date":"2023-02-28T06:20:26","date_gmt":"2023-02-28T05:20:26","guid":{"rendered":"https:\/\/www.claret.cat\/llibre\/religion-y-comunicacion-9788492416608\/"},"modified":"2023-02-28T06:20:33","modified_gmt":"2023-02-28T05:20:33","slug":"religion-y-comunicacion-9788492416608","status":"publish","type":"product","link":"https:\/\/www.claret.cat\/es\/libro\/religion-y-comunicacion-9788492416608\/","title":{"rendered":"RELIGI\u00d3N Y COMUNICACI\u00d3N"},"content":{"rendered":"<p>Las comunidades religiosas son lo que son en funci\u00f3n de la calidad o falta de calidad de sus transmisiones. La profunda crisis que experimentan las religiones constituidas no es m\u00e1s que una de las secuelas m\u00e1s negativas de su incapacidad para establecer corrientes polif\u00f3nicas de comunicaci\u00f3n y empat\u00eda entre sus creyentes y, en definitiva, entre los seres humanos con inquietudes espirituales. Cualquier futuro saludable y humanizador de la religi\u00f3n, la familia, la cultura y las formas pol\u00edticas depender\u00e1 de un modo directo de la salud de la palabra humana y de su oportuna contextualizaci\u00f3n comunicativa en cada aqu\u00ed y ahora.<\/p>\n<p>Llu\u00eds Duch expone con rigor y claridad la creciente importancia que adquieren hoy los medios de comunicaci\u00f3n como nueva estructura de acogida, en detrimento de las tres estructuras de acogida cl\u00e1sicas (codescendencia, corresidencia y cotrascendencia). Explora tambi\u00e9n el concepto de tradici\u00f3n, la importancia del s\u00edmbolo, la diferencia entre informaci\u00f3n y comunicaci\u00f3n, la crisis de confianza en las instituciones religosas, la aceleraci\u00f3n del tempo vital, la erosi\u00f3n de lo sagrado y la revoluci\u00f3n de lo cre\u00edble.<\/p>\n","protected":false},"excerpt":{"rendered":"<p>DUCH \u00c1LVAREZ, LLU\u00cdS<\/p>\n","protected":false},"featured_media":407326,"template":"","meta":{"_acf_changed":false,"om_disable_all_campaigns":false,"rs_blank_template":"","rs_page_bg_color":"","slide_template_v7":"","inline_featured_image":false,"_monsterinsights_skip_tracking":false,"_monsterinsights_sitenote_active":false,"_monsterinsights_sitenote_note":"","_monsterinsights_sitenote_category":0},"product_brand":[],"product_cat":[90,540],"product_tag":[],"class_list":{"0":"post-407325","1":"product","2":"type-product","3":"status-publish","4":"has-post-thumbnail","6":"product_cat-altres","7":"product_cat-otros","9":"first","10":"instock","11":"taxable","12":"shipping-taxable","13":"purchasable","14":"product-type-simple"},"acf":{"autor":"DUCH \u00c1LVAREZ, LLU\u00cdS","codart":"849241660","libros-coleccion":"","ediciones":"1","encuadernacion":"R\u00fastica","fecha_de_publicacion":"01\/09\/2012","novedad":"0","paginas":"480","subtitulo":"","orden":"999","portada":"0","idioma":"spa","editorial":[{"ID":6258,"post_author":"3","post_date":"2022-07-28 17:48:20","post_date_gmt":"2022-07-28 15:48:20","post_content":"","post_title":"FRAGMENTA EDITORIAL","post_excerpt":"","post_status":"publish","comment_status":"closed","ping_status":"closed","post_password":"","post_name":"fragmenta-editorial","to_ping":"","pinged":"","post_modified":"2022-07-28 17:48:20","post_modified_gmt":"2022-07-28 15:48:20","post_content_filtered":"","post_parent":0,"guid":"http:\/\/dev.claret.cat\/editorial\/fragmenta-editorial\/","menu_order":0,"post_type":"editorial","post_mime_type":"","comment_count":"0","filter":"raw"}],"autores-libros":[{"ID":162345,"post_author":"3","post_date":"2022-10-14 17:30:17","post_date_gmt":"2022-10-14 15:30:17","post_content":"","post_title":"LLU\u00cdS DUCH","post_excerpt":"","post_status":"publish","comment_status":"closed","ping_status":"closed","post_password":"","post_name":"lluis-duch","to_ping":"","pinged":"","post_modified":"2022-10-14 17:30:17","post_modified_gmt":"2022-10-14 15:30:17","post_content_filtered":"","post_parent":0,"guid":"http:\/\/dev.claret.cat\/autor\/lluis-duch\/","menu_order":0,"post_type":"autor","post_mime_type":"","comment_count":"0","filter":"raw"}]},"aioseo_notices":[],"_links":{"self":[{"href":"https:\/\/www.claret.cat\/es\/wp-json\/wp\/v2\/product\/407325","targetHints":{"allow":["GET"]}}],"collection":[{"href":"https:\/\/www.claret.cat\/es\/wp-json\/wp\/v2\/product"}],"about":[{"href":"https:\/\/www.claret.cat\/es\/wp-json\/wp\/v2\/types\/product"}],"wp:featuredmedia":[{"embeddable":true,"href":"https:\/\/www.claret.cat\/es\/wp-json\/wp\/v2\/media\/407326"}],"wp:attachment":[{"href":"https:\/\/www.claret.cat\/es\/wp-json\/wp\/v2\/media?parent=407325"}],"wp:term":[{"taxonomy":"product_brand","embeddable":true,"href":"https:\/\/www.claret.cat\/es\/wp-json\/wp\/v2\/product_brand?post=407325"},{"taxonomy":"product_cat","embeddable":true,"href":"https:\/\/www.claret.cat\/es\/wp-json\/wp\/v2\/product_cat?post=407325"},{"taxonomy":"product_tag","embeddable":true,"href":"https:\/\/www.claret.cat\/es\/wp-json\/wp\/v2\/product_tag?post=407325"}],"curies":[{"name":"wp","href":"https:\/\/api.w.org\/{rel}","templated":true}]}}