{"id":407328,"date":"2023-02-28T06:20:39","date_gmt":"2023-02-28T05:20:39","guid":{"rendered":"https:\/\/www.claret.cat\/llibre\/con-o-sin-dios-9788492416615\/"},"modified":"2025-04-22T17:50:06","modified_gmt":"2025-04-22T15:50:06","slug":"con-o-sin-dios-9788492416615","status":"publish","type":"product","link":"https:\/\/www.claret.cat\/es\/libro\/con-o-sin-dios-9788492416615\/","title":{"rendered":"CON O SIN DIOS"},"content":{"rendered":"<p>\u00abYo me considero un agn\u00f3stico amigo de las religiones, admirador de las religiones\u00bb, dice Vicen\u00e7 Villatoro. \u00abSoy un cristiano esc\u00e9ptico; un cristiano que busca, que trata de comprender mejor lo que cree\u00bb, dice Francesc Torralba.<\/p>\n<p>A lo largo de cuarenta cartas -veinte por corresponsal-, Francesc Torralba y Vicen\u00e7 Villatoro tratan temas como la pregunta por el sentido, Dios creado o Dios creador, lo sagrado y lo profano, la esfera religiosa y la esfera p\u00fablica, la muerte y el consuelo, una \u00e9tica sin Dios, la belleza, el misterio del mal, la transmisi\u00f3n de valores y convicciones, la existencia de los cristianos, la plaza p\u00fablica, la capacidad de celebrar y la espiritualidad sin fe.<\/p>\n<p>Es un di\u00e1logo de ideas, pero tambi\u00e9n de experiencias vividas durante el medio a\u00f1o de redacci\u00f3n, entre el inicio del veraneo y las celebraciones familiares de Navidad. Las cartas cruzadas entre Torralba y Villatoro confrontan no solo un creyente y un no creyente, sino tambi\u00e9n un fil\u00f3sofo y un escritor, un te\u00f3logo y un periodista. Y ambos convierten a menudo el epistolario -el \u00abg\u00e9nero del alma\u00bb- en un dietario: en la exposici\u00f3n abierta y desacomplejada de los senderos -interiores y exteriores- de la propia vida.<\/p>\n","protected":false},"excerpt":{"rendered":"<p>TORRALBA, FRANCESC; VILLATORO, VICEN\u00c7<\/p>\n","protected":false},"featured_media":407329,"template":"","meta":{"_acf_changed":false,"om_disable_all_campaigns":false,"rs_blank_template":"","rs_page_bg_color":"","slide_template_v7":"","inline_featured_image":false,"_monsterinsights_skip_tracking":false,"_monsterinsights_sitenote_active":false,"_monsterinsights_sitenote_note":"","_monsterinsights_sitenote_category":0},"product_brand":[],"product_cat":[90,540],"product_tag":[],"class_list":{"0":"post-407328","1":"product","2":"type-product","3":"status-publish","4":"has-post-thumbnail","6":"product_cat-altres","7":"product_cat-otros","9":"first","10":"instock","11":"taxable","12":"shipping-taxable","13":"purchasable","14":"product-type-simple"},"acf":{"autor":"TORRALBA, FRANCESC; VILLATORO, VICEN\u00c7","codart":"849241661","libros-coleccion":"","ediciones":"1","encuadernacion":"R\u00fastica","fecha_de_publicacion":"01\/09\/2012","novedad":"0","paginas":"384","subtitulo":"CUARENTA CARTAS CRUZADAS","orden":"999","portada":"0","idioma":"spa","editorial":[{"ID":6258,"post_author":"3","post_date":"2022-07-28 17:48:20","post_date_gmt":"2022-07-28 15:48:20","post_content":"","post_title":"FRAGMENTA EDITORIAL","post_excerpt":"","post_status":"publish","comment_status":"closed","ping_status":"closed","post_password":"","post_name":"fragmenta-editorial","to_ping":"","pinged":"","post_modified":"2022-07-28 17:48:20","post_modified_gmt":"2022-07-28 15:48:20","post_content_filtered":"","post_parent":0,"guid":"http:\/\/dev.claret.cat\/editorial\/fragmenta-editorial\/","menu_order":0,"post_type":"editorial","post_mime_type":"","comment_count":"0","filter":"raw"}],"autores-libros":[{"ID":170923,"post_author":"3","post_date":"2022-10-14 22:39:16","post_date_gmt":"2022-10-14 20:39:16","post_content":"","post_title":"VICEN\u00c7 VILLATORO","post_excerpt":"","post_status":"publish","comment_status":"closed","ping_status":"closed","post_password":"","post_name":"vicenc-villatoro","to_ping":"","pinged":"","post_modified":"2022-10-14 22:39:16","post_modified_gmt":"2022-10-14 20:39:16","post_content_filtered":"","post_parent":0,"guid":"http:\/\/dev.claret.cat\/autor\/vicenc-villatoro\/","menu_order":0,"post_type":"autor","post_mime_type":"","comment_count":"0","filter":"raw"},{"ID":311716,"post_author":"3","post_date":"2022-12-23 10:40:56","post_date_gmt":"2022-12-23 09:40:56","post_content":"","post_title":"TORRALBA, FRANCESC","post_excerpt":"","post_status":"publish","comment_status":"closed","ping_status":"closed","post_password":"","post_name":"torralba-francesc-4","to_ping":"","pinged":"","post_modified":"2022-12-23 10:40:56","post_modified_gmt":"2022-12-23 09:40:56","post_content_filtered":"","post_parent":0,"guid":"https:\/\/www.claret.cat\/autor\/torralba-francesc-4\/","menu_order":0,"post_type":"autor","post_mime_type":"","comment_count":"0","filter":"raw"}],"booktrailer":"","resenas":""},"aioseo_notices":[],"_links":{"self":[{"href":"https:\/\/www.claret.cat\/es\/wp-json\/wp\/v2\/product\/407328","targetHints":{"allow":["GET"]}}],"collection":[{"href":"https:\/\/www.claret.cat\/es\/wp-json\/wp\/v2\/product"}],"about":[{"href":"https:\/\/www.claret.cat\/es\/wp-json\/wp\/v2\/types\/product"}],"wp:featuredmedia":[{"embeddable":true,"href":"https:\/\/www.claret.cat\/es\/wp-json\/wp\/v2\/media\/407329"}],"wp:attachment":[{"href":"https:\/\/www.claret.cat\/es\/wp-json\/wp\/v2\/media?parent=407328"}],"wp:term":[{"taxonomy":"product_brand","embeddable":true,"href":"https:\/\/www.claret.cat\/es\/wp-json\/wp\/v2\/product_brand?post=407328"},{"taxonomy":"product_cat","embeddable":true,"href":"https:\/\/www.claret.cat\/es\/wp-json\/wp\/v2\/product_cat?post=407328"},{"taxonomy":"product_tag","embeddable":true,"href":"https:\/\/www.claret.cat\/es\/wp-json\/wp\/v2\/product_tag?post=407328"}],"curies":[{"name":"wp","href":"https:\/\/api.w.org\/{rel}","templated":true}]}}