{"id":407346,"date":"2023-02-28T06:22:19","date_gmt":"2023-02-28T05:22:19","guid":{"rendered":"https:\/\/www.claret.cat\/llibre\/anirem-tots-al-paradis-9788492416783\/"},"modified":"2024-04-05T18:55:06","modified_gmt":"2024-04-05T16:55:06","slug":"anirem-tots-al-paradis-9788492416783","status":"publish","type":"product","link":"https:\/\/www.claret.cat\/es\/libro\/anirem-tots-al-paradis-9788492416783\/","title":{"rendered":"ANIREM TOTS AL PARAD\u00cdS"},"content":{"rendered":"<p>El Judici Final ja no est\u00e0 de moda: ning\u00fa no enyora el terrorisme sagrat sobre el qual les Esgl\u00e9sies van establir el seu poder clerical. Despr\u00e9s de segles d&#8217;instrumentalitzaci\u00f3 de la culpabilitzaci\u00f3 malaltissa i la por de l&#8217;infern, \u00bfcal renunciar a la idea d&#8217;una retribuci\u00f3 dels actes de cadasc\u00fa? Si el D\u00e9u Jutge d&#8217;ahir \u00e9s mort, \u00bfhem acabat amb la q\u00fcesti\u00f3 del mal i de la responsabilitat? En les nostres societats secularitzades, els mites moderns i les s\u00e8ries pol\u00b7lic\u00edaques ens mostren que, de fet, la q\u00fcesti\u00f3 ens continua obsedint.<\/p>\n<p> La psicoanalista Marie Balmary i el te\u00f2leg Daniel Marguerat dialoguen en aquest llibre sobre el Judici Final. \u00bfHi haur\u00e0 \u00abplors i cruixir de dents\u00bb per a alguns o \u00abtots anirem al parad\u00eds\u00bb? Els autors s&#8217;enfronten a aquesta q\u00fcesti\u00f3 des de l&#8217;arrel: la dels textos b\u00edblics que en parlen d&#8217;una manera terriblement severa en aparen\u00e7a -fins i tot als Evangelis. Llegint-los en di\u00e0leg, Balmary i Marguerat descobreixen que aquests textos admeten una lectura diferent, una lectura que apel\u00b7la a una visi\u00f3 de l&#8217;home i del seu esdevenidor alliberada de la por. L&#8217;aud\u00e0cia d&#8217;aquest llibre a quatre mans rau a fer-nos descobrir una dimensi\u00f3 insospitada de les Escriptures b\u00edbliques.<\/p>\n","protected":false},"excerpt":{"rendered":"<p>BALMARY, MARIE \/ MARGUERA<\/p>\n","protected":false},"featured_media":407347,"template":"","meta":{"_acf_changed":false,"om_disable_all_campaigns":false,"rs_blank_template":"","rs_page_bg_color":"","slide_template_v7":"","inline_featured_image":false,"_monsterinsights_skip_tracking":false,"_monsterinsights_sitenote_active":false,"_monsterinsights_sitenote_note":"","_monsterinsights_sitenote_category":0},"product_brand":[],"product_cat":[76,342],"product_tag":[],"class_list":{"0":"post-407346","1":"product","2":"type-product","3":"status-publish","4":"has-post-thumbnail","6":"product_cat-teologia","7":"product_cat-teologia-1_espiritualidad","9":"first","10":"instock","11":"taxable","12":"shipping-taxable","13":"purchasable","14":"product-type-simple"},"acf":{"autor":"BALMARY, MARIE \/ MARGUERA","codart":"849241678","libros-coleccion":"Assaig","ediciones":"1","encuadernacion":"R\u00fastica","fecha_de_publicacion":"01\/08\/2013","novedad":"0","paginas":"160","subtitulo":"","orden":"999","portada":"0","idioma":"cat","editorial":[{"ID":6258,"post_author":"3","post_date":"2022-07-28 17:48:20","post_date_gmt":"2022-07-28 15:48:20","post_content":"","post_title":"FRAGMENTA EDITORIAL","post_excerpt":"","post_status":"publish","comment_status":"closed","ping_status":"closed","post_password":"","post_name":"fragmenta-editorial","to_ping":"","pinged":"","post_modified":"2022-07-28 17:48:20","post_modified_gmt":"2022-07-28 15:48:20","post_content_filtered":"","post_parent":0,"guid":"http:\/\/dev.claret.cat\/editorial\/fragmenta-editorial\/","menu_order":0,"post_type":"editorial","post_mime_type":"","comment_count":"0","filter":"raw"}],"autores-libros":[{"ID":163877,"post_author":"3","post_date":"2022-10-14 17:42:34","post_date_gmt":"2022-10-14 15:42:34","post_content":"","post_title":"MARIE BALMARY","post_excerpt":"","post_status":"publish","comment_status":"closed","ping_status":"closed","post_password":"","post_name":"marie-balmary","to_ping":"","pinged":"","post_modified":"2022-10-14 17:42:34","post_modified_gmt":"2022-10-14 15:42:34","post_content_filtered":"","post_parent":0,"guid":"http:\/\/dev.claret.cat\/autor\/marie-balmary\/","menu_order":0,"post_type":"autor","post_mime_type":"","comment_count":"0","filter":"raw"},{"ID":5378,"post_author":"3","post_date":"2022-07-28 17:22:41","post_date_gmt":"2022-07-28 15:22:41","post_content":"","post_title":"DANIEL MARGUERAT","post_excerpt":"","post_status":"publish","comment_status":"closed","ping_status":"closed","post_password":"","post_name":"daniel-marguerat","to_ping":"","pinged":"","post_modified":"2022-07-28 17:22:41","post_modified_gmt":"2022-07-28 15:22:41","post_content_filtered":"","post_parent":0,"guid":"http:\/\/dev.claret.cat\/autor\/daniel-marguerat\/","menu_order":0,"post_type":"autor","post_mime_type":"","comment_count":"0","filter":"raw"}]},"aioseo_notices":[],"_links":{"self":[{"href":"https:\/\/www.claret.cat\/es\/wp-json\/wp\/v2\/product\/407346","targetHints":{"allow":["GET"]}}],"collection":[{"href":"https:\/\/www.claret.cat\/es\/wp-json\/wp\/v2\/product"}],"about":[{"href":"https:\/\/www.claret.cat\/es\/wp-json\/wp\/v2\/types\/product"}],"wp:featuredmedia":[{"embeddable":true,"href":"https:\/\/www.claret.cat\/es\/wp-json\/wp\/v2\/media\/407347"}],"wp:attachment":[{"href":"https:\/\/www.claret.cat\/es\/wp-json\/wp\/v2\/media?parent=407346"}],"wp:term":[{"taxonomy":"product_brand","embeddable":true,"href":"https:\/\/www.claret.cat\/es\/wp-json\/wp\/v2\/product_brand?post=407346"},{"taxonomy":"product_cat","embeddable":true,"href":"https:\/\/www.claret.cat\/es\/wp-json\/wp\/v2\/product_cat?post=407346"},{"taxonomy":"product_tag","embeddable":true,"href":"https:\/\/www.claret.cat\/es\/wp-json\/wp\/v2\/product_tag?post=407346"}],"curies":[{"name":"wp","href":"https:\/\/api.w.org\/{rel}","templated":true}]}}