{"id":407349,"date":"2023-02-28T06:22:30","date_gmt":"2023-02-28T05:22:30","guid":{"rendered":"https:\/\/www.claret.cat\/llibre\/iremos-todos-al-paraiso-9788492416790\/"},"modified":"2023-02-28T06:22:36","modified_gmt":"2023-02-28T05:22:36","slug":"iremos-todos-al-paraiso-9788492416790","status":"publish","type":"product","link":"https:\/\/www.claret.cat\/es\/libro\/iremos-todos-al-paraiso-9788492416790\/","title":{"rendered":"IREMOS TODOS AL PARA\u00cdSO"},"content":{"rendered":"<p>El Juicio Final ya no est\u00e1 de moda: nadie echa de menos el terrorismo sagrado sobre el cual las Iglesias establecieron su poder clerical. Despu\u00e9s de siglos de instrumentalizaci\u00f3n de la culpabilizaci\u00f3n enfermiza y el miedo al infierno, \u00bfdebemos renunciar a la idea de una retribuci\u00f3n de los actos de cada uno? Si el Dios Juez de anta\u00f1o est\u00e1 muerto, \u00bfhemos acabado con la cuesti\u00f3n del mal y de la responsabilidad? En nuestras sociedades secularizadas, los mitos modernos y las series polic\u00edacas nos muestran que, de hecho, la cuesti\u00f3n nos contin\u00faa obsesionando.<br \/> La psicoanalista Marie Balmary y el te\u00f3logo Daniel Marguerat dialogan en este libro sobre el Juicio Final. \u00bfHabr\u00e1 \u00abllanto y crujir de dientes\u00bb para algunos o \u00abiremos todos al para\u00edso\u00bb? Los autores se enfrentan a esta cuesti\u00f3n desde la ra\u00edz: la de los textos b\u00edblicos que nos hablan de una manera terriblemente severa en apariencia -incluso en los Evangelios. Ley\u00e9ndolos en di\u00e1logo, Balmary y Marguerat descubren que estos textos admiten una lectura diferente, una lectura que apela a una visi\u00f3n del hombre y de su porvenir liberada del miedo. La audacia de este libro a cuatro manos radica en hacernos descubrir una dimensi\u00f3n insospechada de las Escrituras b\u00edblicas.<\/p>\n","protected":false},"excerpt":{"rendered":"<p>BALMARY, MARIE \/ MARGUERA<\/p>\n","protected":false},"featured_media":407350,"template":"","meta":{"_acf_changed":false,"om_disable_all_campaigns":false,"rs_blank_template":"","rs_page_bg_color":"","slide_template_v7":"","inline_featured_image":false,"_monsterinsights_skip_tracking":false,"_monsterinsights_sitenote_active":false,"_monsterinsights_sitenote_note":"","_monsterinsights_sitenote_category":0},"product_brand":[],"product_cat":[90,540],"product_tag":[],"class_list":{"0":"post-407349","1":"product","2":"type-product","3":"status-publish","4":"has-post-thumbnail","6":"product_cat-altres","7":"product_cat-otros","9":"first","10":"instock","11":"taxable","12":"shipping-taxable","13":"purchasable","14":"product-type-simple"},"acf":{"autor":"BALMARY, MARIE \/ MARGUERA","codart":"849241679","libros-coleccion":"","ediciones":"1","encuadernacion":"R\u00fastica","fecha_de_publicacion":"01\/08\/2013","novedad":"0","paginas":"160","subtitulo":"","orden":"999","portada":"0","idioma":"spa","editorial":[{"ID":6258,"post_author":"3","post_date":"2022-07-28 17:48:20","post_date_gmt":"2022-07-28 15:48:20","post_content":"","post_title":"FRAGMENTA EDITORIAL","post_excerpt":"","post_status":"publish","comment_status":"closed","ping_status":"closed","post_password":"","post_name":"fragmenta-editorial","to_ping":"","pinged":"","post_modified":"2022-07-28 17:48:20","post_modified_gmt":"2022-07-28 15:48:20","post_content_filtered":"","post_parent":0,"guid":"http:\/\/dev.claret.cat\/editorial\/fragmenta-editorial\/","menu_order":0,"post_type":"editorial","post_mime_type":"","comment_count":"0","filter":"raw"}],"autores-libros":[{"ID":163877,"post_author":"3","post_date":"2022-10-14 17:42:34","post_date_gmt":"2022-10-14 15:42:34","post_content":"","post_title":"MARIE BALMARY","post_excerpt":"","post_status":"publish","comment_status":"closed","ping_status":"closed","post_password":"","post_name":"marie-balmary","to_ping":"","pinged":"","post_modified":"2022-10-14 17:42:34","post_modified_gmt":"2022-10-14 15:42:34","post_content_filtered":"","post_parent":0,"guid":"http:\/\/dev.claret.cat\/autor\/marie-balmary\/","menu_order":0,"post_type":"autor","post_mime_type":"","comment_count":"0","filter":"raw"},{"ID":5378,"post_author":"3","post_date":"2022-07-28 17:22:41","post_date_gmt":"2022-07-28 15:22:41","post_content":"","post_title":"DANIEL MARGUERAT","post_excerpt":"","post_status":"publish","comment_status":"closed","ping_status":"closed","post_password":"","post_name":"daniel-marguerat","to_ping":"","pinged":"","post_modified":"2022-07-28 17:22:41","post_modified_gmt":"2022-07-28 15:22:41","post_content_filtered":"","post_parent":0,"guid":"http:\/\/dev.claret.cat\/autor\/daniel-marguerat\/","menu_order":0,"post_type":"autor","post_mime_type":"","comment_count":"0","filter":"raw"}]},"aioseo_notices":[],"_links":{"self":[{"href":"https:\/\/www.claret.cat\/es\/wp-json\/wp\/v2\/product\/407349","targetHints":{"allow":["GET"]}}],"collection":[{"href":"https:\/\/www.claret.cat\/es\/wp-json\/wp\/v2\/product"}],"about":[{"href":"https:\/\/www.claret.cat\/es\/wp-json\/wp\/v2\/types\/product"}],"wp:featuredmedia":[{"embeddable":true,"href":"https:\/\/www.claret.cat\/es\/wp-json\/wp\/v2\/media\/407350"}],"wp:attachment":[{"href":"https:\/\/www.claret.cat\/es\/wp-json\/wp\/v2\/media?parent=407349"}],"wp:term":[{"taxonomy":"product_brand","embeddable":true,"href":"https:\/\/www.claret.cat\/es\/wp-json\/wp\/v2\/product_brand?post=407349"},{"taxonomy":"product_cat","embeddable":true,"href":"https:\/\/www.claret.cat\/es\/wp-json\/wp\/v2\/product_cat?post=407349"},{"taxonomy":"product_tag","embeddable":true,"href":"https:\/\/www.claret.cat\/es\/wp-json\/wp\/v2\/product_tag?post=407349"}],"curies":[{"name":"wp","href":"https:\/\/api.w.org\/{rel}","templated":true}]}}