{"id":407379,"date":"2023-02-28T06:24:48","date_gmt":"2023-02-28T05:24:48","guid":{"rendered":"https:\/\/www.claret.cat\/llibre\/que-es-el-arte-9788492491292\/"},"modified":"2024-10-24T11:45:41","modified_gmt":"2024-10-24T09:45:41","slug":"que-es-el-arte-9788492491292","status":"publish","type":"product","link":"https:\/\/www.claret.cat\/es\/libro\/que-es-el-arte-9788492491292\/","title":{"rendered":"\u00bfQU\u00c9 ES EL ARTE?"},"content":{"rendered":"<p>En \u00bfQu\u00e9 es el arte?, el autor de Guerra y paz utiliza un brillante m\u00e9todo expositivo en el que, abandonando las estructuras narrativas, se\u00f1ala con claridad las tendencias, conceptos y digresiones m\u00e1s relevantes del arte a lo largo de la historia de la humanidad. En este volumen se desgrana con habilidad la urdimbre del hecho art\u00edstico y su concepci\u00f3n intelectual, la necesidad de transformar los par\u00e1metros occidentales que encorsetan el arte en la expresi\u00f3n m\u00e1s pura e \u00edntima del hombre. El conocimiento, cultura e intensidad que se despliegan en estas p\u00e1ginas deslumbran por su precisi\u00f3n y lucidez y por formar parte de un pensamiento fecundo, sutil y clarividente. Para Tolst\u00f3i, el arte est\u00e1 en todas partes: hay arte en la naturaleza, en la nana que canta la madre al ni\u00f1o, en la palabra justa, siempre y cuando esa manifestaci\u00f3n toque la tecla adecuada dentro del mundo sensible del individuo, ya que como su autor se\u00f1ala en este volumen: Para definir con correcci\u00f3n el arte es necesario, ante todo, dejar de ver en \u00e9l un motivo de gozo y de placer, y considerarlo como una de las condiciones intr\u00ednsecas de la vida humana. De esta manera se advierte que el arte es uno de los medios de comunicaci\u00f3n m\u00e1s directos y contundentes entre los seres humanos.<\/p>\n","protected":false},"excerpt":{"rendered":"<p>TOLSTOI, LE\u00d3N<\/p>\n","protected":false},"featured_media":407380,"template":"","meta":{"_acf_changed":false,"om_disable_all_campaigns":false,"rs_blank_template":"","rs_page_bg_color":"","slide_template_v7":"","inline_featured_image":false,"_monsterinsights_skip_tracking":false,"_monsterinsights_sitenote_active":false,"_monsterinsights_sitenote_note":"","_monsterinsights_sitenote_category":0},"product_brand":[],"product_cat":[353,87,105,555],"product_tag":[],"class_list":{"0":"post-407379","1":"product","2":"type-product","3":"status-publish","4":"has-post-thumbnail","6":"product_cat-literatura-2_humanidades","7":"product_cat-literatura","8":"product_cat-regal","9":"product_cat-regalo","11":"first","12":"instock","13":"taxable","14":"shipping-taxable","15":"purchasable","16":"product-type-simple"},"acf":{"autor":"TOLSTOI, LE\u00d3N","codart":"849249129","libros-coleccion":"","ediciones":"1","encuadernacion":"Carpeta","fecha_de_publicacion":"01\/04\/2013","novedad":"1","paginas":"209","subtitulo":"","orden":"0","portada":"0","idioma":"spa","editorial":[{"ID":262106,"post_author":"3","post_date":"2022-10-24 11:20:01","post_date_gmt":"2022-10-24 09:20:01","post_content":"","post_title":"ENEIDA, EDICIONES","post_excerpt":"","post_status":"publish","comment_status":"closed","ping_status":"closed","post_password":"","post_name":"eneida-ediciones","to_ping":"","pinged":"","post_modified":"2022-10-24 11:20:01","post_modified_gmt":"2022-10-24 09:20:01","post_content_filtered":"","post_parent":0,"guid":"http:\/\/dev.claret.cat\/editorial\/eneida-ediciones\/","menu_order":0,"post_type":"editorial","post_mime_type":"","comment_count":"0","filter":"raw"}],"autores-libros":[{"ID":162121,"post_author":"3","post_date":"2022-10-14 17:28:31","post_date_gmt":"2022-10-14 15:28:31","post_content":"","post_title":"LEON TOLSTOI","post_excerpt":"","post_status":"publish","comment_status":"closed","ping_status":"closed","post_password":"","post_name":"leon-tolstoi","to_ping":"","pinged":"","post_modified":"2022-10-14 17:28:31","post_modified_gmt":"2022-10-14 15:28:31","post_content_filtered":"","post_parent":0,"guid":"http:\/\/dev.claret.cat\/autor\/leon-tolstoi\/","menu_order":0,"post_type":"autor","post_mime_type":"","comment_count":"0","filter":"raw"}]},"aioseo_notices":[],"_links":{"self":[{"href":"https:\/\/www.claret.cat\/es\/wp-json\/wp\/v2\/product\/407379","targetHints":{"allow":["GET"]}}],"collection":[{"href":"https:\/\/www.claret.cat\/es\/wp-json\/wp\/v2\/product"}],"about":[{"href":"https:\/\/www.claret.cat\/es\/wp-json\/wp\/v2\/types\/product"}],"wp:featuredmedia":[{"embeddable":true,"href":"https:\/\/www.claret.cat\/es\/wp-json\/wp\/v2\/media\/407380"}],"wp:attachment":[{"href":"https:\/\/www.claret.cat\/es\/wp-json\/wp\/v2\/media?parent=407379"}],"wp:term":[{"taxonomy":"product_brand","embeddable":true,"href":"https:\/\/www.claret.cat\/es\/wp-json\/wp\/v2\/product_brand?post=407379"},{"taxonomy":"product_cat","embeddable":true,"href":"https:\/\/www.claret.cat\/es\/wp-json\/wp\/v2\/product_cat?post=407379"},{"taxonomy":"product_tag","embeddable":true,"href":"https:\/\/www.claret.cat\/es\/wp-json\/wp\/v2\/product_tag?post=407379"}],"curies":[{"name":"wp","href":"https:\/\/api.w.org\/{rel}","templated":true}]}}