{"id":407383,"date":"2023-02-28T06:25:02","date_gmt":"2023-02-28T05:25:02","guid":{"rendered":"https:\/\/www.claret.cat\/llibre\/la-alimentacion-como-medicina-9788492516810\/"},"modified":"2026-02-19T09:35:22","modified_gmt":"2026-02-19T08:35:22","slug":"la-alimentacion-como-medicina-9788492516810","status":"publish","type":"product","link":"https:\/\/www.claret.cat\/es\/libro\/la-alimentacion-como-medicina-9788492516810\/","title":{"rendered":"LA ALIMENTACI\u00d3N COMO MEDICINA"},"content":{"rendered":"<p> El uso pr\u00e1ctico de los principios nutricionales modernos permite activar nuestra fuerza sanadora interior y devolver el estado de equilibrio a nuestro cuerpo.<br \/>  La alimentaci\u00f3n est\u00e1 entre los principales factores que afectan a nuestros genes, ayudando a prevenir enfermedades y protegi\u00e9ndonos contra ellas.<br \/>  Contiene recomendaciones espec\u00edficas para diversas dolencias como la depresi\u00f3n, el c\u00e1ncer, el Alzheimer, el dolor cr\u00f3nico, las cardiopat\u00edas, etc.<\/p>\n<p> Los alimentos fueron la primera medicina de la humanidad y hoy, a pesar de todos los avances cient\u00edficos, siguen siendo la mejor. El doctor Dharma Singh Khalsa, una de las voces m\u00e1s autorizadas en el campo de la medicina integrativa, nos explica de forma clara y accesible de qu\u00e9 modo comer bien puede producir extraordinarios beneficios para nuestro cuerpo, nuestra mente y nuestro esp\u00edritu.<\/p>\n<p> El programa que nos propone el Dr. Khalsa ha demostrado ya su eficacia ante problemas como la hipertensi\u00f3n o el insomnio, o incluso para paliar dolencias graves como el c\u00e1ncer, el Alzheimer o la Hepatitis C. Un programa que combina la eficacia de los alimentos naturales con las terapias m\u00e1s avanzadas.  <\/p>\n<p> El programa se basa en una serie de principios cuya aplicaci\u00f3n nos permitir\u00e1 conseguir un excelente estado de salud. El Dr. Khalsa explica la importancia de desintoxicar el organismo, apostar por los productos naturales, seleccionar el tipo de prote\u00edna que consumimos, incluir zumos y suplementos, y sobre todo poner nuestra conciencia en lo que hacemos.<\/p>\n<p> Un libro lleno de descubrimientos sobre el poder de los alimentos: desde zumos de lechuga para combatir el estr\u00e9s, hasta las frutas que nos ayudan a superar la adicci\u00f3n a la nicotina o al alcohol&#8230; Incluye tambi\u00e9n una gran variedad de recetas a base de alimentos bajos en grasa, frutas y verduras, prote\u00ednas no procedentes de la carne&#8230; Y sugerencias para tener un momento de paz a la hora de comer.<\/p>\n<p> La sabidur\u00eda del yoga y los conocimientos cient\u00edficos sobre vitaminas y endorfinas se a\u00fanan con un objetivo: ense\u00f1arnos el camino que lleva a un estado de salud \u00f3ptimo y una aut\u00e9ntica revitalizaci\u00f3n espiritual.<\/p>\n","protected":false},"excerpt":{"rendered":"<p>SINGH KHALSA, DHARMA<\/p>\n","protected":false},"featured_media":1084820,"template":"","meta":{"_acf_changed":false,"om_disable_all_campaigns":false,"rs_blank_template":"","rs_page_bg_color":"","slide_template_v7":"","inline_featured_image":false,"_monsterinsights_skip_tracking":false,"_monsterinsights_sitenote_active":false,"_monsterinsights_sitenote_note":"","_monsterinsights_sitenote_category":0},"product_brand":[],"product_cat":[547,97],"product_tag":[],"class_list":{"0":"post-407383","1":"product","2":"type-product","3":"status-publish","4":"has-post-thumbnail","6":"product_cat-salud","7":"product_cat-salut","9":"first","10":"outofstock","11":"taxable","12":"shipping-taxable","13":"purchasable","14":"product-type-simple"},"acf":{"autor":"SINGH KHALSA, DHARMA","codart":"849251681","libros-coleccion":"","ediciones":"1","encuadernacion":"R\u00fastica","fecha_de_publicacion":"01\/09\/2009","novedad":"0","paginas":"512","subtitulo":"M\u00c1S SALUD Y VITALIDAD GRACIAS A LOS ALIMENTOS QUE CURAN","orden":"999","portada":"0","idioma":"spa","editorial":[{"ID":147561,"post_author":"3","post_date":"2022-10-14 11:51:31","post_date_gmt":"2022-10-14 09:51:31","post_content":"","post_title":"BOOKS4POCKET","post_excerpt":"","post_status":"publish","comment_status":"closed","ping_status":"closed","post_password":"","post_name":"books4pocket","to_ping":"","pinged":"","post_modified":"2022-10-14 11:51:31","post_modified_gmt":"2022-10-14 09:51:31","post_content_filtered":"","post_parent":0,"guid":"http:\/\/dev.claret.cat\/editorial\/books4pocket\/","menu_order":0,"post_type":"editorial","post_mime_type":"","comment_count":"0","filter":"raw"}],"autores-libros":[{"ID":407382,"post_author":"3","post_date":"2023-02-28 06:24:59","post_date_gmt":"2023-02-28 05:24:59","post_content":"","post_title":"DHARMA SINGH KHALSA","post_excerpt":"","post_status":"publish","comment_status":"closed","ping_status":"closed","post_password":"","post_name":"dharma-singh-khalsa","to_ping":"","pinged":"","post_modified":"2023-02-28 06:24:59","post_modified_gmt":"2023-02-28 05:24:59","post_content_filtered":"","post_parent":0,"guid":"https:\/\/www.claret.cat\/autor\/dharma-singh-khalsa\/","menu_order":0,"post_type":"autor","post_mime_type":"","comment_count":"0","filter":"raw"}],"booktrailer":"","resenas":""},"aioseo_notices":[],"_links":{"self":[{"href":"https:\/\/www.claret.cat\/es\/wp-json\/wp\/v2\/product\/407383","targetHints":{"allow":["GET"]}}],"collection":[{"href":"https:\/\/www.claret.cat\/es\/wp-json\/wp\/v2\/product"}],"about":[{"href":"https:\/\/www.claret.cat\/es\/wp-json\/wp\/v2\/types\/product"}],"wp:featuredmedia":[{"embeddable":true,"href":"https:\/\/www.claret.cat\/es\/wp-json\/wp\/v2\/media\/1084820"}],"wp:attachment":[{"href":"https:\/\/www.claret.cat\/es\/wp-json\/wp\/v2\/media?parent=407383"}],"wp:term":[{"taxonomy":"product_brand","embeddable":true,"href":"https:\/\/www.claret.cat\/es\/wp-json\/wp\/v2\/product_brand?post=407383"},{"taxonomy":"product_cat","embeddable":true,"href":"https:\/\/www.claret.cat\/es\/wp-json\/wp\/v2\/product_cat?post=407383"},{"taxonomy":"product_tag","embeddable":true,"href":"https:\/\/www.claret.cat\/es\/wp-json\/wp\/v2\/product_tag?post=407383"}],"curies":[{"name":"wp","href":"https:\/\/api.w.org\/{rel}","templated":true}]}}