{"id":407409,"date":"2023-02-28T06:26:47","date_gmt":"2023-02-28T05:26:47","guid":{"rendered":"https:\/\/www.claret.cat\/llibre\/la-pesta-9788492549542\/"},"modified":"2024-01-31T19:32:14","modified_gmt":"2024-01-31T18:32:14","slug":"la-pesta-9788492549542","status":"publish","type":"product","link":"https:\/\/www.claret.cat\/es\/libro\/la-pesta-9788492549542\/","title":{"rendered":"LA PESTA"},"content":{"rendered":"<p>La ciutat d&#8217;Or\u00e0, encara sota administraci\u00f3 francesa, \u00e9s assotada per una estranya malaltia que de seguida esdev\u00e9 una veritable d&#8217;epid\u00e8mia. Als habitants, els costa d&#8217;acceptar-ho, perqu\u00e8 un cas com aquest sembla un anacronisme, per\u00f2 no hi ha dubte: es tracta de la pesta. Es decreta el tancament i la incomunicaci\u00f3 de la ciutat, que haur\u00e0 d&#8217;afrontar la situaci\u00f3 amb les \u00faniques defenses que t\u00e9: els \u00e9ssers humans que li plantaran cara.<\/p>\n","protected":false},"excerpt":{"rendered":"<p>CAMUS, ALBERT<\/p>\n","protected":false},"featured_media":407410,"template":"","meta":{"_acf_changed":false,"om_disable_all_campaigns":false,"rs_blank_template":"","rs_page_bg_color":"","slide_template_v7":"","inline_featured_image":false,"_monsterinsights_skip_tracking":false,"_monsterinsights_sitenote_active":false,"_monsterinsights_sitenote_note":"","_monsterinsights_sitenote_category":0},"product_brand":[],"product_cat":[127,357],"product_tag":[],"class_list":{"0":"post-407409","1":"product","2":"type-product","3":"status-publish","4":"has-post-thumbnail","6":"product_cat-novella-contemporania","7":"product_cat-novela-contemporanea","9":"first","10":"instock","11":"taxable","12":"shipping-taxable","13":"purchasable","14":"product-type-simple"},"acf":{"autor":"CAMUS, ALBERT","codart":"849254954","libros-coleccion":"","ediciones":"1","encuadernacion":"R\u00fastica","fecha_de_publicacion":"27\/03\/2009","novedad":"0","paginas":"250","subtitulo":"","orden":"999","portada":"0","idioma":"cat","editorial":[{"ID":147869,"post_author":"3","post_date":"2022-10-14 11:53:50","post_date_gmt":"2022-10-14 09:53:50","post_content":"","post_title":"EDICIONS 62 S. A.-PENINSULA","post_excerpt":"","post_status":"publish","comment_status":"closed","ping_status":"closed","post_password":"","post_name":"edicions-62-s-a-peninsula","to_ping":"","pinged":"","post_modified":"2022-10-14 11:53:50","post_modified_gmt":"2022-10-14 09:53:50","post_content_filtered":"","post_parent":0,"guid":"http:\/\/dev.claret.cat\/editorial\/edicions-62-s-a-peninsula\/","menu_order":0,"post_type":"editorial","post_mime_type":"","comment_count":"0","filter":"raw"}],"autores-libros":[{"ID":149405,"post_author":"3","post_date":"2022-10-14 14:24:35","post_date_gmt":"2022-10-14 12:24:35","post_content":"","post_title":"ALBERT CAMUS","post_excerpt":"","post_status":"publish","comment_status":"closed","ping_status":"closed","post_password":"","post_name":"albert-camus","to_ping":"","pinged":"","post_modified":"2022-10-14 14:24:35","post_modified_gmt":"2022-10-14 12:24:35","post_content_filtered":"","post_parent":0,"guid":"http:\/\/dev.claret.cat\/autor\/albert-camus\/","menu_order":0,"post_type":"autor","post_mime_type":"","comment_count":"0","filter":"raw"}]},"aioseo_notices":[],"_links":{"self":[{"href":"https:\/\/www.claret.cat\/es\/wp-json\/wp\/v2\/product\/407409","targetHints":{"allow":["GET"]}}],"collection":[{"href":"https:\/\/www.claret.cat\/es\/wp-json\/wp\/v2\/product"}],"about":[{"href":"https:\/\/www.claret.cat\/es\/wp-json\/wp\/v2\/types\/product"}],"wp:featuredmedia":[{"embeddable":true,"href":"https:\/\/www.claret.cat\/es\/wp-json\/wp\/v2\/media\/407410"}],"wp:attachment":[{"href":"https:\/\/www.claret.cat\/es\/wp-json\/wp\/v2\/media?parent=407409"}],"wp:term":[{"taxonomy":"product_brand","embeddable":true,"href":"https:\/\/www.claret.cat\/es\/wp-json\/wp\/v2\/product_brand?post=407409"},{"taxonomy":"product_cat","embeddable":true,"href":"https:\/\/www.claret.cat\/es\/wp-json\/wp\/v2\/product_cat?post=407409"},{"taxonomy":"product_tag","embeddable":true,"href":"https:\/\/www.claret.cat\/es\/wp-json\/wp\/v2\/product_tag?post=407409"}],"curies":[{"name":"wp","href":"https:\/\/api.w.org\/{rel}","templated":true}]}}