{"id":407525,"date":"2023-02-28T06:36:51","date_gmt":"2023-02-28T05:36:51","guid":{"rendered":"https:\/\/www.claret.cat\/llibre\/asi-se-vence-al-demonio-9788492654949\/"},"modified":"2024-04-30T16:50:41","modified_gmt":"2024-04-30T14:50:41","slug":"asi-se-vence-al-demonio-9788492654949","status":"publish","type":"product","link":"https:\/\/www.claret.cat\/es\/libro\/asi-se-vence-al-demonio-9788492654949\/","title":{"rendered":"AS\u00cd SE VENCE AL DEMONIO"},"content":{"rendered":"<p>La posesi\u00f3n es uno de los fen\u00f3menos m\u00e1s desconcertantes en la actividad del demonio. La Iglesia procede con suma cautela antes de autorizar un exorcismo, y s\u00f3lo concede la facultad de practi- carlos a un n\u00famero muy reducido de sacerdotes. No es f\u00e1cil que hablen las v\u00edctimas, ni tampoco que los exorcistas cuenten su ex- periencia. Jos\u00e9 Mar\u00eda Zavala ha roto ambas barreras. Ofrece al lector el testi- monio de quienes han sufrido esa devastadora invasi\u00f3n y de quie- nes les han librado de ella. Es una lucha singular que nos asoma de forma directa al abismo del mal y nos invita a no tomar a broma nada que tenga que ver con Lucifer ni con sus trampas: el satanismo, la hechicer\u00eda, el es- piritismo, la adivinaci\u00f3n, la magia negra&#8230; Frente a ese mundo de la oscuridad, As\u00ed se vence al demonio aporta un torrente de esperanza. Nos recuerda que el poder del diablo es inmenso frente al hombre aislado, pero se esfuma ante el nombre de Jes\u00fas y la realidad palpable del amor de Dios.<\/p>\n","protected":false},"excerpt":{"rendered":"<p>ZAVALA, JOS\u00c9 MAR\u00cdA<\/p>\n","protected":false},"featured_media":407526,"template":"","meta":{"_acf_changed":false,"om_disable_all_campaigns":false,"rs_blank_template":"","rs_page_bg_color":"","slide_template_v7":"","inline_featured_image":false,"_monsterinsights_skip_tracking":false,"_monsterinsights_sitenote_active":false,"_monsterinsights_sitenote_note":"","_monsterinsights_sitenote_category":0},"product_brand":[],"product_cat":[90,540],"product_tag":[],"class_list":{"0":"post-407525","1":"product","2":"type-product","3":"status-publish","4":"has-post-thumbnail","6":"product_cat-altres","7":"product_cat-otros","9":"first","10":"instock","11":"taxable","12":"shipping-taxable","13":"purchasable","14":"product-type-simple"},"acf":{"autor":"ZAVALA, JOS\u00c9 MAR\u00cdA","codart":"849265494","libros-coleccion":"","ediciones":"1","encuadernacion":"R\u00fastica","fecha_de_publicacion":"01\/03\/2012","novedad":"0","paginas":"260","subtitulo":"","orden":"999","portada":"0","idioma":"spa","editorial":[{"ID":148440,"post_author":"3","post_date":"2022-10-14 11:58:15","post_date_gmt":"2022-10-14 09:58:15","post_content":"","post_title":"LIBROSLIBRES","post_excerpt":"","post_status":"publish","comment_status":"closed","ping_status":"closed","post_password":"","post_name":"libroslibres","to_ping":"","pinged":"","post_modified":"2022-10-14 11:58:15","post_modified_gmt":"2022-10-14 09:58:15","post_content_filtered":"","post_parent":0,"guid":"http:\/\/dev.claret.cat\/editorial\/libroslibres\/","menu_order":0,"post_type":"editorial","post_mime_type":"","comment_count":"0","filter":"raw"}],"autores-libros":[{"ID":5646,"post_author":"3","post_date":"2022-07-28 17:28:27","post_date_gmt":"2022-07-28 15:28:27","post_content":"","post_title":"JOS\u00c9 MAR\u00cdA ZAVALA","post_excerpt":"","post_status":"publish","comment_status":"closed","ping_status":"closed","post_password":"","post_name":"jose-maria-zavala","to_ping":"","pinged":"","post_modified":"2022-07-28 17:28:27","post_modified_gmt":"2022-07-28 15:28:27","post_content_filtered":"","post_parent":0,"guid":"http:\/\/dev.claret.cat\/autor\/jose-maria-zavala\/","menu_order":0,"post_type":"autor","post_mime_type":"","comment_count":"0","filter":"raw"}]},"aioseo_notices":[],"_links":{"self":[{"href":"https:\/\/www.claret.cat\/es\/wp-json\/wp\/v2\/product\/407525","targetHints":{"allow":["GET"]}}],"collection":[{"href":"https:\/\/www.claret.cat\/es\/wp-json\/wp\/v2\/product"}],"about":[{"href":"https:\/\/www.claret.cat\/es\/wp-json\/wp\/v2\/types\/product"}],"wp:featuredmedia":[{"embeddable":true,"href":"https:\/\/www.claret.cat\/es\/wp-json\/wp\/v2\/media\/407526"}],"wp:attachment":[{"href":"https:\/\/www.claret.cat\/es\/wp-json\/wp\/v2\/media?parent=407525"}],"wp:term":[{"taxonomy":"product_brand","embeddable":true,"href":"https:\/\/www.claret.cat\/es\/wp-json\/wp\/v2\/product_brand?post=407525"},{"taxonomy":"product_cat","embeddable":true,"href":"https:\/\/www.claret.cat\/es\/wp-json\/wp\/v2\/product_cat?post=407525"},{"taxonomy":"product_tag","embeddable":true,"href":"https:\/\/www.claret.cat\/es\/wp-json\/wp\/v2\/product_tag?post=407525"}],"curies":[{"name":"wp","href":"https:\/\/api.w.org\/{rel}","templated":true}]}}