{"id":407568,"date":"2023-02-28T06:39:43","date_gmt":"2023-02-28T05:39:43","guid":{"rendered":"https:\/\/www.claret.cat\/llibre\/el-misterios-lladre-de-formatges-no36-9788492671960\/"},"modified":"2024-02-14T19:36:55","modified_gmt":"2024-02-14T18:36:55","slug":"el-misterios-lladre-de-formatges-no36-9788492671960","status":"publish","type":"product","link":"https:\/\/www.claret.cat\/es\/libro\/el-misterios-lladre-de-formatges-no36-9788492671960\/","title":{"rendered":"EL MISTERI\u00d3S LLADRE DE FORMATGES (N\u00ba36)"},"content":{"rendered":"<p>I per qu\u00e8 he de marxar a la Gran Bretanya, on es produeix un fam\u00f3s formatge que justament es diu Stilton? I qu\u00e8 hi tinc a veure jo amb un misteri\u00f3s rosegador que ha robat totes les peces de formatge&#8230; &#8216;Stilton&#8217;?<\/p>\n","protected":false},"excerpt":{"rendered":"<p>STILTON, GERONIMO<\/p>\n","protected":false},"featured_media":407569,"template":"","meta":{"_acf_changed":false,"om_disable_all_campaigns":false,"rs_blank_template":"","rs_page_bg_color":"","slide_template_v7":"","inline_featured_image":false,"_monsterinsights_skip_tracking":false,"_monsterinsights_sitenote_active":false,"_monsterinsights_sitenote_note":"","_monsterinsights_sitenote_category":0},"product_brand":[],"product_cat":[90,540],"product_tag":[],"class_list":{"0":"post-407568","1":"product","2":"type-product","3":"status-publish","4":"has-post-thumbnail","6":"product_cat-altres","7":"product_cat-otros","9":"first","10":"instock","11":"taxable","12":"shipping-taxable","13":"purchasable","14":"product-type-simple"},"acf":{"autor":"STILTON, GERONIMO","codart":"849267196","libros-coleccion":"","ediciones":"1","encuadernacion":"R\u00fastica","fecha_de_publicacion":"01\/06\/2009","novedad":"0","paginas":"113","subtitulo":"","orden":"999","portada":"0","idioma":"spa","editorial":[{"ID":148121,"post_author":"3","post_date":"2022-10-14 11:55:48","post_date_gmt":"2022-10-14 09:55:48","post_content":"","post_title":"ESTRELLA POLAR","post_excerpt":"","post_status":"publish","comment_status":"closed","ping_status":"closed","post_password":"","post_name":"estrella-polar-2","to_ping":"","pinged":"","post_modified":"2022-10-14 11:55:48","post_modified_gmt":"2022-10-14 09:55:48","post_content_filtered":"","post_parent":0,"guid":"http:\/\/dev.claret.cat\/editorial\/estrella-polar-2\/","menu_order":0,"post_type":"editorial","post_mime_type":"","comment_count":"0","filter":"raw"}],"autores-libros":[{"ID":5510,"post_author":"3","post_date":"2022-07-28 17:25:32","post_date_gmt":"2022-07-28 15:25:32","post_content":"","post_title":"GERONIMO STILTON","post_excerpt":"","post_status":"publish","comment_status":"closed","ping_status":"closed","post_password":"","post_name":"geronimo-stilton","to_ping":"","pinged":"","post_modified":"2022-07-28 17:25:32","post_modified_gmt":"2022-07-28 15:25:32","post_content_filtered":"","post_parent":0,"guid":"http:\/\/dev.claret.cat\/autor\/geronimo-stilton\/","menu_order":0,"post_type":"autor","post_mime_type":"","comment_count":"0","filter":"raw"}]},"aioseo_notices":[],"_links":{"self":[{"href":"https:\/\/www.claret.cat\/es\/wp-json\/wp\/v2\/product\/407568","targetHints":{"allow":["GET"]}}],"collection":[{"href":"https:\/\/www.claret.cat\/es\/wp-json\/wp\/v2\/product"}],"about":[{"href":"https:\/\/www.claret.cat\/es\/wp-json\/wp\/v2\/types\/product"}],"wp:featuredmedia":[{"embeddable":true,"href":"https:\/\/www.claret.cat\/es\/wp-json\/wp\/v2\/media\/407569"}],"wp:attachment":[{"href":"https:\/\/www.claret.cat\/es\/wp-json\/wp\/v2\/media?parent=407568"}],"wp:term":[{"taxonomy":"product_brand","embeddable":true,"href":"https:\/\/www.claret.cat\/es\/wp-json\/wp\/v2\/product_brand?post=407568"},{"taxonomy":"product_cat","embeddable":true,"href":"https:\/\/www.claret.cat\/es\/wp-json\/wp\/v2\/product_cat?post=407568"},{"taxonomy":"product_tag","embeddable":true,"href":"https:\/\/www.claret.cat\/es\/wp-json\/wp\/v2\/product_tag?post=407568"}],"curies":[{"name":"wp","href":"https:\/\/api.w.org\/{rel}","templated":true}]}}