{"id":40767,"date":"2022-10-02T19:30:06","date_gmt":"2022-10-02T17:30:06","guid":{"rendered":"http:\/\/dev.claret.cat\/producte\/una-ultima-parada\/"},"modified":"2025-04-07T12:00:26","modified_gmt":"2025-04-07T10:00:26","slug":"una-ultima-parada-9788427224667","status":"publish","type":"product","link":"https:\/\/www.claret.cat\/es\/libro\/una-ultima-parada-9788427224667\/","title":{"rendered":"UNA \u00daLTIMA PARADA"},"content":{"rendered":"<p>La esperada nueva novela de la autora de Rojo, blanco y sangre azul. August, una joven de veintitr\u00e9s a\u00f1os, no cree en casi nada. Ni en los  videntes, ni en las amistades que se entablan con facilidad, ni en  encontrar esa clase de amor que sale en las pel\u00edculas. Entonces llega  Jane. La misteriosa e imposible Jane. Con mucho car\u00e1cter, una sonrisa  amable y el pelo alborotado, aparece para ayudar a August cuando ella m\u00e1s lo necesita. Jane es la persona que August sue\u00f1a encontrarse en el vag\u00f3n del metro  d\u00eda tras d\u00eda. Pero pronto se topa con un gran problema: Jane no solo  parece una punk de los setenta, lo es. Est\u00e1 atrapada en esa l\u00ednea de  metro y August tendr\u00e1 que utilizar todo lo que ha intentado dejar atr\u00e1s  para ayudarla. Despu\u00e9s de todo, quiz\u00e1s haya llegado el momento de empezar a creer en ciertas cosas.<\/p>\n","protected":false},"excerpt":{"rendered":"<p>MCQUISTON, CASEY<\/p>\n","protected":false},"featured_media":57213,"template":"","meta":{"_acf_changed":false,"om_disable_all_campaigns":false,"rs_blank_template":"","rs_page_bg_color":"","slide_template_v7":"","inline_featured_image":false,"_monsterinsights_skip_tracking":false,"_monsterinsights_sitenote_active":false,"_monsterinsights_sitenote_note":"","_monsterinsights_sitenote_category":0},"product_brand":[],"product_cat":[133,363],"product_tag":[],"class_list":{"0":"post-40767","1":"product","2":"type-product","3":"status-publish","4":"has-post-thumbnail","6":"product_cat-lectures-per-adolescents-12-18-anys","7":"product_cat-lecturas-por-adolescentes-12-18-anos","9":"first","10":"instock","11":"taxable","12":"shipping-taxable","13":"purchasable","14":"product-type-simple"},"acf":{"autor":"MCQUISTON, CASEY","codart":"842722466","libros-coleccion":"FORA DE COL.LECCI\u00d3","ediciones":"1","encuadernacion":"R\u00fastica","fecha_de_publicacion":"01\/10\/2021","novedad":"1","paginas":"492","subtitulo":"","orden":"0","portada":"0","idioma":"spa","editorial":[{"ID":6346,"post_author":"3","post_date":"2022-07-28 17:50:13","post_date_gmt":"2022-07-28 15:50:13","post_content":"","post_title":"RBA Molino","post_excerpt":"","post_status":"publish","comment_status":"closed","ping_status":"closed","post_password":"","post_name":"rba-molino","to_ping":"","pinged":"","post_modified":"2022-07-28 17:50:13","post_modified_gmt":"2022-07-28 15:50:13","post_content_filtered":"","post_parent":0,"guid":"http:\/\/dev.claret.cat\/editorial\/rba-molino\/","menu_order":0,"post_type":"editorial","post_mime_type":"","comment_count":"0","filter":"raw"}],"autores-libros":[{"ID":152543,"post_author":"3","post_date":"2022-10-14 14:49:37","post_date_gmt":"2022-10-14 12:49:37","post_content":"","post_title":"CASEY MCQUISTON","post_excerpt":"","post_status":"publish","comment_status":"closed","ping_status":"closed","post_password":"","post_name":"casey-mcquiston","to_ping":"","pinged":"","post_modified":"2022-10-14 14:49:37","post_modified_gmt":"2022-10-14 12:49:37","post_content_filtered":"","post_parent":0,"guid":"http:\/\/dev.claret.cat\/autor\/casey-mcquiston\/","menu_order":0,"post_type":"autor","post_mime_type":"","comment_count":"0","filter":"raw"}]},"aioseo_notices":[],"_links":{"self":[{"href":"https:\/\/www.claret.cat\/es\/wp-json\/wp\/v2\/product\/40767","targetHints":{"allow":["GET"]}}],"collection":[{"href":"https:\/\/www.claret.cat\/es\/wp-json\/wp\/v2\/product"}],"about":[{"href":"https:\/\/www.claret.cat\/es\/wp-json\/wp\/v2\/types\/product"}],"wp:featuredmedia":[{"embeddable":true,"href":"https:\/\/www.claret.cat\/es\/wp-json\/wp\/v2\/media\/57213"}],"wp:attachment":[{"href":"https:\/\/www.claret.cat\/es\/wp-json\/wp\/v2\/media?parent=40767"}],"wp:term":[{"taxonomy":"product_brand","embeddable":true,"href":"https:\/\/www.claret.cat\/es\/wp-json\/wp\/v2\/product_brand?post=40767"},{"taxonomy":"product_cat","embeddable":true,"href":"https:\/\/www.claret.cat\/es\/wp-json\/wp\/v2\/product_cat?post=40767"},{"taxonomy":"product_tag","embeddable":true,"href":"https:\/\/www.claret.cat\/es\/wp-json\/wp\/v2\/product_tag?post=40767"}],"curies":[{"name":"wp","href":"https:\/\/api.w.org\/{rel}","templated":true}]}}