{"id":40785,"date":"2022-10-02T19:30:25","date_gmt":"2022-10-02T17:30:25","guid":{"rendered":"http:\/\/dev.claret.cat\/producte\/lhorror-de-dunwich\/"},"modified":"2023-10-06T10:28:33","modified_gmt":"2023-10-06T08:28:33","slug":"lhorror-de-dunwich-9788418292644","status":"publish","type":"product","link":"https:\/\/www.claret.cat\/es\/libro\/lhorror-de-dunwich-9788418292644\/","title":{"rendered":"L&#8217;HORROR DE DUNWICH"},"content":{"rendered":"<p>En el poblet de Dunwich, Massachusetts, neix i creix Wilbur Whateley, una criatura<br \/> horrible que des de ben petit t\u00e9 atemorits persones i animals. Instru\u00eft pel seu avi en la m\u00e0gia negra i la bruixeria, voldr\u00e0 accedir als coneixements d&#8217;un llibre prohibit, el Necronomicon, per obrir el portal dimensional que permeti el retorn de Yog-Sothoth, i aix\u00ed propiciar l&#8217;apocalipsi. Tres professors de la Universitat d&#8217;Arkham, per\u00f2, provaran d&#8217;impedir-ho, a risc de perdre-hi la vida&#8230; i el seny. <br \/> Publicat per primer cop el 1929 a la revista Weird Tales, \u00abL&#8217;horror de Dunwich\u00bb \u00e9s un dels \u00abgrans textos\u00bb de Lovecraft i una de les peces centrals dels seus c\u00e8lebres Mites de Cthulhu.<br \/> \u00abEls millors relats d&#8217;H. P. Lovecraft s\u00f3n el m\u00e9s terror\u00edfic que ha donat la literatura nord-americana, i conserven intacte tot el seu poder.\u00bb<br \/> Stephen King<\/p>\n","protected":false},"excerpt":{"rendered":"<p>LOVECRAFT, HOWARD PHILLIPS<\/p>\n","protected":false},"featured_media":454200,"template":"","meta":{"_acf_changed":false,"om_disable_all_campaigns":false,"rs_blank_template":"","rs_page_bg_color":"","slide_template_v7":"","inline_featured_image":false,"_monsterinsights_skip_tracking":false,"_monsterinsights_sitenote_active":false,"_monsterinsights_sitenote_note":"","_monsterinsights_sitenote_category":0},"product_brand":[],"product_cat":[123],"product_tag":[],"class_list":{"0":"post-40785","1":"product","2":"type-product","3":"status-publish","4":"has-post-thumbnail","6":"product_cat-classica","8":"first","9":"instock","10":"taxable","11":"shipping-taxable","12":"purchasable","13":"product-type-simple"},"acf":{"autor":"LOVECRAFT, HOWARD PHILLIPS","codart":"841829264","libros-coleccion":"CATALAN LAERTES","ediciones":"1","encuadernacion":"R\u00fastica","fecha_de_publicacion":"01\/03\/2022","novedad":"1","paginas":"115","subtitulo":"","orden":"0","portada":"0","idioma":"cat","editorial":[{"ID":6282,"post_author":"3","post_date":"2022-07-28 17:48:51","post_date_gmt":"2022-07-28 15:48:51","post_content":"","post_title":"Laertes editorial","post_excerpt":"","post_status":"publish","comment_status":"closed","ping_status":"closed","post_password":"","post_name":"laertes-editorial","to_ping":"","pinged":"","post_modified":"2022-07-28 17:48:51","post_modified_gmt":"2022-07-28 15:48:51","post_content_filtered":"","post_parent":0,"guid":"http:\/\/dev.claret.cat\/editorial\/laertes-editorial\/","menu_order":0,"post_type":"editorial","post_mime_type":"","comment_count":"0","filter":"raw"}],"autores-libros":[{"ID":157657,"post_author":"3","post_date":"2022-10-14 15:30:34","post_date_gmt":"2022-10-14 13:30:34","post_content":"","post_title":"HOWARD PHILLIPS LOVECRAFT","post_excerpt":"","post_status":"publish","comment_status":"closed","ping_status":"closed","post_password":"","post_name":"howard-phillips-lovecraft","to_ping":"","pinged":"","post_modified":"2022-10-14 15:30:34","post_modified_gmt":"2022-10-14 13:30:34","post_content_filtered":"","post_parent":0,"guid":"http:\/\/dev.claret.cat\/autor\/howard-phillips-lovecraft\/","menu_order":0,"post_type":"autor","post_mime_type":"","comment_count":"0","filter":"raw"}]},"aioseo_notices":[],"_links":{"self":[{"href":"https:\/\/www.claret.cat\/es\/wp-json\/wp\/v2\/product\/40785","targetHints":{"allow":["GET"]}}],"collection":[{"href":"https:\/\/www.claret.cat\/es\/wp-json\/wp\/v2\/product"}],"about":[{"href":"https:\/\/www.claret.cat\/es\/wp-json\/wp\/v2\/types\/product"}],"wp:featuredmedia":[{"embeddable":true,"href":"https:\/\/www.claret.cat\/es\/wp-json\/wp\/v2\/media\/454200"}],"wp:attachment":[{"href":"https:\/\/www.claret.cat\/es\/wp-json\/wp\/v2\/media?parent=40785"}],"wp:term":[{"taxonomy":"product_brand","embeddable":true,"href":"https:\/\/www.claret.cat\/es\/wp-json\/wp\/v2\/product_brand?post=40785"},{"taxonomy":"product_cat","embeddable":true,"href":"https:\/\/www.claret.cat\/es\/wp-json\/wp\/v2\/product_cat?post=40785"},{"taxonomy":"product_tag","embeddable":true,"href":"https:\/\/www.claret.cat\/es\/wp-json\/wp\/v2\/product_tag?post=40785"}],"curies":[{"name":"wp","href":"https:\/\/api.w.org\/{rel}","templated":true}]}}