{"id":407933,"date":"2023-02-28T07:02:39","date_gmt":"2023-02-28T06:02:39","guid":{"rendered":"https:\/\/www.claret.cat\/llibre\/recetas-para-bebes-y-ninos-fiestas-y-celebraciones-15-anos-9788493476403\/"},"modified":"2023-02-28T07:02:45","modified_gmt":"2023-02-28T06:02:45","slug":"recetas-para-bebes-y-ninos-fiestas-y-celebraciones-15-anos-9788493476403","status":"publish","type":"product","link":"https:\/\/www.claret.cat\/es\/libro\/recetas-para-bebes-y-ninos-fiestas-y-celebraciones-15-anos-9788493476403\/","title":{"rendered":"RECETAS PARA BEB\u00c9S Y NI\u00d1OS: FIESTAS Y CELEBRACIONES (1-5 A\u00d1OS)"},"content":{"rendered":"","protected":false},"excerpt":{"rendered":"<p>ROMO,EDURNE<\/p>\n","protected":false},"featured_media":407934,"template":"","meta":{"_acf_changed":false,"om_disable_all_campaigns":false,"rs_blank_template":"","rs_page_bg_color":"","slide_template_v7":"","inline_featured_image":false,"_monsterinsights_skip_tracking":false,"_monsterinsights_sitenote_active":false,"_monsterinsights_sitenote_note":"","_monsterinsights_sitenote_category":0},"product_brand":[],"product_cat":[100,550],"product_tag":[],"class_list":{"0":"post-407933","1":"product","2":"type-product","3":"status-publish","4":"has-post-thumbnail","6":"product_cat-escola-de-pares","7":"product_cat-escuela-de-padres-3_infantil-juvenil-spa-spa","9":"first","10":"instock","11":"taxable","12":"shipping-taxable","13":"purchasable","14":"product-type-simple"},"acf":{"autor":"ROMO,EDURNE","codart":"849347640","libros-coleccion":"SUSHI BOOKS","ediciones":"1","encuadernacion":"Carton\u00e9","fecha_de_publicacion":"01\/01\/2006","novedad":"1","paginas":"54","subtitulo":"","orden":"0","portada":"0","idioma":"spa","editorial":[{"ID":148809,"post_author":"3","post_date":"2022-10-14 12:01:09","post_date_gmt":"2022-10-14 10:01:09","post_content":"","post_title":"Sfera Editores Espa\u00f1a","post_excerpt":"","post_status":"publish","comment_status":"closed","ping_status":"closed","post_password":"","post_name":"sfera-editores-espana","to_ping":"","pinged":"","post_modified":"2022-10-14 12:01:09","post_modified_gmt":"2022-10-14 10:01:09","post_content_filtered":"","post_parent":0,"guid":"http:\/\/dev.claret.cat\/editorial\/sfera-editores-espana\/","menu_order":0,"post_type":"editorial","post_mime_type":"","comment_count":"0","filter":"raw"}],"autores-libros":[{"ID":407905,"post_author":"3","post_date":"2023-02-28 07:00:48","post_date_gmt":"2023-02-28 06:00:48","post_content":"","post_title":"EDURNE ROMO","post_excerpt":"","post_status":"publish","comment_status":"closed","ping_status":"closed","post_password":"","post_name":"edurne-romo","to_ping":"","pinged":"","post_modified":"2023-02-28 07:00:48","post_modified_gmt":"2023-02-28 06:00:48","post_content_filtered":"","post_parent":0,"guid":"https:\/\/www.claret.cat\/autor\/edurne-romo\/","menu_order":0,"post_type":"autor","post_mime_type":"","comment_count":"0","filter":"raw"}]},"aioseo_notices":[],"_links":{"self":[{"href":"https:\/\/www.claret.cat\/es\/wp-json\/wp\/v2\/product\/407933","targetHints":{"allow":["GET"]}}],"collection":[{"href":"https:\/\/www.claret.cat\/es\/wp-json\/wp\/v2\/product"}],"about":[{"href":"https:\/\/www.claret.cat\/es\/wp-json\/wp\/v2\/types\/product"}],"wp:featuredmedia":[{"embeddable":true,"href":"https:\/\/www.claret.cat\/es\/wp-json\/wp\/v2\/media\/407934"}],"wp:attachment":[{"href":"https:\/\/www.claret.cat\/es\/wp-json\/wp\/v2\/media?parent=407933"}],"wp:term":[{"taxonomy":"product_brand","embeddable":true,"href":"https:\/\/www.claret.cat\/es\/wp-json\/wp\/v2\/product_brand?post=407933"},{"taxonomy":"product_cat","embeddable":true,"href":"https:\/\/www.claret.cat\/es\/wp-json\/wp\/v2\/product_cat?post=407933"},{"taxonomy":"product_tag","embeddable":true,"href":"https:\/\/www.claret.cat\/es\/wp-json\/wp\/v2\/product_tag?post=407933"}],"curies":[{"name":"wp","href":"https:\/\/api.w.org\/{rel}","templated":true}]}}