{"id":407940,"date":"2023-02-28T07:03:05","date_gmt":"2023-02-28T06:03:05","guid":{"rendered":"https:\/\/www.claret.cat\/llibre\/la-recuperacio-dun-mite-autocton-el-bisbe-caixal-i-el-seu-entorn-historic-180-cat-9788493488437\/"},"modified":"2023-02-28T07:03:12","modified_gmt":"2023-02-28T06:03:12","slug":"la-recuperacio-dun-mite-autocton-el-bisbe-caixal-i-el-seu-entorn-historic-180-cat-9788493488437","status":"publish","type":"product","link":"https:\/\/www.claret.cat\/es\/libro\/la-recuperacio-dun-mite-autocton-el-bisbe-caixal-i-el-seu-entorn-historic-180-cat-9788493488437\/","title":{"rendered":"LA RECUPERACI\u00d3 D&#8217;UN MITE AUT\u00d2CTON. EL BISBE CAIXAL I EL SEU ENTORN HIST\u00d2RIC (180 (CAT)"},"content":{"rendered":"<p>La figura del bisbe Caixal (1803-1879), oblidada, pol\u00e8mica i envoltada d\u2019una llegenda negra, fou una de les m\u00e9s destacades en la hist\u00f2ria de l\u2019esgl\u00e9sia cat\u00f2lica del segle XIX a Catalunya. El llibre recull les aportacions fetes en el marc d\u2019una taula rodona sobre la seva persona.<\/p>\n","protected":false},"excerpt":{"rendered":"<p>VV.AA.<\/p>\n","protected":false},"featured_media":407941,"template":"","meta":{"_acf_changed":false,"om_disable_all_campaigns":false,"rs_blank_template":"","rs_page_bg_color":"","slide_template_v7":"","inline_featured_image":false,"_monsterinsights_skip_tracking":false,"_monsterinsights_sitenote_active":false,"_monsterinsights_sitenote_note":"","_monsterinsights_sitenote_category":0},"product_brand":[],"product_cat":[85,351,120,569],"product_tag":[],"class_list":{"0":"post-407940","1":"product","2":"type-product","3":"status-publish","4":"has-post-thumbnail","6":"product_cat-historia","7":"product_cat-historia-2_humanidades","8":"product_cat-politica","9":"product_cat-politica-2_humanidades-spa","11":"first","12":"outofstock","13":"taxable","14":"shipping-taxable","15":"purchasable","16":"product-type-simple"},"acf":{"autor":"VV.AA.","codart":"849348843","libros-coleccion":"","ediciones":"1","encuadernacion":"R\u00fastica","fecha_de_publicacion":"12\/01\/2006","novedad":"0","paginas":"88","subtitulo":"","orden":"999","portada":"0","idioma":"cat","editorial":[{"ID":147978,"post_author":"3","post_date":"2022-10-14 11:54:41","post_date_gmt":"2022-10-14 09:54:41","post_content":"","post_title":"EDITORIAL FONOLL","post_excerpt":"","post_status":"publish","comment_status":"closed","ping_status":"closed","post_password":"","post_name":"editorial-fonoll","to_ping":"","pinged":"","post_modified":"2022-10-14 11:54:41","post_modified_gmt":"2022-10-14 09:54:41","post_content_filtered":"","post_parent":0,"guid":"http:\/\/dev.claret.cat\/editorial\/editorial-fonoll\/","menu_order":0,"post_type":"editorial","post_mime_type":"","comment_count":"0","filter":"raw"}],"autores-libros":[{"ID":6086,"post_author":"3","post_date":"2022-07-28 17:37:50","post_date_gmt":"2022-07-28 15:37:50","post_content":"","post_title":"VV.AA.","post_excerpt":"","post_status":"publish","comment_status":"closed","ping_status":"closed","post_password":"","post_name":"vv-aa-2","to_ping":"","pinged":"","post_modified":"2022-07-28 17:37:50","post_modified_gmt":"2022-07-28 15:37:50","post_content_filtered":"","post_parent":0,"guid":"http:\/\/dev.claret.cat\/autor\/vv-aa-2\/","menu_order":0,"post_type":"autor","post_mime_type":"","comment_count":"0","filter":"raw"}]},"aioseo_notices":[],"_links":{"self":[{"href":"https:\/\/www.claret.cat\/es\/wp-json\/wp\/v2\/product\/407940","targetHints":{"allow":["GET"]}}],"collection":[{"href":"https:\/\/www.claret.cat\/es\/wp-json\/wp\/v2\/product"}],"about":[{"href":"https:\/\/www.claret.cat\/es\/wp-json\/wp\/v2\/types\/product"}],"wp:featuredmedia":[{"embeddable":true,"href":"https:\/\/www.claret.cat\/es\/wp-json\/wp\/v2\/media\/407941"}],"wp:attachment":[{"href":"https:\/\/www.claret.cat\/es\/wp-json\/wp\/v2\/media?parent=407940"}],"wp:term":[{"taxonomy":"product_brand","embeddable":true,"href":"https:\/\/www.claret.cat\/es\/wp-json\/wp\/v2\/product_brand?post=407940"},{"taxonomy":"product_cat","embeddable":true,"href":"https:\/\/www.claret.cat\/es\/wp-json\/wp\/v2\/product_cat?post=407940"},{"taxonomy":"product_tag","embeddable":true,"href":"https:\/\/www.claret.cat\/es\/wp-json\/wp\/v2\/product_tag?post=407940"}],"curies":[{"name":"wp","href":"https:\/\/api.w.org\/{rel}","templated":true}]}}