{"id":407999,"date":"2023-02-28T07:07:14","date_gmt":"2023-02-28T06:07:14","guid":{"rendered":"https:\/\/www.claret.cat\/llibre\/cuina-catalana-per-a-festes-i-tradicions-9788493608354\/"},"modified":"2026-01-27T19:40:43","modified_gmt":"2026-01-27T18:40:43","slug":"cuina-catalana-per-a-festes-i-tradicions-9788493608354","status":"publish","type":"product","link":"https:\/\/www.claret.cat\/es\/libro\/cuina-catalana-per-a-festes-i-tradicions-9788493608354\/","title":{"rendered":"CUINA CATALANA PER A FESTES I TRADICIONS"},"content":{"rendered":"<p>La cuina d&#8217;un pa\u00eds va lligada al seu calendari festiu. No hi ha festa sense cuina i no hi ha cuina sense festa. M\u00e9s de 140 receptes b\u00e0siques de la cuina popular catalana, experimentades i posades al dia. Fins a 50 receptes de coques, galetes, pastissos i dol\u00e7os explicades per a poder-les fer al forn de casa. Un total de 78 festes del calendari catal\u00e0, ordenades de forma cronol\u00f2gica, amb hist\u00f2ries i an\u00e8cdotes culturals i religioses que expliquen els costums culinaris d&#8217; un pa\u00eds.<\/p>\n","protected":false},"excerpt":{"rendered":"<p>SANO,KAZUKO; CLOTET, NARC<\/p>\n","protected":false},"featured_media":408000,"template":"","meta":{"_acf_changed":false,"om_disable_all_campaigns":false,"rs_blank_template":"","rs_page_bg_color":"","slide_template_v7":"","inline_featured_image":false,"_monsterinsights_skip_tracking":false,"_monsterinsights_sitenote_active":false,"_monsterinsights_sitenote_note":"","_monsterinsights_sitenote_category":0},"product_brand":[],"product_cat":[553,103],"product_tag":[],"class_list":{"0":"post-407999","1":"product","2":"type-product","3":"status-publish","4":"has-post-thumbnail","6":"product_cat-cocina","7":"product_cat-cuina","9":"first","10":"instock","11":"taxable","12":"shipping-taxable","13":"purchasable","14":"product-type-simple"},"acf":{"autor":"SANO,KAZUKO; CLOTET, NARC","codart":"849360835","libros-coleccion":"","ediciones":"1","encuadernacion":"R\u00fastica","fecha_de_publicacion":"01\/02\/2011","novedad":"0","paginas":"183","subtitulo":"","orden":"999","portada":"0","idioma":"cat","editorial":[{"ID":148224,"post_author":"3","post_date":"2022-10-14 11:56:35","post_date_gmt":"2022-10-14 09:56:35","post_content":"","post_title":"GRATA LECTURA","post_excerpt":"","post_status":"publish","comment_status":"closed","ping_status":"closed","post_password":"","post_name":"grata-lectura","to_ping":"","pinged":"","post_modified":"2022-10-14 11:56:35","post_modified_gmt":"2022-10-14 09:56:35","post_content_filtered":"","post_parent":0,"guid":"http:\/\/dev.claret.cat\/editorial\/grata-lectura\/","menu_order":0,"post_type":"editorial","post_mime_type":"","comment_count":"0","filter":"raw"}],"autores-libros":[{"ID":407998,"post_author":"3","post_date":"2023-02-28 07:07:11","post_date_gmt":"2023-02-28 06:07:11","post_content":"","post_title":"KAZUKO SANO","post_excerpt":"","post_status":"publish","comment_status":"closed","ping_status":"closed","post_password":"","post_name":"kazuko-sano","to_ping":"","pinged":"","post_modified":"2023-02-28 07:07:11","post_modified_gmt":"2023-02-28 06:07:11","post_content_filtered":"","post_parent":0,"guid":"https:\/\/www.claret.cat\/autor\/kazuko-sano\/","menu_order":0,"post_type":"autor","post_mime_type":"","comment_count":"0","filter":"raw"},{"ID":407990,"post_author":"3","post_date":"2023-02-28 07:06:40","post_date_gmt":"2023-02-28 06:06:40","post_content":"","post_title":"NARCIS CLOTET","post_excerpt":"","post_status":"publish","comment_status":"closed","ping_status":"closed","post_password":"","post_name":"narcis-clotet","to_ping":"","pinged":"","post_modified":"2023-02-28 07:06:40","post_modified_gmt":"2023-02-28 06:06:40","post_content_filtered":"","post_parent":0,"guid":"https:\/\/www.claret.cat\/autor\/narcis-clotet\/","menu_order":0,"post_type":"autor","post_mime_type":"","comment_count":"0","filter":"raw"}],"booktrailer":"","resenas":""},"aioseo_notices":[],"_links":{"self":[{"href":"https:\/\/www.claret.cat\/es\/wp-json\/wp\/v2\/product\/407999","targetHints":{"allow":["GET"]}}],"collection":[{"href":"https:\/\/www.claret.cat\/es\/wp-json\/wp\/v2\/product"}],"about":[{"href":"https:\/\/www.claret.cat\/es\/wp-json\/wp\/v2\/types\/product"}],"wp:featuredmedia":[{"embeddable":true,"href":"https:\/\/www.claret.cat\/es\/wp-json\/wp\/v2\/media\/408000"}],"wp:attachment":[{"href":"https:\/\/www.claret.cat\/es\/wp-json\/wp\/v2\/media?parent=407999"}],"wp:term":[{"taxonomy":"product_brand","embeddable":true,"href":"https:\/\/www.claret.cat\/es\/wp-json\/wp\/v2\/product_brand?post=407999"},{"taxonomy":"product_cat","embeddable":true,"href":"https:\/\/www.claret.cat\/es\/wp-json\/wp\/v2\/product_cat?post=407999"},{"taxonomy":"product_tag","embeddable":true,"href":"https:\/\/www.claret.cat\/es\/wp-json\/wp\/v2\/product_tag?post=407999"}],"curies":[{"name":"wp","href":"https:\/\/api.w.org\/{rel}","templated":true}]}}