{"id":408043,"date":"2023-02-28T07:10:10","date_gmt":"2023-02-28T06:10:10","guid":{"rendered":"https:\/\/www.claret.cat\/llibre\/oraciones-para-jovenes-9788493636463\/"},"modified":"2023-02-28T07:10:13","modified_gmt":"2023-02-28T06:10:13","slug":"oraciones-para-jovenes-9788493636463","status":"publish","type":"product","link":"https:\/\/www.claret.cat\/es\/libro\/oraciones-para-jovenes-9788493636463\/","title":{"rendered":"ORACIONES PARA J\u00d3VENES"},"content":{"rendered":"","protected":false},"excerpt":{"rendered":"<p>P\u00c9REZ P\u00c9REZ, VICENTE<\/p>\n","protected":false},"featured_media":0,"template":"","meta":{"_acf_changed":false,"om_disable_all_campaigns":false,"rs_blank_template":"","rs_page_bg_color":"","slide_template_v7":"","inline_featured_image":false,"_monsterinsights_skip_tracking":false,"_monsterinsights_sitenote_active":false,"_monsterinsights_sitenote_note":"","_monsterinsights_sitenote_category":0},"product_brand":[],"product_cat":[90,540],"product_tag":[],"class_list":{"0":"post-408043","1":"product","2":"type-product","3":"status-publish","5":"product_cat-altres","6":"product_cat-otros","8":"first","9":"instock","10":"taxable","11":"shipping-taxable","12":"purchasable","13":"product-type-simple"},"acf":{"autor":"P\u00c9REZ P\u00c9REZ, VICENTE","codart":"849363646","libros-coleccion":"","ediciones":"1","encuadernacion":"R\u00fastica","fecha_de_publicacion":"05\/12\/2009","novedad":"0","paginas":"50","subtitulo":"","orden":"999","portada":"0","idioma":"spa","editorial":[{"ID":408039,"post_author":"3","post_date":"2023-02-28 07:09:48","post_date_gmt":"2023-02-28 06:09:48","post_content":"","post_title":"EDICIONES VICAN","post_excerpt":"","post_status":"publish","comment_status":"closed","ping_status":"closed","post_password":"","post_name":"ediciones-vican","to_ping":"","pinged":"","post_modified":"2023-02-28 07:09:48","post_modified_gmt":"2023-02-28 06:09:48","post_content_filtered":"","post_parent":0,"guid":"https:\/\/www.claret.cat\/editorial\/ediciones-vican\/","menu_order":0,"post_type":"editorial","post_mime_type":"","comment_count":"0","filter":"raw"}],"autores-libros":[{"ID":408041,"post_author":"3","post_date":"2023-02-28 07:09:58","post_date_gmt":"2023-02-28 06:09:58","post_content":"","post_title":"VICENTE P\u00c9REZ P\u00c9REZ","post_excerpt":"","post_status":"publish","comment_status":"closed","ping_status":"closed","post_password":"","post_name":"vicente-perez-perez","to_ping":"","pinged":"","post_modified":"2023-02-28 07:09:58","post_modified_gmt":"2023-02-28 06:09:58","post_content_filtered":"","post_parent":0,"guid":"https:\/\/www.claret.cat\/autor\/vicente-perez-perez\/","menu_order":0,"post_type":"autor","post_mime_type":"","comment_count":"0","filter":"raw"}]},"aioseo_notices":[],"_links":{"self":[{"href":"https:\/\/www.claret.cat\/es\/wp-json\/wp\/v2\/product\/408043","targetHints":{"allow":["GET"]}}],"collection":[{"href":"https:\/\/www.claret.cat\/es\/wp-json\/wp\/v2\/product"}],"about":[{"href":"https:\/\/www.claret.cat\/es\/wp-json\/wp\/v2\/types\/product"}],"wp:attachment":[{"href":"https:\/\/www.claret.cat\/es\/wp-json\/wp\/v2\/media?parent=408043"}],"wp:term":[{"taxonomy":"product_brand","embeddable":true,"href":"https:\/\/www.claret.cat\/es\/wp-json\/wp\/v2\/product_brand?post=408043"},{"taxonomy":"product_cat","embeddable":true,"href":"https:\/\/www.claret.cat\/es\/wp-json\/wp\/v2\/product_cat?post=408043"},{"taxonomy":"product_tag","embeddable":true,"href":"https:\/\/www.claret.cat\/es\/wp-json\/wp\/v2\/product_tag?post=408043"}],"curies":[{"name":"wp","href":"https:\/\/api.w.org\/{rel}","templated":true}]}}