{"id":408085,"date":"2023-02-28T07:13:03","date_gmt":"2023-02-28T06:13:03","guid":{"rendered":"https:\/\/www.claret.cat\/llibre\/por-que-soy-catolico-9788493741709\/"},"modified":"2026-01-27T18:48:44","modified_gmt":"2026-01-27T17:48:44","slug":"por-que-soy-catolico-9788493741709","status":"publish","type":"product","link":"https:\/\/www.claret.cat\/es\/libro\/por-que-soy-catolico-9788493741709\/","title":{"rendered":"POR QU\u00c9 SOY CAT\u00d3LICO"},"content":{"rendered":"<p>Este libro recoge, por primera vez en lengua espa\u00f1ola, todos los art\u00edculos y ensayos breves sobre cuestiones religiosas que el autor escribi\u00f3 tras su conversi\u00f3n en 1922. Esta obra se convierte as\u00ed en una referencia para conocer el pensamiento del Chesterton apologeta de la fe. Unas p\u00e1ginas que ponen de manifiesto su extraordinaria capacidad para discurrir sobre las cuestiones m\u00e1s elevadas con una genialidad y sencillez incomparables. ?La dificultad de explicar \u00abpor qu\u00e9 soy cat\u00f3lico\u00bb radica en el hecho de que existen diez mil razones para ello, aunque todas acaban resumi\u00e9ndose en una sola: que la religi\u00f3n cat\u00f3lica es verdadera?. He aqu\u00ed la causa por la que el 30 de julio de 1922, G. K. Chesterton dese\u00f3 ser acogido en el seno de la Iglesia Cat\u00f3lica. Sin embargo, la traves\u00eda espiritual seguida hasta entonces por este grand\u00edsimo escritor no fue breve ni estuvo exenta de obst\u00e1culos, lo cual muestra su honestidad a la hora de encarar su conversi\u00f3n. En la Inglaterra de entonces, donde la Iglesia cat\u00f3lica era muy poco popular, Chesterton hubo de responder en numerosas ocasiones por los motivos de su bautismo. No obstante, fiel a su personalidad sencilla y directa, Chesterton no escamote\u00f3 la cuesti\u00f3n ni los ataques y siempre defendi\u00f3 p\u00fablicamente su fe y la racionalidad del Cristianismo. Esas respuestas, dadas en muchas ocasiones en forma de art\u00edculos o ensayos breves, se encuentran en este volumen, que sigue la edici\u00f3n americana de la editorial Ignatius, de las obras completas de G.K. Chesterton.<\/p>\n","protected":false},"excerpt":{"rendered":"<p>CHESTERTON, G.K.<\/p>\n","protected":false},"featured_media":1079044,"template":"","meta":{"_acf_changed":false,"om_disable_all_campaigns":false,"rs_blank_template":"","rs_page_bg_color":"","slide_template_v7":"","inline_featured_image":false,"_monsterinsights_skip_tracking":false,"_monsterinsights_sitenote_active":false,"_monsterinsights_sitenote_note":"","_monsterinsights_sitenote_category":0},"product_brand":[],"product_cat":[90,540],"product_tag":[],"class_list":{"0":"post-408085","1":"product","2":"type-product","3":"status-publish","4":"has-post-thumbnail","6":"product_cat-altres","7":"product_cat-otros","9":"first","10":"instock","11":"taxable","12":"shipping-taxable","13":"purchasable","14":"product-type-simple"},"acf":{"autor":"CHESTERTON, G.K.","codart":"849374170","libros-coleccion":"","ediciones":"1","encuadernacion":"R\u00fastica","fecha_de_publicacion":"16\/10\/2009","novedad":"0","paginas":"718","subtitulo":"","orden":"999","portada":"0","idioma":"spa","editorial":[{"ID":148062,"post_author":"3","post_date":"2022-10-14 11:55:20","post_date_gmt":"2022-10-14 09:55:20","post_content":"","post_title":"EL BUEY MUDO","post_excerpt":"","post_status":"publish","comment_status":"closed","ping_status":"closed","post_password":"","post_name":"el-buey-mudo","to_ping":"","pinged":"","post_modified":"2022-10-14 11:55:20","post_modified_gmt":"2022-10-14 09:55:20","post_content_filtered":"","post_parent":0,"guid":"http:\/\/dev.claret.cat\/editorial\/el-buey-mudo\/","menu_order":0,"post_type":"editorial","post_mime_type":"","comment_count":"0","filter":"raw"}],"autores-libros":[{"ID":5501,"post_author":"3","post_date":"2022-07-28 17:25:20","post_date_gmt":"2022-07-28 15:25:20","post_content":"","post_title":"G.K. CHESTERTON","post_excerpt":"","post_status":"publish","comment_status":"closed","ping_status":"closed","post_password":"","post_name":"g-k-chesterton","to_ping":"","pinged":"","post_modified":"2022-07-28 17:25:20","post_modified_gmt":"2022-07-28 15:25:20","post_content_filtered":"","post_parent":0,"guid":"http:\/\/dev.claret.cat\/autor\/g-k-chesterton\/","menu_order":0,"post_type":"autor","post_mime_type":"","comment_count":"0","filter":"raw"}],"booktrailer":"","resenas":""},"aioseo_notices":[],"_links":{"self":[{"href":"https:\/\/www.claret.cat\/es\/wp-json\/wp\/v2\/product\/408085","targetHints":{"allow":["GET"]}}],"collection":[{"href":"https:\/\/www.claret.cat\/es\/wp-json\/wp\/v2\/product"}],"about":[{"href":"https:\/\/www.claret.cat\/es\/wp-json\/wp\/v2\/types\/product"}],"wp:featuredmedia":[{"embeddable":true,"href":"https:\/\/www.claret.cat\/es\/wp-json\/wp\/v2\/media\/1079044"}],"wp:attachment":[{"href":"https:\/\/www.claret.cat\/es\/wp-json\/wp\/v2\/media?parent=408085"}],"wp:term":[{"taxonomy":"product_brand","embeddable":true,"href":"https:\/\/www.claret.cat\/es\/wp-json\/wp\/v2\/product_brand?post=408085"},{"taxonomy":"product_cat","embeddable":true,"href":"https:\/\/www.claret.cat\/es\/wp-json\/wp\/v2\/product_cat?post=408085"},{"taxonomy":"product_tag","embeddable":true,"href":"https:\/\/www.claret.cat\/es\/wp-json\/wp\/v2\/product_tag?post=408085"}],"curies":[{"name":"wp","href":"https:\/\/api.w.org\/{rel}","templated":true}]}}