{"id":408096,"date":"2023-02-28T07:13:41","date_gmt":"2023-02-28T06:13:41","guid":{"rendered":"https:\/\/www.claret.cat\/llibre\/boris-juegos-de-vampiros-9788493755744\/"},"modified":"2023-02-28T07:13:46","modified_gmt":"2023-02-28T06:13:46","slug":"boris-juegos-de-vampiros-9788493755744","status":"publish","type":"product","link":"https:\/\/www.claret.cat\/es\/libro\/boris-juegos-de-vampiros-9788493755744\/","title":{"rendered":"BORIS: JUEGOS DE VAMPIROS"},"content":{"rendered":"<p>Un castillo embrujado debe de tener un mont\u00f3n de cosas entretenidas para hacer. Sin embargo&#8230; \u00a1Boris y Magda est\u00e1n aburrid\u00edsimos! Hay s\u00f3lo una soluci\u00f3n: \u00a1A jugar Juegos de Vampiros! \u00bfQu\u00e9 cara pondr\u00e0 el Conde cuando regrese a su castillo y vea el destrozo que los chicos han hecho? \u00bfSer\u00e0 parecida a la que est\u00e0 aqu\u00ed? Hmmmm&#8230; \u00bfAlguna vez vieron a un vampiro con un ataque de indigesti\u00f3n de mala sangre? \u00a1Pasen y vean! \u00a1El juego est\u00e1 por comenzar!<\/p>\n","protected":false},"excerpt":{"rendered":"<p>SARACINO, LUCIANO<\/p>\n","protected":false},"featured_media":408097,"template":"","meta":{"_acf_changed":false,"om_disable_all_campaigns":false,"rs_blank_template":"","rs_page_bg_color":"","slide_template_v7":"","inline_featured_image":false,"_monsterinsights_skip_tracking":false,"_monsterinsights_sitenote_active":false,"_monsterinsights_sitenote_note":"","_monsterinsights_sitenote_category":0},"product_brand":[],"product_cat":[86,352],"product_tag":[],"class_list":{"0":"post-408096","1":"product","2":"type-product","3":"status-publish","4":"has-post-thumbnail","6":"product_cat-infantil","7":"product_cat-infantil-3_infantil-juvenil-spa","9":"first","10":"instock","11":"taxable","12":"shipping-taxable","13":"purchasable","14":"product-type-simple"},"acf":{"autor":"SARACINO, LUCIANO","codart":"849375574","libros-coleccion":"FORA DE COL.LECCI\u00d3","ediciones":"1","encuadernacion":"Carton\u00e9","fecha_de_publicacion":"01\/03\/2010","novedad":"1","paginas":"32","subtitulo":"","orden":"0","portada":"0","idioma":"spa","editorial":[{"ID":148921,"post_author":"3","post_date":"2022-10-14 12:02:02","post_date_gmt":"2022-10-14 10:02:02","post_content":"","post_title":"UNALUNA","post_excerpt":"","post_status":"publish","comment_status":"closed","ping_status":"closed","post_password":"","post_name":"unaluna","to_ping":"","pinged":"","post_modified":"2022-10-14 12:02:02","post_modified_gmt":"2022-10-14 10:02:02","post_content_filtered":"","post_parent":0,"guid":"http:\/\/dev.claret.cat\/editorial\/unaluna\/","menu_order":0,"post_type":"editorial","post_mime_type":"","comment_count":"0","filter":"raw"}],"autores-libros":[{"ID":408095,"post_author":"3","post_date":"2023-02-28 07:13:38","post_date_gmt":"2023-02-28 06:13:38","post_content":"","post_title":"LUCIANO SARACINO","post_excerpt":"","post_status":"publish","comment_status":"closed","ping_status":"closed","post_password":"","post_name":"luciano-saracino-2","to_ping":"","pinged":"","post_modified":"2023-02-28 07:13:38","post_modified_gmt":"2023-02-28 06:13:38","post_content_filtered":"","post_parent":0,"guid":"https:\/\/www.claret.cat\/autor\/luciano-saracino-2\/","menu_order":0,"post_type":"autor","post_mime_type":"","comment_count":"0","filter":"raw"}]},"aioseo_notices":[],"_links":{"self":[{"href":"https:\/\/www.claret.cat\/es\/wp-json\/wp\/v2\/product\/408096","targetHints":{"allow":["GET"]}}],"collection":[{"href":"https:\/\/www.claret.cat\/es\/wp-json\/wp\/v2\/product"}],"about":[{"href":"https:\/\/www.claret.cat\/es\/wp-json\/wp\/v2\/types\/product"}],"wp:featuredmedia":[{"embeddable":true,"href":"https:\/\/www.claret.cat\/es\/wp-json\/wp\/v2\/media\/408097"}],"wp:attachment":[{"href":"https:\/\/www.claret.cat\/es\/wp-json\/wp\/v2\/media?parent=408096"}],"wp:term":[{"taxonomy":"product_brand","embeddable":true,"href":"https:\/\/www.claret.cat\/es\/wp-json\/wp\/v2\/product_brand?post=408096"},{"taxonomy":"product_cat","embeddable":true,"href":"https:\/\/www.claret.cat\/es\/wp-json\/wp\/v2\/product_cat?post=408096"},{"taxonomy":"product_tag","embeddable":true,"href":"https:\/\/www.claret.cat\/es\/wp-json\/wp\/v2\/product_tag?post=408096"}],"curies":[{"name":"wp","href":"https:\/\/api.w.org\/{rel}","templated":true}]}}