{"id":408120,"date":"2023-02-28T07:15:22","date_gmt":"2023-02-28T06:15:22","guid":{"rendered":"https:\/\/www.claret.cat\/llibre\/disputa-entre-la-fe-i-lenteniment-9788493759063\/"},"modified":"2023-02-28T07:15:28","modified_gmt":"2023-02-28T06:15:28","slug":"disputa-entre-la-fe-i-lenteniment-9788493759063","status":"publish","type":"product","link":"https:\/\/www.claret.cat\/es\/libro\/disputa-entre-la-fe-i-lenteniment-9788493759063\/","title":{"rendered":"DISPUTA ENTRE LA FE I L&#8217;ENTENIMENT"},"content":{"rendered":"<p>En un brillant di\u00e0leg literari, l&#8217;autor mallorqu\u00ed posa en escena dues figures al leg\u00f2riques: la Fe, sempre cautelosa i circumspecta, i el seu germ\u00e0 l&#8217;Enteniment, molt m\u00e9s adelerat i agosarat. Tots dos, amb arguments i contraarguments, debaten si els articles b\u00e0sics de la fe cristiana, \u00e9s a saber, la Trinitat, l&#8217;encarnaci\u00f3, la creaci\u00f3 a partir del no-res i la resurrecci\u00f3 dels cossos s\u00f3n demostrables per raons innegables (rationes necessariae). La resposta de Llull \u00e9s afirmativa: la ra\u00f3, entesa com a principi din\u00e0mic, pot arribar a un coneixement estructural de la fe, que fins i tot abasta els seus misteris m\u00e9s pregons. La introducci\u00f3 situa en el seu context medieval el concepte no reduccionista que Llull t\u00e9 de la relaci\u00f3 entre la fe i la ra\u00f3, alhora que valora cr\u00edticament el seu abast sistem\u00e0tic.<\/p>\n","protected":false},"excerpt":{"rendered":"<p>LLULL, RAMON<\/p>\n","protected":false},"featured_media":408121,"template":"","meta":{"_acf_changed":false,"om_disable_all_campaigns":false,"rs_blank_template":"","rs_page_bg_color":"","slide_template_v7":"","inline_featured_image":false,"_monsterinsights_skip_tracking":false,"_monsterinsights_sitenote_active":false,"_monsterinsights_sitenote_note":"","_monsterinsights_sitenote_category":0},"product_brand":[],"product_cat":[90,540],"product_tag":[],"class_list":{"0":"post-408120","1":"product","2":"type-product","3":"status-publish","4":"has-post-thumbnail","6":"product_cat-altres","7":"product_cat-otros","9":"first","10":"instock","11":"taxable","12":"shipping-taxable","13":"purchasable","14":"product-type-simple"},"acf":{"autor":"LLULL, RAMON","codart":"849375906","libros-coleccion":"","ediciones":"0","encuadernacion":"Tela","fecha_de_publicacion":"02\/02\/2012","novedad":"0","paginas":"278","subtitulo":"","orden":"999","portada":"0","idioma":"cat","editorial":[{"ID":262360,"post_author":"3","post_date":"2022-10-24 11:23:21","post_date_gmt":"2022-10-24 09:23:21","post_content":"","post_title":"OBRADOR ED\u00c8NDUM","post_excerpt":"","post_status":"publish","comment_status":"closed","ping_status":"closed","post_password":"","post_name":"obrador-edendum-2","to_ping":"","pinged":"","post_modified":"2022-10-24 11:23:21","post_modified_gmt":"2022-10-24 09:23:21","post_content_filtered":"","post_parent":0,"guid":"http:\/\/dev.claret.cat\/editorial\/obrador-edendum-2\/","menu_order":0,"post_type":"editorial","post_mime_type":"","comment_count":"0","filter":"raw"}],"autores-libros":[{"ID":5966,"post_author":"3","post_date":"2022-07-28 17:35:19","post_date_gmt":"2022-07-28 15:35:19","post_content":"","post_title":"RAMON LLULL","post_excerpt":"","post_status":"publish","comment_status":"closed","ping_status":"closed","post_password":"","post_name":"ramon-llull","to_ping":"","pinged":"","post_modified":"2022-07-28 17:35:19","post_modified_gmt":"2022-07-28 15:35:19","post_content_filtered":"","post_parent":0,"guid":"http:\/\/dev.claret.cat\/autor\/ramon-llull\/","menu_order":0,"post_type":"autor","post_mime_type":"","comment_count":"0","filter":"raw"}]},"aioseo_notices":[],"_links":{"self":[{"href":"https:\/\/www.claret.cat\/es\/wp-json\/wp\/v2\/product\/408120","targetHints":{"allow":["GET"]}}],"collection":[{"href":"https:\/\/www.claret.cat\/es\/wp-json\/wp\/v2\/product"}],"about":[{"href":"https:\/\/www.claret.cat\/es\/wp-json\/wp\/v2\/types\/product"}],"wp:featuredmedia":[{"embeddable":true,"href":"https:\/\/www.claret.cat\/es\/wp-json\/wp\/v2\/media\/408121"}],"wp:attachment":[{"href":"https:\/\/www.claret.cat\/es\/wp-json\/wp\/v2\/media?parent=408120"}],"wp:term":[{"taxonomy":"product_brand","embeddable":true,"href":"https:\/\/www.claret.cat\/es\/wp-json\/wp\/v2\/product_brand?post=408120"},{"taxonomy":"product_cat","embeddable":true,"href":"https:\/\/www.claret.cat\/es\/wp-json\/wp\/v2\/product_cat?post=408120"},{"taxonomy":"product_tag","embeddable":true,"href":"https:\/\/www.claret.cat\/es\/wp-json\/wp\/v2\/product_tag?post=408120"}],"curies":[{"name":"wp","href":"https:\/\/api.w.org\/{rel}","templated":true}]}}