{"id":408139,"date":"2023-02-28T07:16:35","date_gmt":"2023-02-28T06:16:35","guid":{"rendered":"https:\/\/www.claret.cat\/llibre\/joguines-de-la-natura-9788493770457\/"},"modified":"2023-02-28T07:16:41","modified_gmt":"2023-02-28T06:16:41","slug":"joguines-de-la-natura-9788493770457","status":"publish","type":"product","link":"https:\/\/www.claret.cat\/es\/libro\/joguines-de-la-natura-9788493770457\/","title":{"rendered":"JOGUINES DE LA NATURA"},"content":{"rendered":"<p>Aquest llibre posa a l&#8217;abast de les noves generacions les joguines que els nostres avis elaboraven durant la seva inf\u00e0ncia amb elements de la natura. Es tracta de peces que tenen l&#8217;encant de l&#8217;ef\u00edmer per\u00f2 que, cada any, retornen marcant el pas de les estacions i de la vida mateixa. Closques, fulles seques, pedres, ossos&#8230; serveixen per crear joguines que duren un mat\u00ed o&#8230; segles. Tamb\u00e9 \u00e9s un tresor etnogr\u00e0fic que rescata l\u2019antic aprenentatge de l\u2019oci: mostra com els nens fabricaven les seves joguines tot descobrint la natura, sempre aplicant l\u2019habilitat i creativitat pr\u00f2pies de les primeres etapes de la vida. La visi\u00f3 de les imatges de Joguines de la natura \u00e9s suficient per traslladar-nos a l\u2019imaginari infantil, un univers on les nines de flors, els xiulets d\u2019escor\u00e7a i els tiradors tenien un valor incalculable. A m\u00e9s, les manualitats que es recuperen al llibre faciliten un retorn necessari a l\u2019\u00fas dels recursos naturals com a mat\u00e8ria primera de la fantasia. Les p\u00e0gines d&#8217;aquesta obra esmenen una lamentable p\u00e8rdua col\u00b7lectiva i ens ensenyen com elaborar m\u00e9s de 250 objectes meravellosos gr\u00e0cies a unes completes fitxes t\u00e8cniques, evocadores il\u00b7lustracions i precioses composicions fotogr\u00e0fiques de gran format.<\/p>\n","protected":false},"excerpt":{"rendered":"<p>ARMENGAUD, CHRISTINE<\/p>\n","protected":false},"featured_media":408140,"template":"","meta":{"_acf_changed":false,"om_disable_all_campaigns":false,"rs_blank_template":"","rs_page_bg_color":"","slide_template_v7":"","inline_featured_image":false,"_monsterinsights_skip_tracking":false,"_monsterinsights_sitenote_active":false,"_monsterinsights_sitenote_note":"","_monsterinsights_sitenote_category":0},"product_brand":[],"product_cat":[105,555],"product_tag":[],"class_list":{"0":"post-408139","1":"product","2":"type-product","3":"status-publish","4":"has-post-thumbnail","6":"product_cat-regal","7":"product_cat-regalo","9":"first","10":"outofstock","11":"taxable","12":"shipping-taxable","13":"purchasable","14":"product-type-simple"},"acf":{"autor":"ARMENGAUD, CHRISTINE","codart":"849377045","libros-coleccion":"","ediciones":"1","encuadernacion":"Carton\u00e9","fecha_de_publicacion":"01\/10\/2010","novedad":"0","paginas":"170","subtitulo":"HISTORIES I SECRETS PER FABRICAR-LES","orden":"999","portada":"0","idioma":"cat","editorial":[{"ID":148765,"post_author":"3","post_date":"2022-10-14 12:00:48","post_date_gmt":"2022-10-14 10:00:48","post_content":"","post_title":"SAGA EDITORIAL","post_excerpt":"","post_status":"publish","comment_status":"closed","ping_status":"closed","post_password":"","post_name":"saga-editorial","to_ping":"","pinged":"","post_modified":"2022-10-14 12:00:48","post_modified_gmt":"2022-10-14 10:00:48","post_content_filtered":"","post_parent":0,"guid":"http:\/\/dev.claret.cat\/editorial\/saga-editorial\/","menu_order":0,"post_type":"editorial","post_mime_type":"","comment_count":"0","filter":"raw"}],"autores-libros":[{"ID":408138,"post_author":"3","post_date":"2023-02-28 07:16:32","post_date_gmt":"2023-02-28 06:16:32","post_content":"","post_title":"CHRISTINE ARMENGAUD","post_excerpt":"","post_status":"publish","comment_status":"closed","ping_status":"closed","post_password":"","post_name":"christine-armengaud","to_ping":"","pinged":"","post_modified":"2023-02-28 07:16:32","post_modified_gmt":"2023-02-28 06:16:32","post_content_filtered":"","post_parent":0,"guid":"https:\/\/www.claret.cat\/autor\/christine-armengaud\/","menu_order":0,"post_type":"autor","post_mime_type":"","comment_count":"0","filter":"raw"}]},"aioseo_notices":[],"_links":{"self":[{"href":"https:\/\/www.claret.cat\/es\/wp-json\/wp\/v2\/product\/408139","targetHints":{"allow":["GET"]}}],"collection":[{"href":"https:\/\/www.claret.cat\/es\/wp-json\/wp\/v2\/product"}],"about":[{"href":"https:\/\/www.claret.cat\/es\/wp-json\/wp\/v2\/types\/product"}],"wp:featuredmedia":[{"embeddable":true,"href":"https:\/\/www.claret.cat\/es\/wp-json\/wp\/v2\/media\/408140"}],"wp:attachment":[{"href":"https:\/\/www.claret.cat\/es\/wp-json\/wp\/v2\/media?parent=408139"}],"wp:term":[{"taxonomy":"product_brand","embeddable":true,"href":"https:\/\/www.claret.cat\/es\/wp-json\/wp\/v2\/product_brand?post=408139"},{"taxonomy":"product_cat","embeddable":true,"href":"https:\/\/www.claret.cat\/es\/wp-json\/wp\/v2\/product_cat?post=408139"},{"taxonomy":"product_tag","embeddable":true,"href":"https:\/\/www.claret.cat\/es\/wp-json\/wp\/v2\/product_tag?post=408139"}],"curies":[{"name":"wp","href":"https:\/\/api.w.org\/{rel}","templated":true}]}}