{"id":408166,"date":"2023-02-28T07:18:22","date_gmt":"2023-02-28T06:18:22","guid":{"rendered":"https:\/\/www.claret.cat\/llibre\/october-y-las-estrellas-9788493783976\/"},"modified":"2023-02-28T07:18:28","modified_gmt":"2023-02-28T06:18:28","slug":"october-y-las-estrellas-9788493783976","status":"publish","type":"product","link":"https:\/\/www.claret.cat\/es\/libro\/october-y-las-estrellas-9788493783976\/","title":{"rendered":"OCTOBER Y LAS ESTRELLAS"},"content":{"rendered":"<p>October es un gato que recorre el mundo buscando su hogar. De tanto moverse y preguntar se topa con incre\u00edbles historias como la que habita este libro. \u00bfEs verdad que las estrellas m\u00e1s bellas huelen a margaritas y les encanta andar en bicicleta? Recorre con October los cielos m\u00e1s hermosos para sumergirte en una historia llena de magia y poes\u00eda. Porque, \u00bfexiste algo que tenga m\u00e1s magia que los gatos y las estrellas?<\/p>\n","protected":false},"excerpt":{"rendered":"<p>SARACINO, LUCIANO<\/p>\n","protected":false},"featured_media":408167,"template":"","meta":{"_acf_changed":false,"om_disable_all_campaigns":false,"rs_blank_template":"","rs_page_bg_color":"","slide_template_v7":"","inline_featured_image":false,"_monsterinsights_skip_tracking":false,"_monsterinsights_sitenote_active":false,"_monsterinsights_sitenote_note":"","_monsterinsights_sitenote_category":0},"product_brand":[],"product_cat":[86,352],"product_tag":[],"class_list":{"0":"post-408166","1":"product","2":"type-product","3":"status-publish","4":"has-post-thumbnail","6":"product_cat-infantil","7":"product_cat-infantil-3_infantil-juvenil-spa","9":"first","10":"instock","11":"taxable","12":"shipping-taxable","13":"purchasable","14":"product-type-simple"},"acf":{"autor":"SARACINO, LUCIANO","codart":"849378397","libros-coleccion":"INFANTIL","ediciones":"1","encuadernacion":"Carpeta","fecha_de_publicacion":"01\/01\/2011","novedad":"1","paginas":"35","subtitulo":"","orden":"0","portada":"0","idioma":"spa","editorial":[{"ID":148922,"post_author":"3","post_date":"2022-10-14 12:02:03","post_date_gmt":"2022-10-14 10:02:03","post_content":"","post_title":"Unaluna Ediciones","post_excerpt":"","post_status":"publish","comment_status":"closed","ping_status":"closed","post_password":"","post_name":"unaluna-ediciones","to_ping":"","pinged":"","post_modified":"2022-10-14 12:02:03","post_modified_gmt":"2022-10-14 10:02:03","post_content_filtered":"","post_parent":0,"guid":"http:\/\/dev.claret.cat\/editorial\/unaluna-ediciones\/","menu_order":0,"post_type":"editorial","post_mime_type":"","comment_count":"0","filter":"raw"}],"autores-libros":[{"ID":408095,"post_author":"3","post_date":"2023-02-28 07:13:38","post_date_gmt":"2023-02-28 06:13:38","post_content":"","post_title":"LUCIANO SARACINO","post_excerpt":"","post_status":"publish","comment_status":"closed","ping_status":"closed","post_password":"","post_name":"luciano-saracino-2","to_ping":"","pinged":"","post_modified":"2023-02-28 07:13:38","post_modified_gmt":"2023-02-28 06:13:38","post_content_filtered":"","post_parent":0,"guid":"https:\/\/www.claret.cat\/autor\/luciano-saracino-2\/","menu_order":0,"post_type":"autor","post_mime_type":"","comment_count":"0","filter":"raw"}]},"aioseo_notices":[],"_links":{"self":[{"href":"https:\/\/www.claret.cat\/es\/wp-json\/wp\/v2\/product\/408166","targetHints":{"allow":["GET"]}}],"collection":[{"href":"https:\/\/www.claret.cat\/es\/wp-json\/wp\/v2\/product"}],"about":[{"href":"https:\/\/www.claret.cat\/es\/wp-json\/wp\/v2\/types\/product"}],"wp:featuredmedia":[{"embeddable":true,"href":"https:\/\/www.claret.cat\/es\/wp-json\/wp\/v2\/media\/408167"}],"wp:attachment":[{"href":"https:\/\/www.claret.cat\/es\/wp-json\/wp\/v2\/media?parent=408166"}],"wp:term":[{"taxonomy":"product_brand","embeddable":true,"href":"https:\/\/www.claret.cat\/es\/wp-json\/wp\/v2\/product_brand?post=408166"},{"taxonomy":"product_cat","embeddable":true,"href":"https:\/\/www.claret.cat\/es\/wp-json\/wp\/v2\/product_cat?post=408166"},{"taxonomy":"product_tag","embeddable":true,"href":"https:\/\/www.claret.cat\/es\/wp-json\/wp\/v2\/product_tag?post=408166"}],"curies":[{"name":"wp","href":"https:\/\/api.w.org\/{rel}","templated":true}]}}