{"id":408286,"date":"2023-02-28T07:26:13","date_gmt":"2023-02-28T06:26:13","guid":{"rendered":"https:\/\/www.claret.cat\/llibre\/celebrar-la-semana-santa-en-las-pequenas-comunidades-9788493910815\/"},"modified":"2026-03-13T12:20:06","modified_gmt":"2026-03-13T11:20:06","slug":"celebrar-la-semana-santa-en-las-pequenas-comunidades-9788493910815","status":"publish","type":"product","link":"https:\/\/www.claret.cat\/es\/libro\/celebrar-la-semana-santa-en-las-pequenas-comunidades-9788493910815\/","title":{"rendered":"CELEBRAR LA SEMANA SANTA EN LAS PEQUE\u00d1AS COMUNIDADES"},"content":{"rendered":"<p> Este libro fue publicado por vez primera en el a\u00f1o 1994 y en un segunda edici\u00f3n en el 1997 por la extinguida Editorial Regina y desde entonces viene pidi\u00e8ndose cada a\u00f1o una nueva edici\u00f3n, sobre todo al acercarse Semana Santa y el Triduo Pascual. Las variantes de esta 3\u00aa edici\u00f3n se limitan a tres peque\u00f1os detalles para poder de acuerdo la celebraci\u00f3n con algunas peque\u00f1as modificaciones posteriores decretadas despu\u00e9s de 1997 por la Congregaci\u00f3n del Culto Divino y de la Disciplina de los sacramentos. <br \/>Ap\u00e9ndice con los textos para el monitor.<\/p>\n","protected":false},"excerpt":{"rendered":"<p>FARN\u00c9S SCHERER, PEDRO<\/p>\n","protected":false},"featured_media":408287,"template":"","meta":{"_acf_changed":false,"om_disable_all_campaigns":false,"rs_blank_template":"","rs_page_bg_color":"","slide_template_v7":"","inline_featured_image":false,"_monsterinsights_skip_tracking":false,"_monsterinsights_sitenote_active":false,"_monsterinsights_sitenote_note":"","_monsterinsights_sitenote_category":0},"product_brand":[],"product_cat":[252,398],"product_tag":[],"class_list":{"0":"post-408286","1":"product","2":"type-product","3":"status-publish","4":"has-post-thumbnail","6":"product_cat-altres-rituals","7":"product_cat-otros-rituales","9":"first","10":"instock","11":"taxable","12":"shipping-taxable","13":"purchasable","14":"product-type-simple"},"acf":{"autor":"FARN\u00c9S SCHERER, PEDRO","codart":"849391081","libros-coleccion":"","ediciones":"1","encuadernacion":"R\u00fastica","fecha_de_publicacion":"16\/02\/2016","novedad":"0","paginas":"240","subtitulo":"EN LAS PARROQUIAS Y PEQUE\u00d1AS COMUNIDADES ","orden":"999","portada":"0","idioma":"spa","editorial":[{"ID":148181,"post_author":"3","post_date":"2022-10-14 11:56:16","post_date_gmt":"2022-10-14 09:56:16","post_content":"","post_title":"FUNDACI\u00d3N PEDRO FARN\u00c9S","post_excerpt":"","post_status":"publish","comment_status":"closed","ping_status":"closed","post_password":"","post_name":"fundacion-pedro-farnes","to_ping":"","pinged":"","post_modified":"2022-10-14 11:56:16","post_modified_gmt":"2022-10-14 09:56:16","post_content_filtered":"","post_parent":0,"guid":"http:\/\/dev.claret.cat\/editorial\/fundacion-pedro-farnes\/","menu_order":0,"post_type":"editorial","post_mime_type":"","comment_count":"0","filter":"raw"}],"autores-libros":[{"ID":269977,"post_author":"3","post_date":"2022-12-05 10:51:31","post_date_gmt":"2022-12-05 09:51:31","post_content":"","post_title":"PEDRO FARN\u00c9S SCHERER","post_excerpt":"","post_status":"publish","comment_status":"closed","ping_status":"closed","post_password":"","post_name":"pedro-farnes-scherer","to_ping":"","pinged":"","post_modified":"2022-12-05 10:51:31","post_modified_gmt":"2022-12-05 09:51:31","post_content_filtered":"","post_parent":0,"guid":"http:\/\/dev.claret.cat\/autor\/pedro-farnes-scherer\/","menu_order":0,"post_type":"autor","post_mime_type":"","comment_count":"0","filter":"raw"}],"booktrailer":"","resenas":""},"aioseo_notices":[],"_links":{"self":[{"href":"https:\/\/www.claret.cat\/es\/wp-json\/wp\/v2\/product\/408286","targetHints":{"allow":["GET"]}}],"collection":[{"href":"https:\/\/www.claret.cat\/es\/wp-json\/wp\/v2\/product"}],"about":[{"href":"https:\/\/www.claret.cat\/es\/wp-json\/wp\/v2\/types\/product"}],"wp:featuredmedia":[{"embeddable":true,"href":"https:\/\/www.claret.cat\/es\/wp-json\/wp\/v2\/media\/408287"}],"wp:attachment":[{"href":"https:\/\/www.claret.cat\/es\/wp-json\/wp\/v2\/media?parent=408286"}],"wp:term":[{"taxonomy":"product_brand","embeddable":true,"href":"https:\/\/www.claret.cat\/es\/wp-json\/wp\/v2\/product_brand?post=408286"},{"taxonomy":"product_cat","embeddable":true,"href":"https:\/\/www.claret.cat\/es\/wp-json\/wp\/v2\/product_cat?post=408286"},{"taxonomy":"product_tag","embeddable":true,"href":"https:\/\/www.claret.cat\/es\/wp-json\/wp\/v2\/product_tag?post=408286"}],"curies":[{"name":"wp","href":"https:\/\/api.w.org\/{rel}","templated":true}]}}