{"id":408372,"date":"2023-02-28T07:32:19","date_gmt":"2023-02-28T06:32:19","guid":{"rendered":"https:\/\/www.claret.cat\/llibre\/el-amor-en-tiempos-de-colera-economica-9788493968359\/"},"modified":"2023-02-28T07:32:25","modified_gmt":"2023-02-28T06:32:25","slug":"el-amor-en-tiempos-de-colera-economica-9788493968359","status":"publish","type":"product","link":"https:\/\/www.claret.cat\/es\/libro\/el-amor-en-tiempos-de-colera-economica-9788493968359\/","title":{"rendered":"EL AMOR EN TIEMPOS DE C\u00d3LERA&#8230; ECONOMICA"},"content":{"rendered":"<p>En esta situaci\u00f3n de crisis que vivimos, \u00bftiene cabida hablar de amor, de pr\u00f3jimo, de Dios\u2026? El profesor Gonz\u00e1lez Faus recoge en esta obra sus reflexiones, algunas ya conocidas y otras no, sobre la situaci\u00f3n de crisis econ\u00f3mica y de valores. La postura b\u00edblica de Jes\u00fas ante las desigualdades econ\u00f3micas, la gestaci\u00f3n de la crisis, la situaci\u00f3n actual y las consecuencias que padecemos se desgranan cap\u00edtulo a cap\u00edtulo para terminar con unas palabras de esperanza dirigidas a un cristiano de a pie. Pese al panorama desastroso que vivimos, hay esperanza, hay cabida para el amor en estos tiempos de c\u00f3lera.<\/p>\n","protected":false},"excerpt":{"rendered":"<p>GONZ\u00c1LEZ FAUS, JOS\u00c9 IGNACIO<\/p>\n","protected":false},"featured_media":408373,"template":"","meta":{"_acf_changed":false,"om_disable_all_campaigns":false,"rs_blank_template":"","rs_page_bg_color":"","slide_template_v7":"","inline_featured_image":false,"_monsterinsights_skip_tracking":false,"_monsterinsights_sitenote_active":false,"_monsterinsights_sitenote_note":"","_monsterinsights_sitenote_category":0},"product_brand":[],"product_cat":[90,540],"product_tag":[],"class_list":{"0":"post-408372","1":"product","2":"type-product","3":"status-publish","4":"has-post-thumbnail","6":"product_cat-altres","7":"product_cat-otros","9":"first","10":"instock","11":"taxable","12":"shipping-taxable","13":"purchasable","14":"product-type-simple"},"acf":{"autor":"GONZ\u00c1LEZ FAUS, JOS\u00c9 IGNACIO","codart":"849396835","libros-coleccion":"","ediciones":"1","encuadernacion":"R\u00fastica","fecha_de_publicacion":"01\/04\/2013","novedad":"0","paginas":"0","subtitulo":"","orden":"999","portada":"0","idioma":"spa","editorial":[{"ID":262009,"post_author":"3","post_date":"2022-10-24 11:18:45","post_date_gmt":"2022-10-24 09:18:45","post_content":"","post_title":"EDICIONES KHAF","post_excerpt":"","post_status":"publish","comment_status":"closed","ping_status":"closed","post_password":"","post_name":"ediciones-khaf","to_ping":"","pinged":"","post_modified":"2022-10-24 11:18:45","post_modified_gmt":"2022-10-24 09:18:45","post_content_filtered":"","post_parent":0,"guid":"http:\/\/dev.claret.cat\/editorial\/ediciones-khaf\/","menu_order":0,"post_type":"editorial","post_mime_type":"","comment_count":"0","filter":"raw"}],"autores-libros":[{"ID":5517,"post_author":"3","post_date":"2022-07-28 17:25:41","post_date_gmt":"2022-07-28 15:25:41","post_content":"","post_title":"GONZ\u00c1LEZ FAUS, JOS\u00c9 IGNACIO","post_excerpt":"","post_status":"publish","comment_status":"closed","ping_status":"closed","post_password":"","post_name":"gonzalez-faus-jose-ignacio","to_ping":"","pinged":"","post_modified":"2022-07-28 17:25:41","post_modified_gmt":"2022-07-28 15:25:41","post_content_filtered":"","post_parent":0,"guid":"http:\/\/dev.claret.cat\/autor\/gonzalez-faus-jose-ignacio\/","menu_order":0,"post_type":"autor","post_mime_type":"","comment_count":"0","filter":"raw"}]},"aioseo_notices":[],"_links":{"self":[{"href":"https:\/\/www.claret.cat\/es\/wp-json\/wp\/v2\/product\/408372","targetHints":{"allow":["GET"]}}],"collection":[{"href":"https:\/\/www.claret.cat\/es\/wp-json\/wp\/v2\/product"}],"about":[{"href":"https:\/\/www.claret.cat\/es\/wp-json\/wp\/v2\/types\/product"}],"wp:featuredmedia":[{"embeddable":true,"href":"https:\/\/www.claret.cat\/es\/wp-json\/wp\/v2\/media\/408373"}],"wp:attachment":[{"href":"https:\/\/www.claret.cat\/es\/wp-json\/wp\/v2\/media?parent=408372"}],"wp:term":[{"taxonomy":"product_brand","embeddable":true,"href":"https:\/\/www.claret.cat\/es\/wp-json\/wp\/v2\/product_brand?post=408372"},{"taxonomy":"product_cat","embeddable":true,"href":"https:\/\/www.claret.cat\/es\/wp-json\/wp\/v2\/product_cat?post=408372"},{"taxonomy":"product_tag","embeddable":true,"href":"https:\/\/www.claret.cat\/es\/wp-json\/wp\/v2\/product_tag?post=408372"}],"curies":[{"name":"wp","href":"https:\/\/api.w.org\/{rel}","templated":true}]}}