{"id":408599,"date":"2023-02-28T07:47:10","date_gmt":"2023-02-28T06:47:10","guid":{"rendered":"https:\/\/www.claret.cat\/llibre\/la-ultima-entrevista-y-otras-conversaciones-9788494366482\/"},"modified":"2023-02-28T07:47:16","modified_gmt":"2023-02-28T06:47:16","slug":"la-ultima-entrevista-y-otras-conversaciones-9788494366482","status":"publish","type":"product","link":"https:\/\/www.claret.cat\/es\/libro\/la-ultima-entrevista-y-otras-conversaciones-9788494366482\/","title":{"rendered":"LA \u00daLTIMA ENTREVISTA Y OTRAS CONVERSACIONES"},"content":{"rendered":"<p>El presente volumen contiene una selecci\u00f3n de entrevistas esenciales para comprender a una de las figuras m\u00e1s relevantes de la teor\u00eda pol\u00edtica del siglo XX, una referencia ineludible ante los dilemas de nuestro tiempo. A trav\u00e9s de las cuatro conversaciones incluidas, Hannah Arendt repasa su experiencia vital y, con su agudeza y coraje caracter\u00edsticos, analiza los temas centrales de su obra: el totalitarismo, el juicio a Eichmann, la cuesti\u00f3n jud\u00eda, los movimientos de protesta, la revoluci\u00f3n, el lenguaje\u2026<\/p>\n","protected":false},"excerpt":{"rendered":"<p>ARENDT, HANNAH<\/p>\n","protected":false},"featured_media":408600,"template":"","meta":{"_acf_changed":false,"om_disable_all_campaigns":false,"rs_blank_template":"","rs_page_bg_color":"","slide_template_v7":"","inline_featured_image":false,"_monsterinsights_skip_tracking":false,"_monsterinsights_sitenote_active":false,"_monsterinsights_sitenote_note":"","_monsterinsights_sitenote_category":0},"product_brand":[],"product_cat":[83,349],"product_tag":[],"class_list":{"0":"post-408599","1":"product","2":"type-product","3":"status-publish","4":"has-post-thumbnail","6":"product_cat-filosofia","7":"product_cat-filosofia-2_humanidades","9":"first","10":"instock","11":"taxable","12":"shipping-taxable","13":"purchasable","14":"product-type-simple"},"acf":{"autor":"ARENDT, HANNAH","codart":"849436648","libros-coleccion":"","ediciones":"1","encuadernacion":"R\u00fastica","fecha_de_publicacion":"01\/02\/2016","novedad":"0","paginas":"160","subtitulo":"","orden":"999","portada":"0","idioma":"spa","editorial":[{"ID":148617,"post_author":"3","post_date":"2022-10-14 11:59:39","post_date_gmt":"2022-10-14 09:59:39","post_content":"","post_title":"PAGINA INDOMITA","post_excerpt":"","post_status":"publish","comment_status":"closed","ping_status":"closed","post_password":"","post_name":"pagina-indomita","to_ping":"","pinged":"","post_modified":"2022-10-14 11:59:39","post_modified_gmt":"2022-10-14 09:59:39","post_content_filtered":"","post_parent":0,"guid":"http:\/\/dev.claret.cat\/editorial\/pagina-indomita\/","menu_order":0,"post_type":"editorial","post_mime_type":"","comment_count":"0","filter":"raw"}],"autores-libros":[{"ID":157338,"post_author":"3","post_date":"2022-10-14 15:28:02","post_date_gmt":"2022-10-14 13:28:02","post_content":"","post_title":"HANNAH ARENDT","post_excerpt":"","post_status":"publish","comment_status":"closed","ping_status":"closed","post_password":"","post_name":"hannah-arendt","to_ping":"","pinged":"","post_modified":"2022-10-14 15:28:02","post_modified_gmt":"2022-10-14 13:28:02","post_content_filtered":"","post_parent":0,"guid":"http:\/\/dev.claret.cat\/autor\/hannah-arendt\/","menu_order":0,"post_type":"autor","post_mime_type":"","comment_count":"0","filter":"raw"}]},"aioseo_notices":[],"_links":{"self":[{"href":"https:\/\/www.claret.cat\/es\/wp-json\/wp\/v2\/product\/408599","targetHints":{"allow":["GET"]}}],"collection":[{"href":"https:\/\/www.claret.cat\/es\/wp-json\/wp\/v2\/product"}],"about":[{"href":"https:\/\/www.claret.cat\/es\/wp-json\/wp\/v2\/types\/product"}],"wp:featuredmedia":[{"embeddable":true,"href":"https:\/\/www.claret.cat\/es\/wp-json\/wp\/v2\/media\/408600"}],"wp:attachment":[{"href":"https:\/\/www.claret.cat\/es\/wp-json\/wp\/v2\/media?parent=408599"}],"wp:term":[{"taxonomy":"product_brand","embeddable":true,"href":"https:\/\/www.claret.cat\/es\/wp-json\/wp\/v2\/product_brand?post=408599"},{"taxonomy":"product_cat","embeddable":true,"href":"https:\/\/www.claret.cat\/es\/wp-json\/wp\/v2\/product_cat?post=408599"},{"taxonomy":"product_tag","embeddable":true,"href":"https:\/\/www.claret.cat\/es\/wp-json\/wp\/v2\/product_tag?post=408599"}],"curies":[{"name":"wp","href":"https:\/\/api.w.org\/{rel}","templated":true}]}}