{"id":408741,"date":"2023-02-28T07:55:36","date_gmt":"2023-02-28T06:55:36","guid":{"rendered":"https:\/\/www.claret.cat\/llibre\/el-castillo-de-dragonero-9788494429125\/"},"modified":"2023-02-28T07:55:41","modified_gmt":"2023-02-28T06:55:41","slug":"el-castillo-de-dragonero-9788494429125","status":"publish","type":"product","link":"https:\/\/www.claret.cat\/es\/libro\/el-castillo-de-dragonero-9788494429125\/","title":{"rendered":"EL CASTILLO DE DRAGONERO"},"content":{"rendered":"<p>Tercera entrega de la serie Dragonero. Esta vez, Edu, el improvisado cuidador de dragones, deber\u00e1 emprender un viaje a Gales con m\u00e1s equipaje del que su padre, y, sobre todo, la novia de su padre, hubiese querido. El t\u00edo Manuel, nuevamente, le pide a su sobrino que le ayude con sus curiosas y, a veces, muy salvajes mascotas que trastocan la vida de Edu y su familia. Narrado a trav\u00e9s de los correos electr\u00f3nicos que intercambian los protagonistas, El castillo de dragonero, sigue generando carcajadas en los lectores.<\/p>\n","protected":false},"excerpt":{"rendered":"<p>JOSH LACEY<\/p>\n","protected":false},"featured_media":408742,"template":"","meta":{"_acf_changed":false,"om_disable_all_campaigns":false,"rs_blank_template":"","rs_page_bg_color":"","slide_template_v7":"","inline_featured_image":false,"_monsterinsights_skip_tracking":false,"_monsterinsights_sitenote_active":false,"_monsterinsights_sitenote_note":"","_monsterinsights_sitenote_category":0},"product_brand":[],"product_cat":[86,352],"product_tag":[],"class_list":{"0":"post-408741","1":"product","2":"type-product","3":"status-publish","4":"has-post-thumbnail","6":"product_cat-infantil","7":"product_cat-infantil-3_infantil-juvenil-spa","9":"first","10":"instock","11":"taxable","12":"shipping-taxable","13":"purchasable","14":"product-type-simple"},"acf":{"autor":"JOSH LACEY","codart":"849442912","libros-coleccion":"","ediciones":"1","encuadernacion":"R\u00fastica","fecha_de_publicacion":"01\/02\/2016","novedad":"0","paginas":"60","subtitulo":"","orden":"999","portada":"0","idioma":"spa","editorial":[{"ID":147804,"post_author":"3","post_date":"2022-10-14 11:53:21","post_date_gmt":"2022-10-14 09:53:21","post_content":"","post_title":"EDICIONES EKARE","post_excerpt":"","post_status":"publish","comment_status":"closed","ping_status":"closed","post_password":"","post_name":"ediciones-ekare","to_ping":"","pinged":"","post_modified":"2022-10-14 11:53:21","post_modified_gmt":"2022-10-14 09:53:21","post_content_filtered":"","post_parent":0,"guid":"http:\/\/dev.claret.cat\/editorial\/ediciones-ekare\/","menu_order":0,"post_type":"editorial","post_mime_type":"","comment_count":"0","filter":"raw"}],"autores-libros":[{"ID":160888,"post_author":"3","post_date":"2022-10-14 15:56:41","post_date_gmt":"2022-10-14 13:56:41","post_content":"","post_title":"JOSH LACEY","post_excerpt":"","post_status":"publish","comment_status":"closed","ping_status":"closed","post_password":"","post_name":"josh-lacey","to_ping":"","pinged":"","post_modified":"2022-10-14 15:56:41","post_modified_gmt":"2022-10-14 13:56:41","post_content_filtered":"","post_parent":0,"guid":"http:\/\/dev.claret.cat\/autor\/josh-lacey\/","menu_order":0,"post_type":"autor","post_mime_type":"","comment_count":"0","filter":"raw"}]},"aioseo_notices":[],"_links":{"self":[{"href":"https:\/\/www.claret.cat\/es\/wp-json\/wp\/v2\/product\/408741","targetHints":{"allow":["GET"]}}],"collection":[{"href":"https:\/\/www.claret.cat\/es\/wp-json\/wp\/v2\/product"}],"about":[{"href":"https:\/\/www.claret.cat\/es\/wp-json\/wp\/v2\/types\/product"}],"wp:featuredmedia":[{"embeddable":true,"href":"https:\/\/www.claret.cat\/es\/wp-json\/wp\/v2\/media\/408742"}],"wp:attachment":[{"href":"https:\/\/www.claret.cat\/es\/wp-json\/wp\/v2\/media?parent=408741"}],"wp:term":[{"taxonomy":"product_brand","embeddable":true,"href":"https:\/\/www.claret.cat\/es\/wp-json\/wp\/v2\/product_brand?post=408741"},{"taxonomy":"product_cat","embeddable":true,"href":"https:\/\/www.claret.cat\/es\/wp-json\/wp\/v2\/product_cat?post=408741"},{"taxonomy":"product_tag","embeddable":true,"href":"https:\/\/www.claret.cat\/es\/wp-json\/wp\/v2\/product_tag?post=408741"}],"curies":[{"name":"wp","href":"https:\/\/api.w.org\/{rel}","templated":true}]}}