{"id":408777,"date":"2023-02-28T07:57:45","date_gmt":"2023-02-28T06:57:45","guid":{"rendered":"https:\/\/www.claret.cat\/llibre\/mi-pequeno-mar-9788494429576\/"},"modified":"2023-02-28T07:57:51","modified_gmt":"2023-02-28T06:57:51","slug":"mi-pequeno-mar-9788494429576","status":"publish","type":"product","link":"https:\/\/www.claret.cat\/es\/libro\/mi-pequeno-mar-9788494429576\/","title":{"rendered":"MI PEQUE\u00d1O MAR"},"content":{"rendered":"<p>En el nuevo t\u00edtulo de la exitosa serie de libros ecol\u00f3gicos, la foca, el cangrejo y la gaviota muestran d\u00f3nde viven y lo que se puede descubrir en el mar y en la playa.<\/p>\n<p> \u00bfQu\u00e9 pez tiene puntos rojos? \u00bfQu\u00e9 aspecto tienen las gambas? \u00bfQu\u00e9 plantas crecen en el fondo del mar?<\/p>\n<p> A trav\u00e9s de sencillos textos y dibujos, los ni\u00f1os aprenden a conocer el mar como lugar habitado.<\/p>\n<p> Katrin Wiehle, con formas claras, suaves colores y figuras entra\u00f1ables, incrementa el inter\u00e9s por el medio ambiente.<\/p>\n<p> Libro 100% natural. Hecho con el 100% de papel reciclado e impreso con tintas ecol\u00f3gicas.<\/p>\n","protected":false},"excerpt":{"rendered":"<p>WIEHLE, KATRIN<\/p>\n","protected":false},"featured_media":408778,"template":"","meta":{"_acf_changed":false,"om_disable_all_campaigns":false,"rs_blank_template":"","rs_page_bg_color":"","slide_template_v7":"","inline_featured_image":false,"_monsterinsights_skip_tracking":false,"_monsterinsights_sitenote_active":false,"_monsterinsights_sitenote_note":"","_monsterinsights_sitenote_category":0},"product_brand":[],"product_cat":[86,352],"product_tag":[],"class_list":{"0":"post-408777","1":"product","2":"type-product","3":"status-publish","4":"has-post-thumbnail","6":"product_cat-infantil","7":"product_cat-infantil-3_infantil-juvenil-spa","9":"first","10":"instock","11":"taxable","12":"shipping-taxable","13":"purchasable","14":"product-type-simple"},"acf":{"autor":"WIEHLE, KATRIN","codart":"849442957","libros-coleccion":"","ediciones":"1","encuadernacion":"Carpeta","fecha_de_publicacion":"01\/03\/2016","novedad":"0","paginas":"12","subtitulo":"","orden":"999","portada":"0","idioma":"spa","editorial":[{"ID":148459,"post_author":"3","post_date":"2022-10-14 11:58:24","post_date_gmt":"2022-10-14 09:58:24","post_content":"","post_title":"LOGUEZ EDICIONES","post_excerpt":"","post_status":"publish","comment_status":"closed","ping_status":"closed","post_password":"","post_name":"loguez-ediciones","to_ping":"","pinged":"","post_modified":"2022-10-14 11:58:24","post_modified_gmt":"2022-10-14 09:58:24","post_content_filtered":"","post_parent":0,"guid":"http:\/\/dev.claret.cat\/editorial\/loguez-ediciones\/","menu_order":0,"post_type":"editorial","post_mime_type":"","comment_count":"0","filter":"raw"}],"autores-libros":[{"ID":161562,"post_author":"3","post_date":"2022-10-14 17:19:12","post_date_gmt":"2022-10-14 15:19:12","post_content":"","post_title":"KATRIN WIEHLE","post_excerpt":"","post_status":"publish","comment_status":"closed","ping_status":"closed","post_password":"","post_name":"katrin-wiehle","to_ping":"","pinged":"","post_modified":"2022-10-14 17:19:12","post_modified_gmt":"2022-10-14 15:19:12","post_content_filtered":"","post_parent":0,"guid":"http:\/\/dev.claret.cat\/autor\/katrin-wiehle\/","menu_order":0,"post_type":"autor","post_mime_type":"","comment_count":"0","filter":"raw"}]},"aioseo_notices":[],"_links":{"self":[{"href":"https:\/\/www.claret.cat\/es\/wp-json\/wp\/v2\/product\/408777","targetHints":{"allow":["GET"]}}],"collection":[{"href":"https:\/\/www.claret.cat\/es\/wp-json\/wp\/v2\/product"}],"about":[{"href":"https:\/\/www.claret.cat\/es\/wp-json\/wp\/v2\/types\/product"}],"wp:featuredmedia":[{"embeddable":true,"href":"https:\/\/www.claret.cat\/es\/wp-json\/wp\/v2\/media\/408778"}],"wp:attachment":[{"href":"https:\/\/www.claret.cat\/es\/wp-json\/wp\/v2\/media?parent=408777"}],"wp:term":[{"taxonomy":"product_brand","embeddable":true,"href":"https:\/\/www.claret.cat\/es\/wp-json\/wp\/v2\/product_brand?post=408777"},{"taxonomy":"product_cat","embeddable":true,"href":"https:\/\/www.claret.cat\/es\/wp-json\/wp\/v2\/product_cat?post=408777"},{"taxonomy":"product_tag","embeddable":true,"href":"https:\/\/www.claret.cat\/es\/wp-json\/wp\/v2\/product_tag?post=408777"}],"curies":[{"name":"wp","href":"https:\/\/api.w.org\/{rel}","templated":true}]}}