{"id":40881,"date":"2022-10-02T19:32:01","date_gmt":"2022-10-02T17:32:01","guid":{"rendered":"http:\/\/dev.claret.cat\/producte\/los-dragones-traviesos-1-los-dragones-traviesos-se-meten-en-lios\/"},"modified":"2023-10-06T10:23:12","modified_gmt":"2023-10-06T08:23:12","slug":"los-dragones-traviesos-1-los-dragones-traviesos-se-meten-en-lios-9788469663936","status":"publish","type":"product","link":"https:\/\/www.claret.cat\/es\/libro\/los-dragones-traviesos-1-los-dragones-traviesos-se-meten-en-lios-9788469663936\/","title":{"rendered":"LOS DRAGONES TRAVIESOS, 1. LOS DRAGONES TRAVIESOS SE METEN EN L\u00cdOS"},"content":{"rendered":"<p>Cuando los padres de Ava y Jack deciden acoger a dos peque\u00f1os dragones, el sue\u00f1o de los ni\u00f1os se hace realidad. Pero los dragones, Grun y Faf, tienen un aut\u00e9ntico don para meterse en l\u00edos, y enseguida Ava y Jack se ven envueltos en unas aventuras incre\u00edbles y disparatadas. \u00bfY qu\u00e9 pasar\u00e1 cuando entre en escena un drag\u00f3n salvaje y muy peligroso?<br \/> El primer n\u00famero de una serie muy visual, \u00e1gil y din\u00e1mica, repleta de preciosas ilustraciones, aventuras locas, risas desenfrenadas y montones de travesuras.<\/p>\n","protected":false},"excerpt":{"rendered":"<p>PRIOR, NATALIE JANE<\/p>\n","protected":false},"featured_media":57289,"template":"","meta":{"_acf_changed":false,"om_disable_all_campaigns":false,"rs_blank_template":"","rs_page_bg_color":"","slide_template_v7":"","inline_featured_image":false,"_monsterinsights_skip_tracking":false,"_monsterinsights_sitenote_active":false,"_monsterinsights_sitenote_note":"","_monsterinsights_sitenote_category":0},"product_brand":[],"product_cat":[362],"product_tag":[],"class_list":{"0":"post-40881","1":"product","2":"type-product","3":"status-publish","4":"has-post-thumbnail","6":"product_cat-libros-preadolescentes-6-12-anos","8":"first","9":"instock","10":"taxable","11":"shipping-taxable","12":"purchasable","13":"product-type-simple"},"acf":{"autor":"PRIOR, NATALIE JANE","codart":"846966393","libros-coleccion":"Castellano - A Partir De 8 A\u00f1os - Person","ediciones":"1","encuadernacion":"R\u00fastica","fecha_de_publicacion":"01\/03\/2022","novedad":"1","paginas":"192","subtitulo":"","orden":"0","portada":"0","idioma":"spa","editorial":[{"ID":147936,"post_author":"3","post_date":"2022-10-14 11:54:22","post_date_gmt":"2022-10-14 09:54:22","post_content":"","post_title":"Editorial Bru\u00f1o","post_excerpt":"","post_status":"publish","comment_status":"closed","ping_status":"closed","post_password":"","post_name":"editorial-bruno","to_ping":"","pinged":"","post_modified":"2022-10-14 11:54:22","post_modified_gmt":"2022-10-14 09:54:22","post_content_filtered":"","post_parent":0,"guid":"http:\/\/dev.claret.cat\/editorial\/editorial-bruno\/","menu_order":0,"post_type":"editorial","post_mime_type":"","comment_count":"0","filter":"raw"}],"autores-libros":[{"ID":165673,"post_author":"3","post_date":"2022-10-14 17:57:03","post_date_gmt":"2022-10-14 15:57:03","post_content":"","post_title":"NATALIE JANE PRIOR","post_excerpt":"","post_status":"publish","comment_status":"closed","ping_status":"closed","post_password":"","post_name":"natalie-jane-prior","to_ping":"","pinged":"","post_modified":"2022-10-14 17:57:03","post_modified_gmt":"2022-10-14 15:57:03","post_content_filtered":"","post_parent":0,"guid":"http:\/\/dev.claret.cat\/autor\/natalie-jane-prior\/","menu_order":0,"post_type":"autor","post_mime_type":"","comment_count":"0","filter":"raw"}]},"aioseo_notices":[],"_links":{"self":[{"href":"https:\/\/www.claret.cat\/es\/wp-json\/wp\/v2\/product\/40881","targetHints":{"allow":["GET"]}}],"collection":[{"href":"https:\/\/www.claret.cat\/es\/wp-json\/wp\/v2\/product"}],"about":[{"href":"https:\/\/www.claret.cat\/es\/wp-json\/wp\/v2\/types\/product"}],"wp:featuredmedia":[{"embeddable":true,"href":"https:\/\/www.claret.cat\/es\/wp-json\/wp\/v2\/media\/57289"}],"wp:attachment":[{"href":"https:\/\/www.claret.cat\/es\/wp-json\/wp\/v2\/media?parent=40881"}],"wp:term":[{"taxonomy":"product_brand","embeddable":true,"href":"https:\/\/www.claret.cat\/es\/wp-json\/wp\/v2\/product_brand?post=40881"},{"taxonomy":"product_cat","embeddable":true,"href":"https:\/\/www.claret.cat\/es\/wp-json\/wp\/v2\/product_cat?post=40881"},{"taxonomy":"product_tag","embeddable":true,"href":"https:\/\/www.claret.cat\/es\/wp-json\/wp\/v2\/product_tag?post=40881"}],"curies":[{"name":"wp","href":"https:\/\/api.w.org\/{rel}","templated":true}]}}