{"id":40884,"date":"2022-10-02T19:32:04","date_gmt":"2022-10-02T17:32:04","guid":{"rendered":"http:\/\/dev.claret.cat\/producte\/els-dracs-entremaliats-1-els-dracs-entremaliats-fan-de-les-seves\/"},"modified":"2023-10-06T10:29:51","modified_gmt":"2023-10-06T08:29:51","slug":"els-dracs-entremaliats-1-els-dracs-entremaliats-fan-de-les-seves-9788413490885","status":"publish","type":"product","link":"https:\/\/www.claret.cat\/es\/libro\/els-dracs-entremaliats-1-els-dracs-entremaliats-fan-de-les-seves-9788413490885\/","title":{"rendered":"ELS DRACS ENTREMALIATS, 1. ELS DRACS ENTREMALIATS FAN DE LES SEVES"},"content":{"rendered":"<p>Quan els pares de l&#8217;Ava i el Jack decideixen acollir a casa dos dracs petits, els nens pensen que ser\u00e0 genial. Per\u00f2 els petits dracs tenen una tra\u00e7a especial per ficar-se en embolics i, aviat, l&#8217;Ava i el Jack es veuen arrossegats en un remol\u00ed d&#8217;aventures incre\u00efbles! I quan entri en escena un drac salvatge i perill\u00f3s, qu\u00e8 passar\u00e0?<\/p>\n","protected":false},"excerpt":{"rendered":"<p>PRIOR, NATALIE JANE<\/p>\n","protected":false},"featured_media":57291,"template":"","meta":{"_acf_changed":false,"om_disable_all_campaigns":false,"rs_blank_template":"","rs_page_bg_color":"","slide_template_v7":"","inline_featured_image":false,"_monsterinsights_skip_tracking":false,"_monsterinsights_sitenote_active":false,"_monsterinsights_sitenote_note":"","_monsterinsights_sitenote_category":0},"product_brand":[],"product_cat":[132],"product_tag":[],"class_list":{"0":"post-40884","1":"product","2":"type-product","3":"status-publish","4":"has-post-thumbnail","6":"product_cat-lectures-per-preadolescents-6-12-anys","8":"first","9":"instock","10":"taxable","11":"shipping-taxable","12":"purchasable","13":"product-type-simple"},"acf":{"autor":"PRIOR, NATALIE JANE","codart":"841349088","libros-coleccion":"Castellano - A Partir De 8 A\u00f1os - Person","ediciones":"1","encuadernacion":"R\u00fastica","fecha_de_publicacion":"01\/03\/2022","novedad":"1","paginas":"192","subtitulo":"","orden":"0","portada":"0","idioma":"cat","editorial":[{"ID":147936,"post_author":"3","post_date":"2022-10-14 11:54:22","post_date_gmt":"2022-10-14 09:54:22","post_content":"","post_title":"Editorial Bru\u00f1o","post_excerpt":"","post_status":"publish","comment_status":"closed","ping_status":"closed","post_password":"","post_name":"editorial-bruno","to_ping":"","pinged":"","post_modified":"2022-10-14 11:54:22","post_modified_gmt":"2022-10-14 09:54:22","post_content_filtered":"","post_parent":0,"guid":"http:\/\/dev.claret.cat\/editorial\/editorial-bruno\/","menu_order":0,"post_type":"editorial","post_mime_type":"","comment_count":"0","filter":"raw"}],"autores-libros":[{"ID":165673,"post_author":"3","post_date":"2022-10-14 17:57:03","post_date_gmt":"2022-10-14 15:57:03","post_content":"","post_title":"NATALIE JANE PRIOR","post_excerpt":"","post_status":"publish","comment_status":"closed","ping_status":"closed","post_password":"","post_name":"natalie-jane-prior","to_ping":"","pinged":"","post_modified":"2022-10-14 17:57:03","post_modified_gmt":"2022-10-14 15:57:03","post_content_filtered":"","post_parent":0,"guid":"http:\/\/dev.claret.cat\/autor\/natalie-jane-prior\/","menu_order":0,"post_type":"autor","post_mime_type":"","comment_count":"0","filter":"raw"}]},"aioseo_notices":[],"_links":{"self":[{"href":"https:\/\/www.claret.cat\/es\/wp-json\/wp\/v2\/product\/40884","targetHints":{"allow":["GET"]}}],"collection":[{"href":"https:\/\/www.claret.cat\/es\/wp-json\/wp\/v2\/product"}],"about":[{"href":"https:\/\/www.claret.cat\/es\/wp-json\/wp\/v2\/types\/product"}],"wp:featuredmedia":[{"embeddable":true,"href":"https:\/\/www.claret.cat\/es\/wp-json\/wp\/v2\/media\/57291"}],"wp:attachment":[{"href":"https:\/\/www.claret.cat\/es\/wp-json\/wp\/v2\/media?parent=40884"}],"wp:term":[{"taxonomy":"product_brand","embeddable":true,"href":"https:\/\/www.claret.cat\/es\/wp-json\/wp\/v2\/product_brand?post=40884"},{"taxonomy":"product_cat","embeddable":true,"href":"https:\/\/www.claret.cat\/es\/wp-json\/wp\/v2\/product_cat?post=40884"},{"taxonomy":"product_tag","embeddable":true,"href":"https:\/\/www.claret.cat\/es\/wp-json\/wp\/v2\/product_tag?post=40884"}],"curies":[{"name":"wp","href":"https:\/\/api.w.org\/{rel}","templated":true}]}}