{"id":408894,"date":"2023-02-28T08:05:02","date_gmt":"2023-02-28T07:05:02","guid":{"rendered":"https:\/\/www.claret.cat\/llibre\/pantocrator-9788494459030\/"},"modified":"2023-02-28T08:05:08","modified_gmt":"2023-02-28T07:05:08","slug":"pantocrator-9788494459030","status":"publish","type":"product","link":"https:\/\/www.claret.cat\/es\/libro\/pantocrator-9788494459030\/","title":{"rendered":"PANTOCR\u00c0TOR"},"content":{"rendered":"<p>L\u2019any 1907 Josep Puig i Cadafalch i el seu equip (format pel moss\u00e8n Josep Gudiol, el fot\u00f2graf Adolf Mas, el jurista Josep Guillem Maria de Broc\u00e0 i l\u2019arquitecte Josep Goday) emprenen un emocionant viatge en el temps. Des de Luishon fins a Roda d\u2019Is\u00e0vena, recorren quatre valls pirinenques plenes d\u2019interessants vestigis rom\u00e0nics que de seguida s\u2019apressen a mesurar, inventariar, dibuixar i fotografiar. M\u00e9s de cent anys m\u00e9s tard, l\u2019Enric Soler es posa en cam\u00ed i ressegueix les seves petges, buscant entre les pedres dels senders els anhels dels quatre expedicionaris&#8230; Inevitablement, topa amb les passes pret\u00e8rites d\u2019altres caminants, viatgers i pirineistes que, com ell ara fa, solcaren els antics camins de les muntanyes: Josep Maria Espin\u00e0s, Camilo Jose Cela, N\u00faria Garcia Quera o Juli Soler i Santal\u00f3, entre d\u2019altres, acompanyen l\u2019Enric, que va fent el seu viatge, suma de tants altres camins, de tants altres caminants&#8230; I com a nexe: el bell\u00edssim rom\u00e0nic pirinenc de les quatre valls, transitades per l\u2019equip de la \u00abMissi\u00f3 Arqueol\u00f2gica de 1907.\u00bb<\/p>\n","protected":false},"excerpt":{"rendered":"<p>SOLER RASPALL, ENRIC<\/p>\n","protected":false},"featured_media":408895,"template":"","meta":{"_acf_changed":false,"om_disable_all_campaigns":false,"rs_blank_template":"","rs_page_bg_color":"","slide_template_v7":"","inline_featured_image":false,"_monsterinsights_skip_tracking":false,"_monsterinsights_sitenote_active":false,"_monsterinsights_sitenote_note":"","_monsterinsights_sitenote_category":0},"product_brand":[],"product_cat":[110,560,549,99,351,85],"product_tag":[],"class_list":{"0":"post-408894","1":"product","2":"type-product","3":"status-publish","4":"has-post-thumbnail","6":"product_cat-art","7":"product_cat-arte","8":"product_cat-biografias","9":"product_cat-biografies","10":"product_cat-historia-2_humanidades","11":"product_cat-historia","13":"first","14":"instock","15":"taxable","16":"shipping-taxable","17":"purchasable","18":"product-type-simple"},"acf":{"autor":"SOLER RASPALL, ENRIC","codart":"849445903","libros-coleccion":"","ediciones":"1","encuadernacion":"R\u00fastica","fecha_de_publicacion":"01\/03\/2016","novedad":"0","paginas":"328","subtitulo":"SEGUINT LES PASSES DE PUIG I CADAFALCH I LA 'MISSI\u00d3 ARQUEOL\u00d2GICA DE 1907'","orden":"999","portada":"0","idioma":"cat","editorial":[{"ID":148912,"post_author":"3","post_date":"2022-10-14 12:01:58","post_date_gmt":"2022-10-14 10:01:58","post_content":"","post_title":"TUSHITA EDICIONS","post_excerpt":"","post_status":"publish","comment_status":"closed","ping_status":"closed","post_password":"","post_name":"tushita-edicions","to_ping":"","pinged":"","post_modified":"2022-10-14 12:01:58","post_modified_gmt":"2022-10-14 10:01:58","post_content_filtered":"","post_parent":0,"guid":"http:\/\/dev.claret.cat\/editorial\/tushita-edicions\/","menu_order":0,"post_type":"editorial","post_mime_type":"","comment_count":"0","filter":"raw"}],"autores-libros":[{"ID":408893,"post_author":"3","post_date":"2023-02-28 08:05:00","post_date_gmt":"2023-02-28 07:05:00","post_content":"","post_title":"ENRIC SOLER RASPALL","post_excerpt":"","post_status":"publish","comment_status":"closed","ping_status":"closed","post_password":"","post_name":"enric-soler-raspall","to_ping":"","pinged":"","post_modified":"2023-02-28 08:05:00","post_modified_gmt":"2023-02-28 07:05:00","post_content_filtered":"","post_parent":0,"guid":"https:\/\/www.claret.cat\/autor\/enric-soler-raspall\/","menu_order":0,"post_type":"autor","post_mime_type":"","comment_count":"0","filter":"raw"}]},"aioseo_notices":[],"_links":{"self":[{"href":"https:\/\/www.claret.cat\/es\/wp-json\/wp\/v2\/product\/408894","targetHints":{"allow":["GET"]}}],"collection":[{"href":"https:\/\/www.claret.cat\/es\/wp-json\/wp\/v2\/product"}],"about":[{"href":"https:\/\/www.claret.cat\/es\/wp-json\/wp\/v2\/types\/product"}],"wp:featuredmedia":[{"embeddable":true,"href":"https:\/\/www.claret.cat\/es\/wp-json\/wp\/v2\/media\/408895"}],"wp:attachment":[{"href":"https:\/\/www.claret.cat\/es\/wp-json\/wp\/v2\/media?parent=408894"}],"wp:term":[{"taxonomy":"product_brand","embeddable":true,"href":"https:\/\/www.claret.cat\/es\/wp-json\/wp\/v2\/product_brand?post=408894"},{"taxonomy":"product_cat","embeddable":true,"href":"https:\/\/www.claret.cat\/es\/wp-json\/wp\/v2\/product_cat?post=408894"},{"taxonomy":"product_tag","embeddable":true,"href":"https:\/\/www.claret.cat\/es\/wp-json\/wp\/v2\/product_tag?post=408894"}],"curies":[{"name":"wp","href":"https:\/\/api.w.org\/{rel}","templated":true}]}}