{"id":408901,"date":"2023-02-28T08:05:28","date_gmt":"2023-02-28T07:05:28","guid":{"rendered":"https:\/\/www.claret.cat\/llibre\/amor-y-otras-idioteces-el-9788494465314\/"},"modified":"2023-02-28T08:05:34","modified_gmt":"2023-02-28T07:05:34","slug":"amor-y-otras-idioteces-el-9788494465314","status":"publish","type":"product","link":"https:\/\/www.claret.cat\/es\/libro\/amor-y-otras-idioteces-el-9788494465314\/","title":{"rendered":"AMOR Y OTRAS IDIOTECES, EL"},"content":{"rendered":"<p>\u00abEl amor es como el pan: si no es del d\u00eda, se queda duro\u00bb. As\u00ed comienza el Dec\u00e1logo para noveles en el amor, ep\u00edlogo de una obra de Jos\u00e9 Pedro Manglano que nos engancha desde el comienzo. El autor va desmontando una a una las ideas que sobre la libertad y las relaciones han arraigado en los \u00faltimos a\u00f1os, y recupera una concepci\u00f3n del amor m\u00e1s verdadera y humana. En un libro \u00e1gil, f\u00e1cil de leer y ameno, Jos\u00e9 Pedro Manglano huye de teorizar en abstracto e ilustra sus planteamientos con personajes de la literatura contempor\u00e1nea. Plantea al lector una serie de preguntas sobre la naturaleza del amor: \u00bfqu\u00e9 es lo que amo cuando digo que amo? \u00bfC\u00f3mo puedo identificar el amor y diferenciarlo de las sensaciones subjetivas que despierta en m\u00ed otra persona? \u00bfQu\u00e9 sentido tiene el matrimonio, si lo importante ya lo tenemos nosotros solos? \u00abEn amor solo hay dos calificaciones: sobresaliente o suspenso\u00bb. Con habilidad y maestr\u00eda, Jos\u00e9 Pedro Manglano nos propone un arte de amar moderno, escrito con sabidur\u00eda y buen humor, que no solo ayudar\u00e1 a conseguir el amor, sino, lo que es m\u00e1s importante, a mantenerlo.<\/p>\n","protected":false},"excerpt":{"rendered":"<p>MANGLANO, JOSE PEDRO<\/p>\n","protected":false},"featured_media":408902,"template":"","meta":{"_acf_changed":false,"om_disable_all_campaigns":false,"rs_blank_template":"","rs_page_bg_color":"","slide_template_v7":"","inline_featured_image":false,"_monsterinsights_skip_tracking":false,"_monsterinsights_sitenote_active":false,"_monsterinsights_sitenote_note":"","_monsterinsights_sitenote_category":0},"product_brand":[],"product_cat":[100,550],"product_tag":[],"class_list":{"0":"post-408901","1":"product","2":"type-product","3":"status-publish","4":"has-post-thumbnail","6":"product_cat-escola-de-pares","7":"product_cat-escuela-de-padres-3_infantil-juvenil-spa-spa","9":"first","10":"instock","11":"taxable","12":"shipping-taxable","13":"purchasable","14":"product-type-simple"},"acf":{"autor":"MANGLANO, JOSE PEDRO","codart":"849446531","libros-coleccion":"","ediciones":"1","encuadernacion":"Carpeta","fecha_de_publicacion":"01\/02\/2016","novedad":"0","paginas":"130","subtitulo":"","orden":"999","portada":"0","idioma":"spa","editorial":[{"ID":148160,"post_author":"3","post_date":"2022-10-14 11:56:06","post_date_gmt":"2022-10-14 09:56:06","post_content":"","post_title":"Freshbook","post_excerpt":"","post_status":"publish","comment_status":"closed","ping_status":"closed","post_password":"","post_name":"freshbook","to_ping":"","pinged":"","post_modified":"2022-10-14 11:56:06","post_modified_gmt":"2022-10-14 09:56:06","post_content_filtered":"","post_parent":0,"guid":"http:\/\/dev.claret.cat\/editorial\/freshbook\/","menu_order":0,"post_type":"editorial","post_mime_type":"","comment_count":"0","filter":"raw"}],"autores-libros":[{"ID":160540,"post_author":"3","post_date":"2022-10-14 15:53:54","post_date_gmt":"2022-10-14 13:53:54","post_content":"","post_title":"JOS\u00c9 PEDRO MANGLANO","post_excerpt":"","post_status":"publish","comment_status":"closed","ping_status":"closed","post_password":"","post_name":"jose-pedro-manglano","to_ping":"","pinged":"","post_modified":"2022-10-14 15:53:54","post_modified_gmt":"2022-10-14 13:53:54","post_content_filtered":"","post_parent":0,"guid":"http:\/\/dev.claret.cat\/autor\/jose-pedro-manglano\/","menu_order":0,"post_type":"autor","post_mime_type":"","comment_count":"0","filter":"raw"}]},"aioseo_notices":[],"_links":{"self":[{"href":"https:\/\/www.claret.cat\/es\/wp-json\/wp\/v2\/product\/408901","targetHints":{"allow":["GET"]}}],"collection":[{"href":"https:\/\/www.claret.cat\/es\/wp-json\/wp\/v2\/product"}],"about":[{"href":"https:\/\/www.claret.cat\/es\/wp-json\/wp\/v2\/types\/product"}],"wp:featuredmedia":[{"embeddable":true,"href":"https:\/\/www.claret.cat\/es\/wp-json\/wp\/v2\/media\/408902"}],"wp:attachment":[{"href":"https:\/\/www.claret.cat\/es\/wp-json\/wp\/v2\/media?parent=408901"}],"wp:term":[{"taxonomy":"product_brand","embeddable":true,"href":"https:\/\/www.claret.cat\/es\/wp-json\/wp\/v2\/product_brand?post=408901"},{"taxonomy":"product_cat","embeddable":true,"href":"https:\/\/www.claret.cat\/es\/wp-json\/wp\/v2\/product_cat?post=408901"},{"taxonomy":"product_tag","embeddable":true,"href":"https:\/\/www.claret.cat\/es\/wp-json\/wp\/v2\/product_tag?post=408901"}],"curies":[{"name":"wp","href":"https:\/\/api.w.org\/{rel}","templated":true}]}}