{"id":409000,"date":"2023-02-28T08:11:15","date_gmt":"2023-02-28T07:11:15","guid":{"rendered":"https:\/\/www.claret.cat\/llibre\/puesto-que-todo-esta-en-vias-de-destruccion-9788494506963\/"},"modified":"2026-02-12T17:20:53","modified_gmt":"2026-02-12T16:20:53","slug":"puesto-que-todo-esta-en-vias-de-destruccion-9788494506963","status":"publish","type":"product","link":"https:\/\/www.claret.cat\/es\/libro\/puesto-que-todo-esta-en-vias-de-destruccion-9788494506963\/","title":{"rendered":"PUESTO QUE TODO EST\u00c1 EN V\u00cdAS DE DESTRUCCI\u00d3N"},"content":{"rendered":"","protected":false},"excerpt":{"rendered":"<p>HADJADJ, FABRICE<\/p>\n","protected":false},"featured_media":1083641,"template":"","meta":{"_acf_changed":false,"om_disable_all_campaigns":false,"rs_blank_template":"","rs_page_bg_color":"","slide_template_v7":"","inline_featured_image":false,"_monsterinsights_skip_tracking":false,"_monsterinsights_sitenote_active":false,"_monsterinsights_sitenote_note":"","_monsterinsights_sitenote_category":0},"product_brand":[],"product_cat":[275,413,288,514,291,517],"product_tag":[],"class_list":{"0":"post-409000","1":"product","2":"type-product","3":"status-publish","4":"has-post-thumbnail","6":"product_cat-fonamental","7":"product_cat-fundamental","8":"product_cat-moral-fonamental","9":"product_cat-moral-fundamental","10":"product_cat-moral-social-i-politica","11":"product_cat-moral-social-y-politica","13":"first","14":"instock","15":"taxable","16":"shipping-taxable","17":"purchasable","18":"product-type-simple"},"acf":{"autor":"HADJADJ, FABRICE","codart":"849450696","libros-coleccion":"Are\u00f3pagos","ediciones":"1","encuadernacion":"R\u00fastica","fecha_de_publicacion":"01\/06\/2016","novedad":"0","paginas":"188","subtitulo":"REFLEXIONES SOBRE EL FIN DE LA CULTURA Y DE LA MODERNIDAD","orden":"0","portada":"0","idioma":"spa","editorial":[{"ID":148011,"post_author":"3","post_date":"2022-10-14 11:54:57","post_date_gmt":"2022-10-14 09:54:57","post_content":"","post_title":"EDITORIAL NUEVO INICIO","post_excerpt":"","post_status":"publish","comment_status":"closed","ping_status":"closed","post_password":"","post_name":"editorial-nuevo-inicio","to_ping":"","pinged":"","post_modified":"2022-10-14 11:54:57","post_modified_gmt":"2022-10-14 09:54:57","post_content_filtered":"","post_parent":0,"guid":"http:\/\/dev.claret.cat\/editorial\/editorial-nuevo-inicio\/","menu_order":0,"post_type":"editorial","post_mime_type":"","comment_count":"0","filter":"raw"}],"autores-libros":[{"ID":155615,"post_author":"3","post_date":"2022-10-14 15:14:15","post_date_gmt":"2022-10-14 13:14:15","post_content":"","post_title":"FABRICE HADJADJ","post_excerpt":"","post_status":"publish","comment_status":"closed","ping_status":"closed","post_password":"","post_name":"fabrice-hadjadj","to_ping":"","pinged":"","post_modified":"2022-10-14 15:14:15","post_modified_gmt":"2022-10-14 13:14:15","post_content_filtered":"","post_parent":0,"guid":"http:\/\/dev.claret.cat\/autor\/fabrice-hadjadj\/","menu_order":0,"post_type":"autor","post_mime_type":"","comment_count":"0","filter":"raw"}],"booktrailer":"","resenas":""},"aioseo_notices":[],"_links":{"self":[{"href":"https:\/\/www.claret.cat\/es\/wp-json\/wp\/v2\/product\/409000","targetHints":{"allow":["GET"]}}],"collection":[{"href":"https:\/\/www.claret.cat\/es\/wp-json\/wp\/v2\/product"}],"about":[{"href":"https:\/\/www.claret.cat\/es\/wp-json\/wp\/v2\/types\/product"}],"wp:featuredmedia":[{"embeddable":true,"href":"https:\/\/www.claret.cat\/es\/wp-json\/wp\/v2\/media\/1083641"}],"wp:attachment":[{"href":"https:\/\/www.claret.cat\/es\/wp-json\/wp\/v2\/media?parent=409000"}],"wp:term":[{"taxonomy":"product_brand","embeddable":true,"href":"https:\/\/www.claret.cat\/es\/wp-json\/wp\/v2\/product_brand?post=409000"},{"taxonomy":"product_cat","embeddable":true,"href":"https:\/\/www.claret.cat\/es\/wp-json\/wp\/v2\/product_cat?post=409000"},{"taxonomy":"product_tag","embeddable":true,"href":"https:\/\/www.claret.cat\/es\/wp-json\/wp\/v2\/product_tag?post=409000"}],"curies":[{"name":"wp","href":"https:\/\/api.w.org\/{rel}","templated":true}]}}