{"id":409090,"date":"2023-02-28T08:17:00","date_gmt":"2023-02-28T07:17:00","guid":{"rendered":"https:\/\/www.claret.cat\/llibre\/emily-bronte-poemas-9788494807350\/"},"modified":"2023-02-28T08:17:05","modified_gmt":"2023-02-28T07:17:05","slug":"emily-bronte-poemas-9788494807350","status":"publish","type":"product","link":"https:\/\/www.claret.cat\/es\/libro\/emily-bronte-poemas-9788494807350\/","title":{"rendered":"EMILY BRONT\u00cb. POEMAS"},"content":{"rendered":"<p>La obra literaria de Emily Bront\u00eb no es abundante, pero extraordinaria, a\u00fan hoy se la recuerda como uno de los grandes exponentes del romanticismo y se la ha reconocido como una de las mejores poetas del siglo XIX. En esta edici\u00f3n de arte, recogemos dieciocho excelentes poemas publicados por primera vez en 1845, donde la autora nos muestra una parcela de sus propias vivencias con una l\u00edrica inconfundible.<\/p>\n","protected":false},"excerpt":{"rendered":"<p>BRONT\u00cb, EMILY<\/p>\n","protected":false},"featured_media":409091,"template":"","meta":{"_acf_changed":false,"om_disable_all_campaigns":false,"rs_blank_template":"","rs_page_bg_color":"","slide_template_v7":"","inline_featured_image":false,"_monsterinsights_skip_tracking":false,"_monsterinsights_sitenote_active":false,"_monsterinsights_sitenote_note":"","_monsterinsights_sitenote_category":0},"product_brand":[],"product_cat":[353,87],"product_tag":[],"class_list":{"0":"post-409090","1":"product","2":"type-product","3":"status-publish","4":"has-post-thumbnail","6":"product_cat-literatura-2_humanidades","7":"product_cat-literatura","9":"first","10":"instock","11":"taxable","12":"shipping-taxable","13":"purchasable","14":"product-type-simple"},"acf":{"autor":"BRONT\u00cb, EMILY","codart":"849480735","libros-coleccion":"Cl\u00e1sicos","ediciones":"1","encuadernacion":"Carton\u00e9","fecha_de_publicacion":"01\/04\/2019","novedad":"1","paginas":"32","subtitulo":"","orden":"0","portada":"0","idioma":"spa","editorial":[{"ID":148942,"post_author":"3","post_date":"2022-10-14 12:02:12","post_date_gmt":"2022-10-14 10:02:12","post_content":"","post_title":"UVE BOOKS","post_excerpt":"","post_status":"publish","comment_status":"closed","ping_status":"closed","post_password":"","post_name":"uve-books","to_ping":"","pinged":"","post_modified":"2022-10-14 12:02:12","post_modified_gmt":"2022-10-14 10:02:12","post_content_filtered":"","post_parent":0,"guid":"http:\/\/dev.claret.cat\/editorial\/uve-books\/","menu_order":0,"post_type":"editorial","post_mime_type":"","comment_count":"0","filter":"raw"}],"autores-libros":[{"ID":155005,"post_author":"3","post_date":"2022-10-14 15:09:24","post_date_gmt":"2022-10-14 13:09:24","post_content":"","post_title":"EMILY BRONTE","post_excerpt":"","post_status":"publish","comment_status":"closed","ping_status":"closed","post_password":"","post_name":"emily-bronte","to_ping":"","pinged":"","post_modified":"2022-10-14 15:09:24","post_modified_gmt":"2022-10-14 13:09:24","post_content_filtered":"","post_parent":0,"guid":"http:\/\/dev.claret.cat\/autor\/emily-bronte\/","menu_order":0,"post_type":"autor","post_mime_type":"","comment_count":"0","filter":"raw"}]},"aioseo_notices":[],"_links":{"self":[{"href":"https:\/\/www.claret.cat\/es\/wp-json\/wp\/v2\/product\/409090","targetHints":{"allow":["GET"]}}],"collection":[{"href":"https:\/\/www.claret.cat\/es\/wp-json\/wp\/v2\/product"}],"about":[{"href":"https:\/\/www.claret.cat\/es\/wp-json\/wp\/v2\/types\/product"}],"wp:featuredmedia":[{"embeddable":true,"href":"https:\/\/www.claret.cat\/es\/wp-json\/wp\/v2\/media\/409091"}],"wp:attachment":[{"href":"https:\/\/www.claret.cat\/es\/wp-json\/wp\/v2\/media?parent=409090"}],"wp:term":[{"taxonomy":"product_brand","embeddable":true,"href":"https:\/\/www.claret.cat\/es\/wp-json\/wp\/v2\/product_brand?post=409090"},{"taxonomy":"product_cat","embeddable":true,"href":"https:\/\/www.claret.cat\/es\/wp-json\/wp\/v2\/product_cat?post=409090"},{"taxonomy":"product_tag","embeddable":true,"href":"https:\/\/www.claret.cat\/es\/wp-json\/wp\/v2\/product_tag?post=409090"}],"curies":[{"name":"wp","href":"https:\/\/api.w.org\/{rel}","templated":true}]}}