{"id":409199,"date":"2023-02-28T08:24:01","date_gmt":"2023-02-28T07:24:01","guid":{"rendered":"https:\/\/www.claret.cat\/llibre\/enero-9788494939204\/"},"modified":"2023-02-28T08:24:07","modified_gmt":"2023-02-28T07:24:07","slug":"enero-9788494939204","status":"publish","type":"product","link":"https:\/\/www.claret.cat\/es\/libro\/enero-9788494939204\/","title":{"rendered":"ENERO"},"content":{"rendered":"<p>Empezando el a\u00f1o. Nuevos cristianos \u00a1Un a\u00f1o por delante! \u00bfEs verdad que a\u00f1o nuevo equivale a vida nueva? Puede que s\u00ed, puede que no: depende de cada uno. Aqu\u00ed tienes alguna consideraci\u00f3n para cada d\u00eda que te ayudar\u00e1 a que, en un t\u00fa a t\u00fa con Jes\u00fas de Nazaret, te hagas un hombre nuevo, un nuevo cristiano. Volver a empezar, repasar los fundamentos, quitar polvo a las ideas madres&#8230; puede conquistar de Dios este mes que haga de ti un nuevo cristiano.<\/p>\n","protected":false},"excerpt":{"rendered":"<p>CREO<\/p>\n","protected":false},"featured_media":409200,"template":"","meta":{"_acf_changed":false,"om_disable_all_campaigns":false,"rs_blank_template":"","rs_page_bg_color":"","slide_template_v7":"","inline_featured_image":false,"_monsterinsights_skip_tracking":false,"_monsterinsights_sitenote_active":false,"_monsterinsights_sitenote_note":"","_monsterinsights_sitenote_category":0},"product_brand":[],"product_cat":[90,540],"product_tag":[],"class_list":{"0":"post-409199","1":"product","2":"type-product","3":"status-publish","4":"has-post-thumbnail","6":"product_cat-altres","7":"product_cat-otros","9":"first","10":"instock","11":"taxable","12":"shipping-taxable","13":"purchasable","14":"product-type-simple"},"acf":{"autor":"CREO","codart":"849493920","libros-coleccion":"","ediciones":"1","encuadernacion":"Carpeta","fecha_de_publicacion":"01\/12\/2018","novedad":"0","paginas":"95","subtitulo":"","orden":"999","portada":"0","idioma":"spa","editorial":[{"ID":147673,"post_author":"3","post_date":"2022-10-14 11:52:22","post_date_gmt":"2022-10-14 09:52:22","post_content":"","post_title":"CREO","post_excerpt":"","post_status":"publish","comment_status":"closed","ping_status":"closed","post_password":"","post_name":"creo","to_ping":"","pinged":"","post_modified":"2022-10-14 11:52:22","post_modified_gmt":"2022-10-14 09:52:22","post_content_filtered":"","post_parent":0,"guid":"http:\/\/dev.claret.cat\/editorial\/creo\/","menu_order":0,"post_type":"editorial","post_mime_type":"","comment_count":"0","filter":"raw"}],"autores-libros":[{"ID":153281,"post_author":"3","post_date":"2022-10-14 14:55:31","post_date_gmt":"2022-10-14 12:55:31","post_content":"","post_title":"CREO","post_excerpt":"","post_status":"publish","comment_status":"closed","ping_status":"closed","post_password":"","post_name":"creo","to_ping":"","pinged":"","post_modified":"2022-10-14 14:55:31","post_modified_gmt":"2022-10-14 12:55:31","post_content_filtered":"","post_parent":0,"guid":"http:\/\/dev.claret.cat\/autor\/creo\/","menu_order":0,"post_type":"autor","post_mime_type":"","comment_count":"0","filter":"raw"}]},"aioseo_notices":[],"_links":{"self":[{"href":"https:\/\/www.claret.cat\/es\/wp-json\/wp\/v2\/product\/409199","targetHints":{"allow":["GET"]}}],"collection":[{"href":"https:\/\/www.claret.cat\/es\/wp-json\/wp\/v2\/product"}],"about":[{"href":"https:\/\/www.claret.cat\/es\/wp-json\/wp\/v2\/types\/product"}],"wp:featuredmedia":[{"embeddable":true,"href":"https:\/\/www.claret.cat\/es\/wp-json\/wp\/v2\/media\/409200"}],"wp:attachment":[{"href":"https:\/\/www.claret.cat\/es\/wp-json\/wp\/v2\/media?parent=409199"}],"wp:term":[{"taxonomy":"product_brand","embeddable":true,"href":"https:\/\/www.claret.cat\/es\/wp-json\/wp\/v2\/product_brand?post=409199"},{"taxonomy":"product_cat","embeddable":true,"href":"https:\/\/www.claret.cat\/es\/wp-json\/wp\/v2\/product_cat?post=409199"},{"taxonomy":"product_tag","embeddable":true,"href":"https:\/\/www.claret.cat\/es\/wp-json\/wp\/v2\/product_tag?post=409199"}],"curies":[{"name":"wp","href":"https:\/\/api.w.org\/{rel}","templated":true}]}}