{"id":409273,"date":"2023-02-28T08:29:04","date_gmt":"2023-02-28T07:29:04","guid":{"rendered":"https:\/\/www.claret.cat\/llibre\/invencibles-9788494977435\/"},"modified":"2025-04-07T11:22:24","modified_gmt":"2025-04-07T09:22:24","slug":"invencibles-9788494977435","status":"publish","type":"product","link":"https:\/\/www.claret.cat\/es\/libro\/invencibles-9788494977435\/","title":{"rendered":"INVENCIBLES"},"content":{"rendered":"<p>En Guim i l&#8217;Arlet s&#8217;estimen i es barallen com tots els germans, per\u00f2 junts s\u00f3n invencibles. Perqu\u00e8 l&#8217;un al costa de l&#8217;altra s\u00f3n m\u00e9s forts i m\u00e9s valents. Aquest \u00e9s un conte basat en la can\u00e7o hom\u00f2nima d&#8217;Els Catarres que parla dels sentiments entre els germans i del poder de la imaginaci\u00f3 amb qu\u00e8 converteixen el seu dia a dia en una aventura.<\/p>\n","protected":false},"excerpt":{"rendered":"<p>FIGUERAS TORTRAS, LAIA \/ PUYUELO CAPELLAS, N\u00daRIA<\/p>\n","protected":false},"featured_media":409274,"template":"","meta":{"_acf_changed":false,"om_disable_all_campaigns":false,"rs_blank_template":"","rs_page_bg_color":"","slide_template_v7":"","inline_featured_image":false,"_monsterinsights_skip_tracking":false,"_monsterinsights_sitenote_active":false,"_monsterinsights_sitenote_note":"","_monsterinsights_sitenote_category":0},"product_brand":[],"product_cat":[86,352],"product_tag":[],"class_list":{"0":"post-409273","1":"product","2":"type-product","3":"status-publish","4":"has-post-thumbnail","6":"product_cat-infantil","7":"product_cat-infantil-3_infantil-juvenil-spa","9":"first","10":"instock","11":"taxable","12":"shipping-taxable","13":"purchasable","14":"product-type-simple"},"acf":{"autor":"FIGUERAS TORTRAS, LAIA \/ PUYUELO CAPELLAS, N\u00daRIA","codart":"849497743","libros-coleccion":"(CAT).ALBUMS IL\u00b7LUSTRATS","ediciones":"1","encuadernacion":"Carton\u00e9","fecha_de_publicacion":"01\/06\/2019","novedad":"1","paginas":"32","subtitulo":"UNA CAN\u00c7\u00d3 CONTADA D'ELS CATARRES","orden":"0","portada":"0","idioma":"cat","editorial":[{"ID":148010,"post_author":"3","post_date":"2022-10-14 11:54:56","post_date_gmt":"2022-10-14 09:54:56","post_content":"","post_title":"Editorial Nanit","post_excerpt":"","post_status":"publish","comment_status":"closed","ping_status":"closed","post_password":"","post_name":"editorial-nanit","to_ping":"","pinged":"","post_modified":"2022-10-14 11:54:56","post_modified_gmt":"2022-10-14 09:54:56","post_content_filtered":"","post_parent":0,"guid":"http:\/\/dev.claret.cat\/editorial\/editorial-nanit\/","menu_order":0,"post_type":"editorial","post_mime_type":"","comment_count":"0","filter":"raw"}],"autores-libros":[{"ID":161836,"post_author":"3","post_date":"2022-10-14 17:26:15","post_date_gmt":"2022-10-14 15:26:15","post_content":"","post_title":"LAIA FIGUERAS TORTRAS","post_excerpt":"","post_status":"publish","comment_status":"closed","ping_status":"closed","post_password":"","post_name":"laia-figueras-tortras","to_ping":"","pinged":"","post_modified":"2022-10-14 17:26:15","post_modified_gmt":"2022-10-14 15:26:15","post_content_filtered":"","post_parent":0,"guid":"http:\/\/dev.claret.cat\/autor\/laia-figueras-tortras\/","menu_order":0,"post_type":"autor","post_mime_type":"","comment_count":"0","filter":"raw"},{"ID":166066,"post_author":"3","post_date":"2022-10-14 18:00:09","post_date_gmt":"2022-10-14 16:00:09","post_content":"","post_title":"N\u00daRIA PUYUELO CAPELLAS","post_excerpt":"","post_status":"publish","comment_status":"closed","ping_status":"closed","post_password":"","post_name":"nuria-puyuelo-capellas","to_ping":"","pinged":"","post_modified":"2022-10-14 18:00:09","post_modified_gmt":"2022-10-14 16:00:09","post_content_filtered":"","post_parent":0,"guid":"http:\/\/dev.claret.cat\/autor\/nuria-puyuelo-capellas\/","menu_order":0,"post_type":"autor","post_mime_type":"","comment_count":"0","filter":"raw"}]},"aioseo_notices":[],"_links":{"self":[{"href":"https:\/\/www.claret.cat\/es\/wp-json\/wp\/v2\/product\/409273","targetHints":{"allow":["GET"]}}],"collection":[{"href":"https:\/\/www.claret.cat\/es\/wp-json\/wp\/v2\/product"}],"about":[{"href":"https:\/\/www.claret.cat\/es\/wp-json\/wp\/v2\/types\/product"}],"wp:featuredmedia":[{"embeddable":true,"href":"https:\/\/www.claret.cat\/es\/wp-json\/wp\/v2\/media\/409274"}],"wp:attachment":[{"href":"https:\/\/www.claret.cat\/es\/wp-json\/wp\/v2\/media?parent=409273"}],"wp:term":[{"taxonomy":"product_brand","embeddable":true,"href":"https:\/\/www.claret.cat\/es\/wp-json\/wp\/v2\/product_brand?post=409273"},{"taxonomy":"product_cat","embeddable":true,"href":"https:\/\/www.claret.cat\/es\/wp-json\/wp\/v2\/product_cat?post=409273"},{"taxonomy":"product_tag","embeddable":true,"href":"https:\/\/www.claret.cat\/es\/wp-json\/wp\/v2\/product_tag?post=409273"}],"curies":[{"name":"wp","href":"https:\/\/api.w.org\/{rel}","templated":true}]}}