{"id":409298,"date":"2023-02-28T12:15:03","date_gmt":"2023-02-28T11:15:03","guid":{"rendered":"https:\/\/www.claret.cat\/llibre\/la-inteligencia-emocional-de-tu-hijo-9788491879541\/"},"modified":"2025-02-04T17:43:40","modified_gmt":"2025-02-04T16:43:40","slug":"la-inteligencia-emocional-de-tu-hijo-9788491879541","status":"publish","type":"product","link":"https:\/\/www.claret.cat\/es\/libro\/la-inteligencia-emocional-de-tu-hijo-9788491879541\/","title":{"rendered":"LA INTELIGENCIA EMOCIONAL DE TU HIJO"},"content":{"rendered":"<p>Ense\u00f1amos a nuestros hijos a leer y a ir en bicicleta. Les explicamos por qu\u00e9 llueve y por qu\u00e9 no ba\u00f1arse es una mala idea. Sin embargo, cuando se trata de hablar sobre emociones complejas, a menudo incontenibles, de los ni\u00f1os, los padres podemos sentirnos perdidos.La autora, psic\u00f3loga cl\u00ednica y terapeuta familiar, nos proporciona una br\u00fajula para orientarnos por el caleidoscopio de emociones que experimentan los ni\u00f1os de entre 4 y 11 a\u00f1os. La doctora Lane nos muestra que el papel de los padres no consiste en intentar librar de las emociones no deseadas a los ni\u00f1os, sino a ayudar a que estos sean conscientes de ellas y favorecer la conexi\u00f3n y la aceptaci\u00f3n. As\u00ed, en lugar de intentar sofocar los enfados, la ansiedad o la angustia, lograr\u00e1s transmitir confianza y ser un apoyo para tus hijos.Aprende c\u00f3mo conseguirlo mediante 5 sencillos pasos: Perseguir la simplicidad.Fomentar la aceptaci\u00f3n.Reaccionar con compasi\u00f3n.Jugar m\u00e1s.&#8217;Contener&#8217; las emociones dif\u00edciles y conectar con ellas.Tus hijos podr\u00e1n as\u00ed navegar por sus complejas emociones y desarrollar una resiliencia y una inteligencia emocional que los acompa\u00f1ar\u00e1n a lo largo de toda la vida.<\/p>\n","protected":false},"excerpt":{"rendered":"<p>LANE, ANNE<\/p>\n","protected":false},"featured_media":948354,"template":"","meta":{"_acf_changed":false,"om_disable_all_campaigns":false,"rs_blank_template":"","rs_page_bg_color":"","slide_template_v7":"","inline_featured_image":false,"_monsterinsights_skip_tracking":false,"_monsterinsights_sitenote_active":false,"_monsterinsights_sitenote_note":"","_monsterinsights_sitenote_category":0},"product_brand":[],"product_cat":[191,454],"product_tag":[],"class_list":{"0":"post-409298","1":"product","2":"type-product","3":"status-publish","4":"has-post-thumbnail","6":"product_cat-educacio-en-valors-pedagogia-2_humanitats","7":"product_cat-educacion-en-valores","9":"first","10":"instock","11":"taxable","12":"shipping-taxable","13":"purchasable","14":"product-type-simple"},"acf":{"autor":"LANE, ANNE","codart":"849187954","libros-coleccion":"Crecimiento personal","ediciones":"1","encuadernacion":"R\u00fastica","fecha_de_publicacion":"01\/02\/2023","novedad":"1","paginas":"282","subtitulo":"5 PASOS PARA AYUDARLE A AFRONTAR LAS EMOCIONES Y DESARROLLAR SU RESILIENCIA","orden":"0","portada":"0","idioma":"spa","editorial":[{"ID":148737,"post_author":"3","post_date":"2022-10-14 12:00:35","post_date_gmt":"2022-10-14 10:00:35","post_content":"","post_title":"RBA Libros","post_excerpt":"","post_status":"publish","comment_status":"closed","ping_status":"closed","post_password":"","post_name":"rba-libros","to_ping":"","pinged":"","post_modified":"2022-10-14 12:00:35","post_modified_gmt":"2022-10-14 10:00:35","post_content_filtered":"","post_parent":0,"guid":"http:\/\/dev.claret.cat\/editorial\/rba-libros\/","menu_order":0,"post_type":"editorial","post_mime_type":"","comment_count":"0","filter":"raw"}],"autores-libros":[{"ID":409302,"post_author":"3","post_date":"2023-02-28 12:24:03","post_date_gmt":"2023-02-28 11:24:03","post_content":"","post_title":"ANNE LANE","post_excerpt":"","post_status":"publish","comment_status":"closed","ping_status":"closed","post_password":"","post_name":"anne-lane-2","to_ping":"","pinged":"","post_modified":"2023-02-28 12:24:03","post_modified_gmt":"2023-02-28 11:24:03","post_content_filtered":"","post_parent":0,"guid":"https:\/\/www.claret.cat\/autor\/anne-lane-2\/","menu_order":0,"post_type":"autor","post_mime_type":"","comment_count":"0","filter":"raw"}]},"aioseo_notices":[],"_links":{"self":[{"href":"https:\/\/www.claret.cat\/es\/wp-json\/wp\/v2\/product\/409298","targetHints":{"allow":["GET"]}}],"collection":[{"href":"https:\/\/www.claret.cat\/es\/wp-json\/wp\/v2\/product"}],"about":[{"href":"https:\/\/www.claret.cat\/es\/wp-json\/wp\/v2\/types\/product"}],"wp:featuredmedia":[{"embeddable":true,"href":"https:\/\/www.claret.cat\/es\/wp-json\/wp\/v2\/media\/948354"}],"wp:attachment":[{"href":"https:\/\/www.claret.cat\/es\/wp-json\/wp\/v2\/media?parent=409298"}],"wp:term":[{"taxonomy":"product_brand","embeddable":true,"href":"https:\/\/www.claret.cat\/es\/wp-json\/wp\/v2\/product_brand?post=409298"},{"taxonomy":"product_cat","embeddable":true,"href":"https:\/\/www.claret.cat\/es\/wp-json\/wp\/v2\/product_cat?post=409298"},{"taxonomy":"product_tag","embeddable":true,"href":"https:\/\/www.claret.cat\/es\/wp-json\/wp\/v2\/product_tag?post=409298"}],"curies":[{"name":"wp","href":"https:\/\/api.w.org\/{rel}","templated":true}]}}