{"id":409332,"date":"2023-02-28T16:50:24","date_gmt":"2023-02-28T15:50:24","guid":{"rendered":"https:\/\/www.claret.cat\/llibre\/els-fills-dels-altres-i-altres-narracions-9788491912606\/"},"modified":"2024-05-23T01:58:54","modified_gmt":"2024-05-22T23:58:54","slug":"els-fills-dels-altres-i-altres-narracions-9788491912606","status":"publish","type":"product","link":"https:\/\/www.claret.cat\/es\/libro\/els-fills-dels-altres-i-altres-narracions-9788491912606\/","title":{"rendered":"ELS FILLS DELS ALTRES I ALTRES NARRACIONS"},"content":{"rendered":"<p>Una any m\u00e9s l&#8217;Ajuntament de Molins de Rei mostra el seu comprom\u00eds amb la igualtat entre homes i dones, ja que malauradament la crisi sanit\u00e0ria i tamb\u00e9 ja social que patim, de nou ha agreujat les difer\u00e8ncies i ens recorda que encara tenim cam\u00ed per rec\u00f3rrer. M\u00e9s que mai en aquest context d&#8217;incertesa necessitem comptar amb espais de creaci\u00f3 que ens aportin il\u00b7lusi\u00f3, que permetin desenvolupar els talents i que mantinguin en peu l&#8217;esperit de just\u00edcia social que ha de possibilitar a totes les dones i homes una vida millor, diferent, m\u00e9s agradable, en qu\u00e8 tinguin cabuda totes les persones i totes les difer\u00e8ncies, basades en el respecte, l&#8217;empatia i la igualtat d&#8217;oportunitats.<\/p>\n","protected":false},"excerpt":{"rendered":"<p>VARIS AUTORS<\/p>\n","protected":false},"featured_media":409333,"template":"","meta":{"_acf_changed":false,"om_disable_all_campaigns":false,"rs_blank_template":"","rs_page_bg_color":"","slide_template_v7":"","inline_featured_image":false,"_monsterinsights_skip_tracking":false,"_monsterinsights_sitenote_active":false,"_monsterinsights_sitenote_note":"","_monsterinsights_sitenote_category":0},"product_brand":[],"product_cat":[127,357],"product_tag":[],"class_list":{"0":"post-409332","1":"product","2":"type-product","3":"status-publish","4":"has-post-thumbnail","6":"product_cat-novella-contemporania","7":"product_cat-novela-contemporanea","9":"first","10":"instock","11":"taxable","12":"shipping-taxable","13":"purchasable","14":"product-type-simple"},"acf":{"autor":"VARIS AUTORS","codart":"849191260","libros-coleccion":"FORA DE COL.LECCI\u00d3","ediciones":"1","encuadernacion":"R\u00fastica","fecha_de_publicacion":"28\/02\/2023","novedad":"1","paginas":"135","subtitulo":"XXV CONCURS DE NARRATIVA LITER\u00c0RIA MERC\u00c8 RODOREDA. MOLINS DE REI, MAR\u00c7 2022","orden":"0","portada":"0","idioma":"cat","editorial":[{"ID":8266,"post_author":"3","post_date":"2022-09-30 09:21:36","post_date_gmt":"2022-09-30 07:21:36","post_content":"","post_title":"PUBLICACIONS DE L'ABADIA DE MONTSERRAT","post_excerpt":"","post_status":"publish","comment_status":"closed","ping_status":"closed","post_password":"","post_name":"publicacions-de-labadia-de-montserrat-5","to_ping":"","pinged":"","post_modified":"2022-09-30 09:21:36","post_modified_gmt":"2022-09-30 07:21:36","post_content_filtered":"","post_parent":0,"guid":"http:\/\/dev.claret.cat\/editorial\/publicacions-de-labadia-de-montserrat-5\/","menu_order":0,"post_type":"editorial","post_mime_type":"","comment_count":"0","filter":"raw"}],"autores-libros":[{"ID":170846,"post_author":"3","post_date":"2022-10-14 22:38:38","post_date_gmt":"2022-10-14 20:38:38","post_content":"","post_title":"VARIS AUTORS","post_excerpt":"","post_status":"publish","comment_status":"closed","ping_status":"closed","post_password":"","post_name":"varis-autors","to_ping":"","pinged":"","post_modified":"2022-10-14 22:38:38","post_modified_gmt":"2022-10-14 20:38:38","post_content_filtered":"","post_parent":0,"guid":"http:\/\/dev.claret.cat\/autor\/varis-autors\/","menu_order":0,"post_type":"autor","post_mime_type":"","comment_count":"0","filter":"raw"}]},"aioseo_notices":[],"_links":{"self":[{"href":"https:\/\/www.claret.cat\/es\/wp-json\/wp\/v2\/product\/409332","targetHints":{"allow":["GET"]}}],"collection":[{"href":"https:\/\/www.claret.cat\/es\/wp-json\/wp\/v2\/product"}],"about":[{"href":"https:\/\/www.claret.cat\/es\/wp-json\/wp\/v2\/types\/product"}],"wp:featuredmedia":[{"embeddable":true,"href":"https:\/\/www.claret.cat\/es\/wp-json\/wp\/v2\/media\/409333"}],"wp:attachment":[{"href":"https:\/\/www.claret.cat\/es\/wp-json\/wp\/v2\/media?parent=409332"}],"wp:term":[{"taxonomy":"product_brand","embeddable":true,"href":"https:\/\/www.claret.cat\/es\/wp-json\/wp\/v2\/product_brand?post=409332"},{"taxonomy":"product_cat","embeddable":true,"href":"https:\/\/www.claret.cat\/es\/wp-json\/wp\/v2\/product_cat?post=409332"},{"taxonomy":"product_tag","embeddable":true,"href":"https:\/\/www.claret.cat\/es\/wp-json\/wp\/v2\/product_tag?post=409332"}],"curies":[{"name":"wp","href":"https:\/\/api.w.org\/{rel}","templated":true}]}}