{"id":409355,"date":"2023-02-28T17:17:48","date_gmt":"2023-02-28T16:17:48","guid":{"rendered":"https:\/\/www.claret.cat\/llibre\/por-que-siempre-yo-9788433032133\/"},"modified":"2025-09-19T18:22:34","modified_gmt":"2025-09-19T16:22:34","slug":"por-que-siempre-yo-9788433032133","status":"publish","type":"product","link":"https:\/\/www.claret.cat\/es\/libro\/por-que-siempre-yo-9788433032133\/","title":{"rendered":"\u00bfPOR QU\u00c9 SIEMPRE YO?"},"content":{"rendered":"<p>El presente libro pretende ser como un espejo en el que nos percibimos a nosotros mismos. Pero no para juzgarnos, sino para comprendernos. Solo si comprendemos qu\u00e9 mecanismos act\u00faan en nuestro interior, podremos liberarnos de ellos.<br \/> Relaciones de pareja que se rompen, amistades que se enquistan, dificultades en el trato con conocidos o con compa\u00f1eros de trabajo&#8230; muchas personas entran en conflicto con otras que les hacen da\u00f1o. Es frecuente que en la base de tales problemas de relaci\u00f3n se encuentren patrones que la persona ha interiorizado inconscientemente en la infancia o en la juventud. Para liberarse de ellos es preciso recorrer un camino dif\u00edcil. <br \/> Anselm Gr\u00fcn y Hsin-Ju Wu combinan en este libro los conocimientos de la psicolog\u00eda con la sabidur\u00eda de la espiritualidad b\u00edblica. De este modo ofrecen caminos de soluci\u00f3n que permiten no solo identificar los patrones de relaci\u00f3n sino subsanarlos de forma duradera.<\/p>\n<p> El padre Anselm Gr\u00fcn, nacido en 1945, es monje de la abad\u00eda benedictina de M\u00fcnsterschwarzach y uno de los autores cristianos m\u00e1s le\u00eddos actualmente. En los cursos que dirige y en las conferencias que imparte responde a las necesidades y preguntas de innumerables personas.<br \/> Hsin-Ju Wu, licenciada en Econom\u00eda y doctoranda en el Diakoniewissenschaftliches Institut de la Universidad de Heidelberg, es la directora editorial del grupo taiwan\u00e9s South &amp; North Publishing.<\/p>\n","protected":false},"excerpt":{"rendered":"<p>GR\u00dcN, ANSELM ;  HSIN-JU WU<\/p>\n","protected":false},"featured_media":962885,"template":"","meta":{"_acf_changed":false,"om_disable_all_campaigns":false,"rs_blank_template":"","rs_page_bg_color":"","slide_template_v7":"","inline_featured_image":false,"_monsterinsights_skip_tracking":false,"_monsterinsights_sitenote_active":false,"_monsterinsights_sitenote_note":"","_monsterinsights_sitenote_category":0},"product_brand":[],"product_cat":[376,178],"product_tag":[],"class_list":{"0":"post-409355","1":"product","2":"type-product","3":"status-publish","4":"has-post-thumbnail","6":"product_cat-autores-psicologia-2_humanidades","7":"product_cat-autors-psicologia","9":"first","10":"instock","11":"taxable","12":"shipping-taxable","13":"purchasable","14":"product-type-simple"},"acf":{"autor":"GR\u00dcN, ANSELM ;  HSIN-JU WU","codart":"843303213","libros-coleccion":"Caminos","ediciones":"1","encuadernacion":"R\u00fastica","fecha_de_publicacion":"28\/02\/2023","novedad":"1","paginas":"124","subtitulo":"IDENTIFICAR  SUBSANAR PATRONES DE RELACI\u00d3","orden":"0","portada":"0","idioma":"spa","editorial":[{"ID":6179,"post_author":"3","post_date":"2022-07-28 17:46:36","post_date_gmt":"2022-07-28 15:46:36","post_content":"","post_title":"DESCLEE DE BROUWER","post_excerpt":"","post_status":"publish","comment_status":"closed","ping_status":"closed","post_password":"","post_name":"desclee-de-brouwer","to_ping":"","pinged":"","post_modified":"2022-07-28 17:46:36","post_modified_gmt":"2022-07-28 15:46:36","post_content_filtered":"","post_parent":0,"guid":"http:\/\/dev.claret.cat\/editorial\/desclee-de-brouwer\/","menu_order":0,"post_type":"editorial","post_mime_type":"","comment_count":"0","filter":"raw"}],"autores-libros":[{"ID":5257,"post_author":"3","post_date":"2022-07-28 17:20:12","post_date_gmt":"2022-07-28 15:20:12","post_content":"","post_title":"ANSELM GR\u00dcN","post_excerpt":"","post_status":"publish","comment_status":"closed","ping_status":"closed","post_password":"","post_name":"anselm-grun","to_ping":"","pinged":"","post_modified":"2022-07-28 17:20:12","post_modified_gmt":"2022-07-28 15:20:12","post_content_filtered":"","post_parent":0,"guid":"http:\/\/dev.claret.cat\/autor\/anselm-grun\/","menu_order":0,"post_type":"autor","post_mime_type":"","comment_count":"0","filter":"raw"},{"ID":418844,"post_author":"3","post_date":"2023-05-05 09:49:30","post_date_gmt":"2023-05-05 07:49:30","post_content":"","post_title":"HSIN-JU WU","post_excerpt":"","post_status":"publish","comment_status":"closed","ping_status":"closed","post_password":"","post_name":"hsin-ju-wu","to_ping":"","pinged":"","post_modified":"2023-05-05 09:49:30","post_modified_gmt":"2023-05-05 07:49:30","post_content_filtered":"","post_parent":0,"guid":"https:\/\/www.claret.cat\/autor\/hsin-ju-wu\/","menu_order":0,"post_type":"autor","post_mime_type":"","comment_count":"0","filter":"raw"}],"booktrailer":"","resenas":""},"aioseo_notices":[],"_links":{"self":[{"href":"https:\/\/www.claret.cat\/es\/wp-json\/wp\/v2\/product\/409355","targetHints":{"allow":["GET"]}}],"collection":[{"href":"https:\/\/www.claret.cat\/es\/wp-json\/wp\/v2\/product"}],"about":[{"href":"https:\/\/www.claret.cat\/es\/wp-json\/wp\/v2\/types\/product"}],"wp:featuredmedia":[{"embeddable":true,"href":"https:\/\/www.claret.cat\/es\/wp-json\/wp\/v2\/media\/962885"}],"wp:attachment":[{"href":"https:\/\/www.claret.cat\/es\/wp-json\/wp\/v2\/media?parent=409355"}],"wp:term":[{"taxonomy":"product_brand","embeddable":true,"href":"https:\/\/www.claret.cat\/es\/wp-json\/wp\/v2\/product_brand?post=409355"},{"taxonomy":"product_cat","embeddable":true,"href":"https:\/\/www.claret.cat\/es\/wp-json\/wp\/v2\/product_cat?post=409355"},{"taxonomy":"product_tag","embeddable":true,"href":"https:\/\/www.claret.cat\/es\/wp-json\/wp\/v2\/product_tag?post=409355"}],"curies":[{"name":"wp","href":"https:\/\/api.w.org\/{rel}","templated":true}]}}