{"id":409358,"date":"2023-02-28T17:18:01","date_gmt":"2023-02-28T16:18:01","guid":{"rendered":"https:\/\/www.claret.cat\/llibre\/filosofia-andante-9788412437096\/"},"modified":"2023-10-11T04:12:51","modified_gmt":"2023-10-11T02:12:51","slug":"filosofia-andante-9788412437096","status":"publish","type":"product","link":"https:\/\/www.claret.cat\/es\/libro\/filosofia-andante-9788412437096\/","title":{"rendered":"FILOSOF\u00cdA ANDANTE"},"content":{"rendered":"<p>\u00bfQu\u00e9 sentidos hay en la vida y cu\u00e1nto los necesitamos? \u00bfSon las drogas un buen viaje? \u00bfCu\u00e1nto hay en la moral de raz\u00f3n, y cu\u00e1nto de bondad plena? \u00bfEs posible ser ateo? \u00bfQu\u00e9 es eso de la felicidad, y hasta qu\u00e9 punto nos conviene? \u00bfQu\u00e9 efecto est\u00e1n teniendo en nosotros los dispositivos desatencionales? Querida lectora o lector: este libro que sostienes en tus manos aborda todos estos interrogantes (y algunos otros). Tiene por fin que confirmes o recuerdes cu\u00e1nto se puede disfrutar pensando, a trav\u00e9s de una serie de conversaciones con el autor de las que no saldr\u00e1s intacto. Con los nueve ensayos que componen Filosof\u00eda andante David Cerd\u00e1 logra el prop\u00f3sito de los fil\u00f3sofos que a\u00f1oramos: combinar la profundidad accesible con el rigor ameno. Haciendo f\u00e1cil lo dif\u00edcil, propicia el pensamiento largo sin incurrir en groseras simplificaciones. Devuelve as\u00ed la filosof\u00eda al lugar que no debi\u00f3 abandonar nunca, pues su lugar es ese: el hogar, la naturaleza y la calle, los lectores de a pie que aspiran a reflexiones sustanciosas y bellas en agradables paseos.<\/p>\n","protected":false},"excerpt":{"rendered":"<p>CERD\u00c1, DAVID<\/p>\n","protected":false},"featured_media":409359,"template":"","meta":{"_acf_changed":false,"om_disable_all_campaigns":false,"rs_blank_template":"","rs_page_bg_color":"","slide_template_v7":"","inline_featured_image":false,"_monsterinsights_skip_tracking":false,"_monsterinsights_sitenote_active":false,"_monsterinsights_sitenote_note":"","_monsterinsights_sitenote_category":0},"product_brand":[],"product_cat":[373,166],"product_tag":[],"class_list":{"0":"post-409358","1":"product","2":"type-product","3":"status-publish","4":"has-post-thumbnail","6":"product_cat-autores","7":"product_cat-autors-filosofia","9":"first","10":"instock","11":"taxable","12":"shipping-taxable","13":"purchasable","14":"product-type-simple"},"acf":{"autor":"CERD\u00c1, DAVID","codart":"841243709","libros-coleccion":"","ediciones":"1","encuadernacion":"R\u00fastica","fecha_de_publicacion":"28\/02\/2023","novedad":"1","paginas":"212","subtitulo":"","orden":"0","portada":"0","idioma":"spa","editorial":[{"ID":147835,"post_author":"3","post_date":"2022-10-14 11:53:35","post_date_gmt":"2022-10-14 09:53:35","post_content":"","post_title":"EDICIONES MON\u00d3CULO","post_excerpt":"","post_status":"publish","comment_status":"closed","ping_status":"closed","post_password":"","post_name":"ediciones-monoculo","to_ping":"","pinged":"","post_modified":"2022-10-14 11:53:35","post_modified_gmt":"2022-10-14 09:53:35","post_content_filtered":"","post_parent":0,"guid":"http:\/\/dev.claret.cat\/editorial\/ediciones-monoculo\/","menu_order":0,"post_type":"editorial","post_mime_type":"","comment_count":"0","filter":"raw"}],"autores-libros":[{"ID":153774,"post_author":"3","post_date":"2022-10-14 14:59:25","post_date_gmt":"2022-10-14 12:59:25","post_content":"","post_title":"DAVID CERD\u00c1","post_excerpt":"","post_status":"publish","comment_status":"closed","ping_status":"closed","post_password":"","post_name":"david-cerda","to_ping":"","pinged":"","post_modified":"2022-10-14 14:59:25","post_modified_gmt":"2022-10-14 12:59:25","post_content_filtered":"","post_parent":0,"guid":"http:\/\/dev.claret.cat\/autor\/david-cerda\/","menu_order":0,"post_type":"autor","post_mime_type":"","comment_count":"0","filter":"raw"}]},"aioseo_notices":[],"_links":{"self":[{"href":"https:\/\/www.claret.cat\/es\/wp-json\/wp\/v2\/product\/409358","targetHints":{"allow":["GET"]}}],"collection":[{"href":"https:\/\/www.claret.cat\/es\/wp-json\/wp\/v2\/product"}],"about":[{"href":"https:\/\/www.claret.cat\/es\/wp-json\/wp\/v2\/types\/product"}],"wp:featuredmedia":[{"embeddable":true,"href":"https:\/\/www.claret.cat\/es\/wp-json\/wp\/v2\/media\/409359"}],"wp:attachment":[{"href":"https:\/\/www.claret.cat\/es\/wp-json\/wp\/v2\/media?parent=409358"}],"wp:term":[{"taxonomy":"product_brand","embeddable":true,"href":"https:\/\/www.claret.cat\/es\/wp-json\/wp\/v2\/product_brand?post=409358"},{"taxonomy":"product_cat","embeddable":true,"href":"https:\/\/www.claret.cat\/es\/wp-json\/wp\/v2\/product_cat?post=409358"},{"taxonomy":"product_tag","embeddable":true,"href":"https:\/\/www.claret.cat\/es\/wp-json\/wp\/v2\/product_tag?post=409358"}],"curies":[{"name":"wp","href":"https:\/\/api.w.org\/{rel}","templated":true}]}}