{"id":409418,"date":"2023-02-28T19:00:03","date_gmt":"2023-02-28T18:00:03","guid":{"rendered":"https:\/\/www.claret.cat\/llibre\/el-regalo-9788490704585\/"},"modified":"2023-10-11T04:12:05","modified_gmt":"2023-10-11T02:12:05","slug":"el-regalo-9788490704585","status":"publish","type":"product","link":"https:\/\/www.claret.cat\/es\/libro\/el-regalo-9788490704585\/","title":{"rendered":"EL REGALO"},"content":{"rendered":"<p>Una novela por el autor de El bol\u00edgrafo de gel verde y Tierra. \u00abY llegamos a un lugar que, a\u00fan a d\u00eda de hoy, no sabr\u00eda muy bien c\u00f3mo definir. Quiz\u00e1 es ese sitio al que te trasladas cuando suena el timbre del recreo, o all\u00ed donde vamos al cerrar los ojos justo antes de soplar las velas, o el viento en el que flotamos al recibir uno de esos abrazos que nos sostienen el cuerpo, las dudas y los miedos&#8230; \u00bfQui\u00e9n sabe? O quiz\u00e1 no era m\u00e1s que la parte trasera del armario en el que se hab\u00eda convertido mi vida: ah\u00ed donde se almacenan prendas que jam\u00e1s volver\u00e1s a ponerte pero que te da pena tirar.\u00bb<\/p>\n","protected":false},"excerpt":{"rendered":"<p>MORENO, ELOY<\/p>\n","protected":false},"featured_media":409419,"template":"","meta":{"_acf_changed":false,"om_disable_all_campaigns":false,"rs_blank_template":"","rs_page_bg_color":"","slide_template_v7":"","inline_featured_image":false,"_monsterinsights_skip_tracking":false,"_monsterinsights_sitenote_active":false,"_monsterinsights_sitenote_note":"","_monsterinsights_sitenote_category":0},"product_brand":[],"product_cat":[127,357],"product_tag":[],"class_list":{"0":"post-409418","1":"product","2":"type-product","3":"status-publish","4":"has-post-thumbnail","6":"product_cat-novella-contemporania","7":"product_cat-novela-contemporanea","9":"first","10":"instock","11":"taxable","12":"shipping-taxable","13":"purchasable","14":"product-type-simple"},"acf":{"autor":"MORENO, ELOY","codart":"849070458","libros-coleccion":"B DE BOLSILLO","ediciones":"1","encuadernacion":"R\u00fastica","fecha_de_publicacion":"01\/04\/2018","novedad":"1","paginas":"0","subtitulo":"","orden":"0","portada":"0","idioma":"spa","editorial":[{"ID":6138,"post_author":"3","post_date":"2022-07-28 17:45:42","post_date_gmt":"2022-07-28 15:45:42","post_content":"","post_title":"B de Bolsillo (Ediciones B)","post_excerpt":"","post_status":"publish","comment_status":"closed","ping_status":"closed","post_password":"","post_name":"b-de-bolsillo-ediciones-b","to_ping":"","pinged":"","post_modified":"2022-07-28 17:45:42","post_modified_gmt":"2022-07-28 15:45:42","post_content_filtered":"","post_parent":0,"guid":"http:\/\/dev.claret.cat\/editorial\/b-de-bolsillo-ediciones-b\/","menu_order":0,"post_type":"editorial","post_mime_type":"","comment_count":"0","filter":"raw"}],"autores-libros":[{"ID":154908,"post_author":"3","post_date":"2022-10-14 15:08:37","post_date_gmt":"2022-10-14 13:08:37","post_content":"","post_title":"ELOY MORENO","post_excerpt":"","post_status":"publish","comment_status":"closed","ping_status":"closed","post_password":"","post_name":"eloy-moreno","to_ping":"","pinged":"","post_modified":"2022-10-14 15:08:37","post_modified_gmt":"2022-10-14 13:08:37","post_content_filtered":"","post_parent":0,"guid":"http:\/\/dev.claret.cat\/autor\/eloy-moreno\/","menu_order":0,"post_type":"autor","post_mime_type":"","comment_count":"0","filter":"raw"}]},"aioseo_notices":[],"_links":{"self":[{"href":"https:\/\/www.claret.cat\/es\/wp-json\/wp\/v2\/product\/409418","targetHints":{"allow":["GET"]}}],"collection":[{"href":"https:\/\/www.claret.cat\/es\/wp-json\/wp\/v2\/product"}],"about":[{"href":"https:\/\/www.claret.cat\/es\/wp-json\/wp\/v2\/types\/product"}],"wp:featuredmedia":[{"embeddable":true,"href":"https:\/\/www.claret.cat\/es\/wp-json\/wp\/v2\/media\/409419"}],"wp:attachment":[{"href":"https:\/\/www.claret.cat\/es\/wp-json\/wp\/v2\/media?parent=409418"}],"wp:term":[{"taxonomy":"product_brand","embeddable":true,"href":"https:\/\/www.claret.cat\/es\/wp-json\/wp\/v2\/product_brand?post=409418"},{"taxonomy":"product_cat","embeddable":true,"href":"https:\/\/www.claret.cat\/es\/wp-json\/wp\/v2\/product_cat?post=409418"},{"taxonomy":"product_tag","embeddable":true,"href":"https:\/\/www.claret.cat\/es\/wp-json\/wp\/v2\/product_tag?post=409418"}],"curies":[{"name":"wp","href":"https:\/\/api.w.org\/{rel}","templated":true}]}}