{"id":409430,"date":"2023-02-28T19:05:02","date_gmt":"2023-02-28T18:05:02","guid":{"rendered":"https:\/\/www.claret.cat\/llibre\/linea-de-fuego-9788466359290\/"},"modified":"2024-10-14T14:00:56","modified_gmt":"2024-10-14T12:00:56","slug":"linea-de-fuego-9788466359290","status":"publish","type":"product","link":"https:\/\/www.claret.cat\/es\/libro\/linea-de-fuego-9788466359290\/","title":{"rendered":"L\u00cdNEA DE FUEGO"},"content":{"rendered":"<p>PREMIO DE LA CR\u00cdTICA 2020 UNO DE LOS MEJORES LIBROS DEL A\u00d1O SEG\u00daN EL CULTURAL, ESQUIRE,EL PERI\u00d3DICO Y VOZP\u00d3PULI  Juliode 1938, miles de j\u00f3venes combaten en la tr\u00e1gica batalla del Ebro. Sus nombres no son los que recuerda la Historia, pero cuanto les sucedi\u00f3 forma parte de nuestra memoria. \u00abAmbiciosa y solvente, esta obra esquiva manique\u00edsmos y simplificaciones, hasta trazar la gran novela a favor de la reconciliaci\u00f3n nacional\u00bb.<br \/>Santos Sanz Villanueva, El Cultural \u00abEs lo malo de estas guerras. Que oyes al enemigo llamar a su madre en el mismo idioma que t\u00fa\u00bb.Durante la noche del 24 al 25 de julio de 1938, la XI Brigada Mixta del ej\u00e9rcito de la Rep\u00fablica cruza el r\u00edo para establecer una cabeza de puente en Castellets del Segre. En las inmediaciones del pueblo, medio batall\u00f3n de infanter\u00eda, un tabor marroqu\u00ed y una compa\u00f1\u00eda de la Legi\u00f3n defienden la zona. Est\u00e1 a punto de comenzar la batalla del Ebro, la m\u00e1s cruda y sangrienta que se libr\u00f3 nunca en suelo espa\u00f1ol.Combinando de forma magistral la ficci\u00f3n con datos hist\u00f3ricos y testimonios personales, Arturo P\u00e9rez-Reverte sit\u00faa al lector, con sobrecogedor realismo, entre quienes, voluntarios o a la fuerza, lucharon en los frentes de batalla de la Guerra Civil. Sus nombres no son los que recuerda la Historia, pero cuanto les sucedi\u00f3 resuena en estas p\u00e1ginas con el dramatismo de una memoria que nos pertenece a todos.\u00c9sta no es una novela sobre la Guerra Civil, sino sobre los hombres y mujeres que combatieron en ella. La historia de los padres y abuelos de numerosos espa\u00f1oles de hoy.La cr\u00edtica ha dicho:<br \/>\u00abLa novela definitiva sobre la Guerra Civil espa\u00f1ola. [Un] proyecto literario inmenso, envolvente y, pese a la crudeza del relato, poderosamente fascinante por la trascendencia del momento en que nos sumerge\u00bb.<br \/>Sergio Vila-Sanju\u00e1n, Cultura\/s de La Vanguardia\u00abUn libro asombroso, dur\u00edsimo y brillante. Todo est\u00e1 ah\u00ed, todo en esas p\u00e1ginas escritas con un pulso y una habilidad endiabladas. Un libro para leer, para meditar y al que hay que volver. L\u00ednea de fuego es una obra maestra, una catedral literaria y la mejor novela de Arturo P\u00e9rez-Reverte\u00bb.<br \/>Juan G\u00f3mez-Jurado, El Correo \u00ab680 p\u00e1ginas hipn\u00f3ticas, intensas en emoci\u00f3n y humanidad\u00bb.<br \/>Javier Ors, La Raz\u00f3n\u00abHay mucha m\u00e1s verdad hist\u00f3rica en L\u00ednea de fuego que en la Historia que nos quieren contar los pol\u00edticos\u00bb.<br \/>Julia Navarro \u00abNo va a dejar a nadie indiferente. Sabe de lo que habla, y ha sabido contarlo\u00bb.<br \/>Jes\u00fas Garc\u00eda Calero, ABC \u00abUna novela de madurez sobre el desconcierto, el desamparo y el miedo\u00bb.<br \/>Antonio Lucas, El Mundo\u00abInmensa, estremecedora e imprescindible. [&#8230;] Una novela de hueso y carne viva. Sin grasa. Es un Arturo P\u00e9rez Reverte en su m\u00e1s espl\u00e9ndida madurez literaria despojada m\u00e1s todav\u00eda que nunca de condicionantes\u00bb.<br \/>Antonio P\u00e9rez Henares, El D\u00eda de Valladolid \u00abUna novela humana, dur\u00edsima, como fue esa guerra, todas las guerras, en la que los que pierden son todos y en las que solo ganan unos pocos\u00bb.<br \/>Rosa Mart\u00ed, Esquire<\/p>\n","protected":false},"excerpt":{"rendered":"<p>P\u00c9REZ-REVERTE, ARTURO<\/p>\n","protected":false},"featured_media":409431,"template":"","meta":{"_acf_changed":false,"om_disable_all_campaigns":false,"rs_blank_template":"","rs_page_bg_color":"","slide_template_v7":"","inline_featured_image":false,"_monsterinsights_skip_tracking":false,"_monsterinsights_sitenote_active":false,"_monsterinsights_sitenote_note":"","_monsterinsights_sitenote_category":0},"product_brand":[],"product_cat":[130,360],"product_tag":[],"class_list":{"0":"post-409430","1":"product","2":"type-product","3":"status-publish","4":"has-post-thumbnail","6":"product_cat-novella-historica-i-ficcio","7":"product_cat-novela-historica-y-ficcion","9":"first","10":"instock","11":"taxable","12":"shipping-taxable","13":"purchasable","14":"product-type-simple"},"acf":{"autor":"P\u00c9REZ-REVERTE, ARTURO","codart":"846635929","libros-coleccion":"BEST SELLER","ediciones":"1","encuadernacion":"R\u00fastica","fecha_de_publicacion":"01\/02\/2022","novedad":"1","paginas":"0","subtitulo":"","orden":"0","portada":"0","idioma":"spa","editorial":[{"ID":6178,"post_author":"3","post_date":"2022-07-28 17:46:34","post_date_gmt":"2022-07-28 15:46:34","post_content":"","post_title":"DEBOLSILLO","post_excerpt":"","post_status":"publish","comment_status":"closed","ping_status":"closed","post_password":"","post_name":"debolsillo","to_ping":"","pinged":"","post_modified":"2022-07-28 17:46:34","post_modified_gmt":"2022-07-28 15:46:34","post_content_filtered":"","post_parent":0,"guid":"http:\/\/dev.claret.cat\/editorial\/debolsillo\/","menu_order":0,"post_type":"editorial","post_mime_type":"","comment_count":"0","filter":"raw"}],"autores-libros":[{"ID":151165,"post_author":"3","post_date":"2022-10-14 14:38:43","post_date_gmt":"2022-10-14 12:38:43","post_content":"","post_title":"ARTURO PEREZ-REVERTE","post_excerpt":"","post_status":"publish","comment_status":"closed","ping_status":"closed","post_password":"","post_name":"arturo-perez-reverte-2","to_ping":"","pinged":"","post_modified":"2022-10-14 14:38:43","post_modified_gmt":"2022-10-14 12:38:43","post_content_filtered":"","post_parent":0,"guid":"http:\/\/dev.claret.cat\/autor\/arturo-perez-reverte-2\/","menu_order":0,"post_type":"autor","post_mime_type":"","comment_count":"0","filter":"raw"}]},"aioseo_notices":[],"_links":{"self":[{"href":"https:\/\/www.claret.cat\/es\/wp-json\/wp\/v2\/product\/409430","targetHints":{"allow":["GET"]}}],"collection":[{"href":"https:\/\/www.claret.cat\/es\/wp-json\/wp\/v2\/product"}],"about":[{"href":"https:\/\/www.claret.cat\/es\/wp-json\/wp\/v2\/types\/product"}],"wp:featuredmedia":[{"embeddable":true,"href":"https:\/\/www.claret.cat\/es\/wp-json\/wp\/v2\/media\/409431"}],"wp:attachment":[{"href":"https:\/\/www.claret.cat\/es\/wp-json\/wp\/v2\/media?parent=409430"}],"wp:term":[{"taxonomy":"product_brand","embeddable":true,"href":"https:\/\/www.claret.cat\/es\/wp-json\/wp\/v2\/product_brand?post=409430"},{"taxonomy":"product_cat","embeddable":true,"href":"https:\/\/www.claret.cat\/es\/wp-json\/wp\/v2\/product_cat?post=409430"},{"taxonomy":"product_tag","embeddable":true,"href":"https:\/\/www.claret.cat\/es\/wp-json\/wp\/v2\/product_tag?post=409430"}],"curies":[{"name":"wp","href":"https:\/\/api.w.org\/{rel}","templated":true}]}}