{"id":409433,"date":"2023-02-28T19:17:25","date_gmt":"2023-02-28T18:17:25","guid":{"rendered":"https:\/\/www.claret.cat\/llibre\/cien-anos-de-soledad-9788497592208\/"},"modified":"2026-04-14T13:15:30","modified_gmt":"2026-04-14T11:15:30","slug":"cien-anos-de-soledad-9788497592208","status":"publish","type":"product","link":"https:\/\/www.claret.cat\/es\/libro\/cien-anos-de-soledad-9788497592208\/","title":{"rendered":"CIEN A\u00d1OS DE SOLEDAD"},"content":{"rendered":"<p>Este cl\u00e1sico del siglo XX es el enorme y espl\u00e9ndido tapiz de una ya m\u00edtica familia en la m\u00edtica aldea de Macondo. La saga de los Buend\u00eda es referente imprescindible en el devenir de la narrativa latinoamericana.<\/p>\n","protected":false},"excerpt":{"rendered":"<p>GARCIA M\u00c1RQUEZ, GABRIEL<\/p>\n","protected":false},"featured_media":996920,"template":"","meta":{"_acf_changed":false,"om_disable_all_campaigns":false,"rs_blank_template":"","rs_page_bg_color":"","slide_template_v7":"","inline_featured_image":false,"_monsterinsights_skip_tracking":false,"_monsterinsights_sitenote_active":false,"_monsterinsights_sitenote_note":"","_monsterinsights_sitenote_category":0},"product_brand":[],"product_cat":[353,87],"product_tag":[],"class_list":{"0":"post-409433","1":"product","2":"type-product","3":"status-publish","4":"has-post-thumbnail","6":"product_cat-literatura-2_humanidades","7":"product_cat-literatura","9":"first","10":"instock","11":"taxable","12":"shipping-taxable","13":"purchasable","14":"product-type-simple"},"acf":{"autor":"GARCIA M\u00c1RQUEZ, GABRIEL","codart":"849759220","libros-coleccion":"","ediciones":"8","encuadernacion":"R\u00fastica","fecha_de_publicacion":"01\/02\/2007","novedad":"0","paginas":"494","subtitulo":"","orden":"999","portada":"0","idioma":"spa","editorial":[{"ID":148730,"post_author":"3","post_date":"2022-10-14 12:00:32","post_date_gmt":"2022-10-14 10:00:32","post_content":"","post_title":"RANDOM HOUSE MONDADORI","post_excerpt":"","post_status":"publish","comment_status":"closed","ping_status":"closed","post_password":"","post_name":"random-house-mondadori","to_ping":"","pinged":"","post_modified":"2022-10-14 12:00:32","post_modified_gmt":"2022-10-14 10:00:32","post_content_filtered":"","post_parent":0,"guid":"http:\/\/dev.claret.cat\/editorial\/random-house-mondadori\/","menu_order":0,"post_type":"editorial","post_mime_type":"","comment_count":"0","filter":"raw"}],"autores-libros":[{"ID":156520,"post_author":"3","post_date":"2022-10-14 15:21:28","post_date_gmt":"2022-10-14 13:21:28","post_content":"","post_title":"GABRIEL GARCIA MARQUEZ","post_excerpt":"","post_status":"publish","comment_status":"closed","ping_status":"closed","post_password":"","post_name":"gabriel-garcia-marquez","to_ping":"","pinged":"","post_modified":"2022-10-14 15:21:28","post_modified_gmt":"2022-10-14 13:21:28","post_content_filtered":"","post_parent":0,"guid":"http:\/\/dev.claret.cat\/autor\/gabriel-garcia-marquez\/","menu_order":0,"post_type":"autor","post_mime_type":"","comment_count":"0","filter":"raw"}],"booktrailer":"","resenas":""},"aioseo_notices":[],"_links":{"self":[{"href":"https:\/\/www.claret.cat\/es\/wp-json\/wp\/v2\/product\/409433","targetHints":{"allow":["GET"]}}],"collection":[{"href":"https:\/\/www.claret.cat\/es\/wp-json\/wp\/v2\/product"}],"about":[{"href":"https:\/\/www.claret.cat\/es\/wp-json\/wp\/v2\/types\/product"}],"wp:featuredmedia":[{"embeddable":true,"href":"https:\/\/www.claret.cat\/es\/wp-json\/wp\/v2\/media\/996920"}],"wp:attachment":[{"href":"https:\/\/www.claret.cat\/es\/wp-json\/wp\/v2\/media?parent=409433"}],"wp:term":[{"taxonomy":"product_brand","embeddable":true,"href":"https:\/\/www.claret.cat\/es\/wp-json\/wp\/v2\/product_brand?post=409433"},{"taxonomy":"product_cat","embeddable":true,"href":"https:\/\/www.claret.cat\/es\/wp-json\/wp\/v2\/product_cat?post=409433"},{"taxonomy":"product_tag","embeddable":true,"href":"https:\/\/www.claret.cat\/es\/wp-json\/wp\/v2\/product_tag?post=409433"}],"curies":[{"name":"wp","href":"https:\/\/api.w.org\/{rel}","templated":true}]}}