{"id":409442,"date":"2023-02-28T19:18:46","date_gmt":"2023-02-28T18:18:46","guid":{"rendered":"https:\/\/www.claret.cat\/llibre\/siddhartha-9788499899855\/"},"modified":"2025-12-17T13:40:08","modified_gmt":"2025-12-17T12:40:08","slug":"siddhartha-9788499899855","status":"publish","type":"product","link":"https:\/\/www.claret.cat\/es\/libro\/siddhartha-9788499899855\/","title":{"rendered":"SIDDHARTHA"},"content":{"rendered":"<p>Esta novela, ambientada en la India tradicional, relata la vida de Siddharta, un hombre para quien el camino de la verdad pasa por la renuncia y la comprensi\u00f3n de la unidad que subyace en todo lo existente. En sus p\u00e1ginas, el autor ofrece todas las opciones espirituales del hombre. Herman Hesse buce\u00f3 en el alma de Oriente a fin de aportar sus aspectos positivos a nuestra sociedad. Siddharta es la obra m\u00e1s representativa de este proceso y ha ejercido una gran influencia en la cultura occidental del siglo XX. La verdadera profesi\u00f3n del hombre es encontrar el camino hacia s\u00ed mismo.<\/p>\n","protected":false},"excerpt":{"rendered":"<p>HESSE,HERMANN<\/p>\n","protected":false},"featured_media":409443,"template":"","meta":{"_acf_changed":false,"om_disable_all_campaigns":false,"rs_blank_template":"","rs_page_bg_color":"","slide_template_v7":"","inline_featured_image":false,"_monsterinsights_skip_tracking":false,"_monsterinsights_sitenote_active":false,"_monsterinsights_sitenote_note":"","_monsterinsights_sitenote_category":0},"product_brand":[],"product_cat":[90,540],"product_tag":[],"class_list":{"0":"post-409442","1":"product","2":"type-product","3":"status-publish","4":"has-post-thumbnail","6":"product_cat-altres","7":"product_cat-otros","9":"first","10":"instock","11":"taxable","12":"shipping-taxable","13":"purchasable","14":"product-type-simple"},"acf":{"autor":"HESSE,HERMANN","codart":"849989985","libros-coleccion":"","ediciones":"1","encuadernacion":"R\u00fastica","fecha_de_publicacion":"01\/05\/2012","novedad":"0","paginas":"216","subtitulo":"PREMIO NOBEL DE LITERATURA","orden":"999","portada":"0","idioma":"spa","editorial":[{"ID":6178,"post_author":"3","post_date":"2022-07-28 17:46:34","post_date_gmt":"2022-07-28 15:46:34","post_content":"","post_title":"DEBOLSILLO","post_excerpt":"","post_status":"publish","comment_status":"closed","ping_status":"closed","post_password":"","post_name":"debolsillo","to_ping":"","pinged":"","post_modified":"2022-07-28 17:46:34","post_modified_gmt":"2022-07-28 15:46:34","post_content_filtered":"","post_parent":0,"guid":"http:\/\/dev.claret.cat\/editorial\/debolsillo\/","menu_order":0,"post_type":"editorial","post_mime_type":"","comment_count":"0","filter":"raw"}],"autores-libros":[{"ID":157544,"post_author":"3","post_date":"2022-10-14 15:29:40","post_date_gmt":"2022-10-14 13:29:40","post_content":"","post_title":"HERMANN HESSE","post_excerpt":"","post_status":"publish","comment_status":"closed","ping_status":"closed","post_password":"","post_name":"hermann-hesse","to_ping":"","pinged":"","post_modified":"2022-10-14 15:29:40","post_modified_gmt":"2022-10-14 13:29:40","post_content_filtered":"","post_parent":0,"guid":"http:\/\/dev.claret.cat\/autor\/hermann-hesse\/","menu_order":0,"post_type":"autor","post_mime_type":"","comment_count":"0","filter":"raw"}],"booktrailer":"","resenas":""},"aioseo_notices":[],"_links":{"self":[{"href":"https:\/\/www.claret.cat\/es\/wp-json\/wp\/v2\/product\/409442","targetHints":{"allow":["GET"]}}],"collection":[{"href":"https:\/\/www.claret.cat\/es\/wp-json\/wp\/v2\/product"}],"about":[{"href":"https:\/\/www.claret.cat\/es\/wp-json\/wp\/v2\/types\/product"}],"wp:featuredmedia":[{"embeddable":true,"href":"https:\/\/www.claret.cat\/es\/wp-json\/wp\/v2\/media\/409443"}],"wp:attachment":[{"href":"https:\/\/www.claret.cat\/es\/wp-json\/wp\/v2\/media?parent=409442"}],"wp:term":[{"taxonomy":"product_brand","embeddable":true,"href":"https:\/\/www.claret.cat\/es\/wp-json\/wp\/v2\/product_brand?post=409442"},{"taxonomy":"product_cat","embeddable":true,"href":"https:\/\/www.claret.cat\/es\/wp-json\/wp\/v2\/product_cat?post=409442"},{"taxonomy":"product_tag","embeddable":true,"href":"https:\/\/www.claret.cat\/es\/wp-json\/wp\/v2\/product_tag?post=409442"}],"curies":[{"name":"wp","href":"https:\/\/api.w.org\/{rel}","templated":true}]}}