{"id":409467,"date":"2023-02-28T19:45:16","date_gmt":"2023-02-28T18:45:16","guid":{"rendered":"https:\/\/www.claret.cat\/llibre\/isadora-moon-12-isadora-moon-y-la-invitacion-secreta-9788419191915\/"},"modified":"2023-10-11T04:11:35","modified_gmt":"2023-10-11T02:11:35","slug":"isadora-moon-12-isadora-moon-y-la-invitacion-secreta-9788419191915","status":"publish","type":"product","link":"https:\/\/www.claret.cat\/es\/libro\/isadora-moon-12-isadora-moon-y-la-invitacion-secreta-9788419191915\/","title":{"rendered":"ISADORA MOON 12 &#8211; ISADORA MOON Y LA INVITACI\u00d3N SECRETA"},"content":{"rendered":"<p>Mitad hada, mitad vampiro, \u00a1y totalmente \u00fanica!  \u00a1Llega una nueva aventura de esta encantadora serie! Isadora Moon es especial porque es diferente. Su mam\u00e1 es un hada, su pap\u00e1 es un vampiro y ella tiene un poquito de los dos.Hay una ni\u00f1a nueva en la clase de Isadora. Se llama Ava, y todos quieren ser sus amigos, \u00a1pero ella no lo pone nada f\u00e1cil! Aunque Ava no es nada amable, Isadora no quiere dejarla de lado y no sabe si invitarla a la fiesta especial de Pinky. \u00a1Igual Ada tiene alg\u00fan secreto! \u00bfLograr\u00e1 Isadora hacerse su amiga? Con irresistibles ilustraciones en negro y rosa y una hero\u00edna \u00fanica, \u00abIsadora Moon\u00bb es una encantadora y divertida serie de lecturas ideal para j\u00f3venes lectores que quieren flores y purpurina, pero a los que tambi\u00e9n les atrae el mundo misterioso de los vampiros.<\/p>\n","protected":false},"excerpt":{"rendered":"<p>MUNCASTER, HARRIET<\/p>\n","protected":false},"featured_media":409468,"template":"","meta":{"_acf_changed":false,"om_disable_all_campaigns":false,"rs_blank_template":"","rs_page_bg_color":"","slide_template_v7":"","inline_featured_image":false,"_monsterinsights_skip_tracking":false,"_monsterinsights_sitenote_active":false,"_monsterinsights_sitenote_note":"","_monsterinsights_sitenote_category":0},"product_brand":[],"product_cat":[132,362],"product_tag":[],"class_list":{"0":"post-409467","1":"product","2":"type-product","3":"status-publish","4":"has-post-thumbnail","6":"product_cat-lectures-per-preadolescents-6-12-anys","7":"product_cat-libros-preadolescentes-6-12-anos","9":"first","10":"instock","11":"taxable","12":"shipping-taxable","13":"purchasable","14":"product-type-simple"},"acf":{"autor":"MUNCASTER, HARRIET","codart":"841919191","libros-coleccion":"Isadora Moon","ediciones":"1","encuadernacion":"R\u00fastica","fecha_de_publicacion":"01\/03\/2023","novedad":"1","paginas":"128","subtitulo":"","orden":"0","portada":"0","idioma":"spa","editorial":[{"ID":6118,"post_author":"3","post_date":"2022-07-28 17:45:17","post_date_gmt":"2022-07-28 15:45:17","post_content":"","post_title":"ALFAGUARA","post_excerpt":"","post_status":"publish","comment_status":"closed","ping_status":"closed","post_password":"","post_name":"alfaguara","to_ping":"","pinged":"","post_modified":"2022-07-28 17:45:17","post_modified_gmt":"2022-07-28 15:45:17","post_content_filtered":"","post_parent":0,"guid":"http:\/\/dev.claret.cat\/editorial\/alfaguara\/","menu_order":0,"post_type":"editorial","post_mime_type":"","comment_count":"0","filter":"raw"}],"autores-libros":[{"ID":157385,"post_author":"3","post_date":"2022-10-14 15:28:24","post_date_gmt":"2022-10-14 13:28:24","post_content":"","post_title":"HARRIET MUNCASTER","post_excerpt":"","post_status":"publish","comment_status":"closed","ping_status":"closed","post_password":"","post_name":"harriet-muncaster","to_ping":"","pinged":"","post_modified":"2022-10-14 15:28:24","post_modified_gmt":"2022-10-14 13:28:24","post_content_filtered":"","post_parent":0,"guid":"http:\/\/dev.claret.cat\/autor\/harriet-muncaster\/","menu_order":0,"post_type":"autor","post_mime_type":"","comment_count":"0","filter":"raw"}]},"aioseo_notices":[],"_links":{"self":[{"href":"https:\/\/www.claret.cat\/es\/wp-json\/wp\/v2\/product\/409467","targetHints":{"allow":["GET"]}}],"collection":[{"href":"https:\/\/www.claret.cat\/es\/wp-json\/wp\/v2\/product"}],"about":[{"href":"https:\/\/www.claret.cat\/es\/wp-json\/wp\/v2\/types\/product"}],"wp:featuredmedia":[{"embeddable":true,"href":"https:\/\/www.claret.cat\/es\/wp-json\/wp\/v2\/media\/409468"}],"wp:attachment":[{"href":"https:\/\/www.claret.cat\/es\/wp-json\/wp\/v2\/media?parent=409467"}],"wp:term":[{"taxonomy":"product_brand","embeddable":true,"href":"https:\/\/www.claret.cat\/es\/wp-json\/wp\/v2\/product_brand?post=409467"},{"taxonomy":"product_cat","embeddable":true,"href":"https:\/\/www.claret.cat\/es\/wp-json\/wp\/v2\/product_cat?post=409467"},{"taxonomy":"product_tag","embeddable":true,"href":"https:\/\/www.claret.cat\/es\/wp-json\/wp\/v2\/product_tag?post=409467"}],"curies":[{"name":"wp","href":"https:\/\/api.w.org\/{rel}","templated":true}]}}