{"id":40956,"date":"2022-10-02T19:33:17","date_gmt":"2022-10-02T17:33:17","guid":{"rendered":"http:\/\/dev.claret.cat\/producte\/sabina-la-veina-del-davant\/"},"modified":"2023-10-06T10:30:15","modified_gmt":"2023-10-06T08:30:15","slug":"sabina-la-veina-del-davant-9788448951924","status":"publish","type":"product","link":"https:\/\/www.claret.cat\/es\/libro\/sabina-la-veina-del-davant-9788448951924\/","title":{"rendered":"SABINA, LA VE\u00cfNA DEL DAVANT"},"content":{"rendered":"<p>L&#8217;Arnau est\u00e0 conven\u00e7ut que la Sabina, la ve\u00efna del davant, una noia divertida i eixerida, amaga un gran secret: t\u00e9 profundes sospites que la noia pot ser una bruixa o una fada o potser aquestes idees s\u00f3n fruit de la seva imaginaci\u00f3&#8230;<br \/> Un dia l&#8217;Arnau t\u00e9 la sort de trobar-la. Ha arribat el moment de descobrir la veritat: existeixen les bruixes i les fades?<\/p>\n","protected":false},"excerpt":{"rendered":"<p>CARB\u00d3, JOAQUIM<\/p>\n","protected":false},"featured_media":57339,"template":"","meta":{"_acf_changed":false,"om_disable_all_campaigns":false,"rs_blank_template":"","rs_page_bg_color":"","slide_template_v7":"","inline_featured_image":false,"_monsterinsights_skip_tracking":false,"_monsterinsights_sitenote_active":false,"_monsterinsights_sitenote_note":"","_monsterinsights_sitenote_category":0},"product_brand":[],"product_cat":[132],"product_tag":[],"class_list":{"0":"post-40956","1":"product","2":"type-product","3":"status-publish","4":"has-post-thumbnail","6":"product_cat-lectures-per-preadolescents-6-12-anys","8":"first","9":"instock","10":"taxable","11":"shipping-taxable","12":"purchasable","13":"product-type-simple"},"acf":{"autor":"CARB\u00d3, JOAQUIM","codart":"844895192","libros-coleccion":"","ediciones":"1","encuadernacion":"Carton\u00e9","fecha_de_publicacion":"01\/03\/2022","novedad":"1","paginas":"68","subtitulo":"","orden":"0","portada":"0","idioma":"cat","editorial":[{"ID":147525,"post_author":"3","post_date":"2022-10-14 11:51:14","post_date_gmt":"2022-10-14 09:51:14","post_content":"","post_title":"BARCANOVA","post_excerpt":"","post_status":"publish","comment_status":"closed","ping_status":"closed","post_password":"","post_name":"barcanova","to_ping":"","pinged":"","post_modified":"2022-10-14 11:51:14","post_modified_gmt":"2022-10-14 09:51:14","post_content_filtered":"","post_parent":0,"guid":"http:\/\/dev.claret.cat\/editorial\/barcanova\/","menu_order":0,"post_type":"editorial","post_mime_type":"","comment_count":"0","filter":"raw"}],"autores-libros":[{"ID":159492,"post_author":"3","post_date":"2022-10-14 15:45:17","post_date_gmt":"2022-10-14 13:45:17","post_content":"","post_title":"JOAQUIM CARB\u00d3","post_excerpt":"","post_status":"publish","comment_status":"closed","ping_status":"closed","post_password":"","post_name":"joaquim-carbo","to_ping":"","pinged":"","post_modified":"2022-10-14 15:45:17","post_modified_gmt":"2022-10-14 13:45:17","post_content_filtered":"","post_parent":0,"guid":"http:\/\/dev.claret.cat\/autor\/joaquim-carbo\/","menu_order":0,"post_type":"autor","post_mime_type":"","comment_count":"0","filter":"raw"}]},"aioseo_notices":[],"_links":{"self":[{"href":"https:\/\/www.claret.cat\/es\/wp-json\/wp\/v2\/product\/40956","targetHints":{"allow":["GET"]}}],"collection":[{"href":"https:\/\/www.claret.cat\/es\/wp-json\/wp\/v2\/product"}],"about":[{"href":"https:\/\/www.claret.cat\/es\/wp-json\/wp\/v2\/types\/product"}],"wp:featuredmedia":[{"embeddable":true,"href":"https:\/\/www.claret.cat\/es\/wp-json\/wp\/v2\/media\/57339"}],"wp:attachment":[{"href":"https:\/\/www.claret.cat\/es\/wp-json\/wp\/v2\/media?parent=40956"}],"wp:term":[{"taxonomy":"product_brand","embeddable":true,"href":"https:\/\/www.claret.cat\/es\/wp-json\/wp\/v2\/product_brand?post=40956"},{"taxonomy":"product_cat","embeddable":true,"href":"https:\/\/www.claret.cat\/es\/wp-json\/wp\/v2\/product_cat?post=40956"},{"taxonomy":"product_tag","embeddable":true,"href":"https:\/\/www.claret.cat\/es\/wp-json\/wp\/v2\/product_tag?post=40956"}],"curies":[{"name":"wp","href":"https:\/\/api.w.org\/{rel}","templated":true}]}}