{"id":409572,"date":"2023-03-02T17:20:23","date_gmt":"2023-03-02T16:20:23","guid":{"rendered":"https:\/\/www.claret.cat\/llibre\/no-callar-9788411072434\/"},"modified":"2023-10-11T04:08:36","modified_gmt":"2023-10-11T02:08:36","slug":"no-callar-9788411072434","status":"publish","type":"product","link":"https:\/\/www.claret.cat\/es\/libro\/no-callar-9788411072434\/","title":{"rendered":"NO CALLAR"},"content":{"rendered":"<p>\u00abEl gran escritor espa\u00f1ol.\u00bb, Garth Risk Hallberg, The New York Times<br \/>\u00abEl mayor escritor vivo.\u00bb, Aldo Cazullo, Il Corriere della Sera<br \/>\u00abTengo a Javier Cercas por uno de los mejores escritores de nuestra lengua.\u00bb Mario Vargas Llosa, El Pa\u00eds<br \/> No callar aborda desde los asuntos candentes y definitorios del momento hist\u00f3rico en que nos encontramos (populismos, posverdad y falsas noticias, construcci\u00f3n del relato, capitalismo de la vigilancia, amenazas a la democracia, nuevos autoritarismos\u2026) hasta su repercusi\u00f3n en el \u00e1mbito espa\u00f1ol (relectura de la Transici\u00f3n y la Guerra Civil, desorientaci\u00f3n de las izquierdas, desprestigio de las instituciones, partitocracia, falta de consensos, etc.) y las manifestaciones locales de todo ello, como el secesionismo catal\u00e1n. Estas \u00ablecturas del presente\u00bb, que demuestran la conciencia c\u00edvica y el compromiso de Javier Cercas, se complementan con inteligentes reflexiones sobre el valor del periodismo, la vida literaria espa\u00f1ola e internacional e inolvidables semblanzas dedicadas a personajes del cine, la m\u00fasica, el deporte y la literatura. El volumen es por tanto un magn\u00edfico diagn\u00f3stico del presente y a la vez un manifiesto personal sobre las cuestiones que m\u00e1s nos importan, escrito por uno de los autores europeos m\u00e1s relevantes.<\/p>\n","protected":false},"excerpt":{"rendered":"<p>CERCAS, JAVIER<\/p>\n","protected":false},"featured_media":409573,"template":"","meta":{"_acf_changed":false,"om_disable_all_campaigns":false,"rs_blank_template":"","rs_page_bg_color":"","slide_template_v7":"","inline_featured_image":false,"_monsterinsights_skip_tracking":false,"_monsterinsights_sitenote_active":false,"_monsterinsights_sitenote_note":"","_monsterinsights_sitenote_category":0},"product_brand":[],"product_cat":[90,540],"product_tag":[],"class_list":{"0":"post-409572","1":"product","2":"type-product","3":"status-publish","4":"has-post-thumbnail","6":"product_cat-altres","7":"product_cat-otros","9":"first","10":"instock","11":"taxable","12":"shipping-taxable","13":"purchasable","14":"product-type-simple"},"acf":{"autor":"CERCAS, JAVIER","codart":"841107243","libros-coleccion":"Andanzas","ediciones":"1","encuadernacion":"R\u00fastica","fecha_de_publicacion":"01\/03\/2023","novedad":"1","paginas":"752","subtitulo":"CR\u00d3NICAS, ENSAYOS Y ART\u00cdCULOS. 2000-2022","orden":"0","portada":"0","idioma":"spa","editorial":[{"ID":148518,"post_author":"3","post_date":"2022-10-14 11:58:52","post_date_gmt":"2022-10-14 09:58:52","post_content":"","post_title":"Maxi-Tusquets","post_excerpt":"","post_status":"publish","comment_status":"closed","ping_status":"closed","post_password":"","post_name":"maxi-tusquets","to_ping":"","pinged":"","post_modified":"2022-10-14 11:58:52","post_modified_gmt":"2022-10-14 09:58:52","post_content_filtered":"","post_parent":0,"guid":"http:\/\/dev.claret.cat\/editorial\/maxi-tusquets\/","menu_order":0,"post_type":"editorial","post_mime_type":"","comment_count":"0","filter":"raw"}],"autores-libros":[{"ID":158686,"post_author":"3","post_date":"2022-10-14 15:38:49","post_date_gmt":"2022-10-14 13:38:49","post_content":"","post_title":"JAVIER CERCAS","post_excerpt":"","post_status":"publish","comment_status":"closed","ping_status":"closed","post_password":"","post_name":"javier-cercas","to_ping":"","pinged":"","post_modified":"2022-10-14 15:38:49","post_modified_gmt":"2022-10-14 13:38:49","post_content_filtered":"","post_parent":0,"guid":"http:\/\/dev.claret.cat\/autor\/javier-cercas\/","menu_order":0,"post_type":"autor","post_mime_type":"","comment_count":"0","filter":"raw"}]},"aioseo_notices":[],"_links":{"self":[{"href":"https:\/\/www.claret.cat\/es\/wp-json\/wp\/v2\/product\/409572","targetHints":{"allow":["GET"]}}],"collection":[{"href":"https:\/\/www.claret.cat\/es\/wp-json\/wp\/v2\/product"}],"about":[{"href":"https:\/\/www.claret.cat\/es\/wp-json\/wp\/v2\/types\/product"}],"wp:featuredmedia":[{"embeddable":true,"href":"https:\/\/www.claret.cat\/es\/wp-json\/wp\/v2\/media\/409573"}],"wp:attachment":[{"href":"https:\/\/www.claret.cat\/es\/wp-json\/wp\/v2\/media?parent=409572"}],"wp:term":[{"taxonomy":"product_brand","embeddable":true,"href":"https:\/\/www.claret.cat\/es\/wp-json\/wp\/v2\/product_brand?post=409572"},{"taxonomy":"product_cat","embeddable":true,"href":"https:\/\/www.claret.cat\/es\/wp-json\/wp\/v2\/product_cat?post=409572"},{"taxonomy":"product_tag","embeddable":true,"href":"https:\/\/www.claret.cat\/es\/wp-json\/wp\/v2\/product_tag?post=409572"}],"curies":[{"name":"wp","href":"https:\/\/api.w.org\/{rel}","templated":true}]}}