{"id":409575,"date":"2023-03-02T17:20:34","date_gmt":"2023-03-02T16:20:34","guid":{"rendered":"https:\/\/www.claret.cat\/llibre\/una-salida-honrosa-9788411072427\/"},"modified":"2023-10-11T04:08:34","modified_gmt":"2023-10-11T02:08:34","slug":"una-salida-honrosa-9788411072427","status":"publish","type":"product","link":"https:\/\/www.claret.cat\/es\/libro\/una-salida-honrosa-9788411072427\/","title":{"rendered":"UNA SALIDA HONROSA"},"content":{"rendered":"<p>\u00abUn libro terrible, hist\u00f3ricamente insoportable.\u00bb Bernard Pivot<br \/>\u00abUna serie de escenas entretejidas por una escritura brillante. Bajo la pluma de \u00c9ric Vuillard, los personajes hist\u00f3ricos son seres de carne y hueso; los o\u00edmos respirar, los vemos sudar.\u00bb Pierre Assouline<br \/>\u00abDoscientas p\u00e1ginas apretadas como pu\u00f1os listos para golpear. En cada uno de sus libros, \u00c9ric Vuillard escenifica un episodio de esta eterna guerra de los poderosos contra los d\u00e9biles, a veces con \u00e9nfasis, siempre con una ira fr\u00eda y met\u00f3dica.\u00bb Elisabeth Philippe, L&#8221;Obs<br \/> Uno de los conflictos modernos m\u00e1s prolongados del siglo xx fue la guerra de Indochina, y sin embargo apenas se le ha prestado atenci\u00f3n. Una salida honrosa narra c\u00f3mo, por un rev\u00e9s sin precedentes de la historia, dos grandes potencias mundiales, Francia y Estados Unidos, fueron derrotadas por un pueblo peque\u00f1o, el vietnamita, y nos introduce en la cadena de intereses que conducir\u00e1 al desastre. En escenas memorables, \u00c9ric Vuillard nos acerca tanto a los explotados recolectores del caucho como a los generales que guiaron la contienda, mientras describe una inquietante comedia humana. \u00bfC\u00f3mo reaccionaron los pol\u00edticos? \u00bfQu\u00e9 secretario de Estado estadounidense propuso utilizar la bomba at\u00f3mica para solucionar el conflicto? \u00bfDe qu\u00e9 habl\u00f3 un alto mando del ej\u00e9rcito franc\u00e9s, ap\u00f3stol del napalm, en la televisi\u00f3n norteamericana? Y, bien pensado, \u00bfpreferimos el confort de la ficci\u00f3n al v\u00e9rtigo que nos provoca la realidad? Lo cierto es que la guerra de Indochina nos permite entender c\u00f3mo hoy, en Afganist\u00e1n, en Mali, en cualquier lugar, seguimos buscando en vano una \u00absalida honrosa\u00bb.<\/p>\n","protected":false},"excerpt":{"rendered":"<p>VUILLARD, \u00c9RIC<\/p>\n","protected":false},"featured_media":409576,"template":"","meta":{"_acf_changed":false,"om_disable_all_campaigns":false,"rs_blank_template":"","rs_page_bg_color":"","slide_template_v7":"","inline_featured_image":false,"_monsterinsights_skip_tracking":false,"_monsterinsights_sitenote_active":false,"_monsterinsights_sitenote_note":"","_monsterinsights_sitenote_category":0},"product_brand":[],"product_cat":[368,151],"product_tag":[],"class_list":{"0":"post-409575","1":"product","2":"type-product","3":"status-publish","4":"has-post-thumbnail","6":"product_cat-contemporanea","7":"product_cat-contemporania","9":"first","10":"instock","11":"taxable","12":"shipping-taxable","13":"purchasable","14":"product-type-simple"},"acf":{"autor":"VUILLARD, \u00c9RIC","codart":"841107242","libros-coleccion":"Andanzas","ediciones":"1","encuadernacion":"R\u00fastica","fecha_de_publicacion":"01\/03\/2023","novedad":"1","paginas":"182","subtitulo":"","orden":"0","portada":"1","idioma":"spa","editorial":[{"ID":148518,"post_author":"3","post_date":"2022-10-14 11:58:52","post_date_gmt":"2022-10-14 09:58:52","post_content":"","post_title":"Maxi-Tusquets","post_excerpt":"","post_status":"publish","comment_status":"closed","ping_status":"closed","post_password":"","post_name":"maxi-tusquets","to_ping":"","pinged":"","post_modified":"2022-10-14 11:58:52","post_modified_gmt":"2022-10-14 09:58:52","post_content_filtered":"","post_parent":0,"guid":"http:\/\/dev.claret.cat\/editorial\/maxi-tusquets\/","menu_order":0,"post_type":"editorial","post_mime_type":"","comment_count":"0","filter":"raw"}],"autores-libros":[{"ID":155270,"post_author":"3","post_date":"2022-10-14 15:11:30","post_date_gmt":"2022-10-14 13:11:30","post_content":"","post_title":"\u00c9RIC VUILLARD","post_excerpt":"","post_status":"publish","comment_status":"closed","ping_status":"closed","post_password":"","post_name":"eric-vuillard","to_ping":"","pinged":"","post_modified":"2022-10-14 15:11:30","post_modified_gmt":"2022-10-14 13:11:30","post_content_filtered":"","post_parent":0,"guid":"http:\/\/dev.claret.cat\/autor\/eric-vuillard\/","menu_order":0,"post_type":"autor","post_mime_type":"","comment_count":"0","filter":"raw"}]},"aioseo_notices":[],"_links":{"self":[{"href":"https:\/\/www.claret.cat\/es\/wp-json\/wp\/v2\/product\/409575","targetHints":{"allow":["GET"]}}],"collection":[{"href":"https:\/\/www.claret.cat\/es\/wp-json\/wp\/v2\/product"}],"about":[{"href":"https:\/\/www.claret.cat\/es\/wp-json\/wp\/v2\/types\/product"}],"wp:featuredmedia":[{"embeddable":true,"href":"https:\/\/www.claret.cat\/es\/wp-json\/wp\/v2\/media\/409576"}],"wp:attachment":[{"href":"https:\/\/www.claret.cat\/es\/wp-json\/wp\/v2\/media?parent=409575"}],"wp:term":[{"taxonomy":"product_brand","embeddable":true,"href":"https:\/\/www.claret.cat\/es\/wp-json\/wp\/v2\/product_brand?post=409575"},{"taxonomy":"product_cat","embeddable":true,"href":"https:\/\/www.claret.cat\/es\/wp-json\/wp\/v2\/product_cat?post=409575"},{"taxonomy":"product_tag","embeddable":true,"href":"https:\/\/www.claret.cat\/es\/wp-json\/wp\/v2\/product_tag?post=409575"}],"curies":[{"name":"wp","href":"https:\/\/api.w.org\/{rel}","templated":true}]}}