{"id":409619,"date":"2023-03-02T17:55:02","date_gmt":"2023-03-02T16:55:02","guid":{"rendered":"https:\/\/www.claret.cat\/llibre\/dracula-9788498044621\/"},"modified":"2023-10-11T04:08:04","modified_gmt":"2023-10-11T02:08:04","slug":"dracula-9788498044621","status":"publish","type":"product","link":"https:\/\/www.claret.cat\/es\/libro\/dracula-9788498044621\/","title":{"rendered":"DR\u00c0CULA"},"content":{"rendered":"<p>Dr\u00e0cula ens presenta el vampir m\u00e9s fam\u00f3s de tots els temps. Narra la terror\u00edfica hist\u00f2ria d&#8221;un malvat comte que, des de Transilv\u00e0nia, arriba a Londres disposat a propagar el mal pel m\u00f3n. Jonathan Harker i la seva esposa, Lucy i el seu prom\u00e8s, el doctor Seward i el professor Van Helsing s&#8221;enfrontaran al comte Dr\u00e0cula. Fins i tot, hi haur\u00e0 alg\u00fa que hi perdr\u00e0 la vida. Contra els poders sobrenaturals del vampir, utilitzaran les seves millors armes: l&#8221;amistat, el coratge, el treball en equip i els grans coneixements del savi professor.<\/p>\n","protected":false},"excerpt":{"rendered":"<p>STOKER, BRAM<\/p>\n","protected":false},"featured_media":409620,"template":"","meta":{"_acf_changed":false,"om_disable_all_campaigns":false,"rs_blank_template":"","rs_page_bg_color":"","slide_template_v7":"","inline_featured_image":false,"_monsterinsights_skip_tracking":false,"_monsterinsights_sitenote_active":false,"_monsterinsights_sitenote_note":"","_monsterinsights_sitenote_category":0},"product_brand":[],"product_cat":[354,123],"product_tag":[],"class_list":{"0":"post-409619","1":"product","2":"type-product","3":"status-publish","4":"has-post-thumbnail","6":"product_cat-clasica","7":"product_cat-classica","9":"first","10":"instock","11":"taxable","12":"shipping-taxable","13":"purchasable","14":"product-type-simple"},"acf":{"autor":"STOKER, BRAM","codart":"849804462","libros-coleccion":"FORA DE COL.LECCI\u00d3","ediciones":"1","encuadernacion":"R\u00fastica","fecha_de_publicacion":"01\/09\/2009","novedad":"1","paginas":"0","subtitulo":"","orden":"0","portada":"0","idioma":"cat","editorial":[{"ID":147606,"post_author":"3","post_date":"2022-10-14 11:51:52","post_date_gmt":"2022-10-14 09:51:52","post_content":"","post_title":"Castellnou Edicions","post_excerpt":"","post_status":"publish","comment_status":"closed","ping_status":"closed","post_password":"","post_name":"castellnou-edicions","to_ping":"","pinged":"","post_modified":"2022-10-14 11:51:52","post_modified_gmt":"2022-10-14 09:51:52","post_content_filtered":"","post_parent":0,"guid":"http:\/\/dev.claret.cat\/editorial\/castellnou-edicions\/","menu_order":0,"post_type":"editorial","post_mime_type":"","comment_count":"0","filter":"raw"}],"autores-libros":[{"ID":151858,"post_author":"3","post_date":"2022-10-14 14:44:11","post_date_gmt":"2022-10-14 12:44:11","post_content":"","post_title":"BRAM STOKER","post_excerpt":"","post_status":"publish","comment_status":"closed","ping_status":"closed","post_password":"","post_name":"bram-stoker","to_ping":"","pinged":"","post_modified":"2022-10-14 14:44:11","post_modified_gmt":"2022-10-14 12:44:11","post_content_filtered":"","post_parent":0,"guid":"http:\/\/dev.claret.cat\/autor\/bram-stoker\/","menu_order":0,"post_type":"autor","post_mime_type":"","comment_count":"0","filter":"raw"}]},"aioseo_notices":[],"_links":{"self":[{"href":"https:\/\/www.claret.cat\/es\/wp-json\/wp\/v2\/product\/409619","targetHints":{"allow":["GET"]}}],"collection":[{"href":"https:\/\/www.claret.cat\/es\/wp-json\/wp\/v2\/product"}],"about":[{"href":"https:\/\/www.claret.cat\/es\/wp-json\/wp\/v2\/types\/product"}],"wp:featuredmedia":[{"embeddable":true,"href":"https:\/\/www.claret.cat\/es\/wp-json\/wp\/v2\/media\/409620"}],"wp:attachment":[{"href":"https:\/\/www.claret.cat\/es\/wp-json\/wp\/v2\/media?parent=409619"}],"wp:term":[{"taxonomy":"product_brand","embeddable":true,"href":"https:\/\/www.claret.cat\/es\/wp-json\/wp\/v2\/product_brand?post=409619"},{"taxonomy":"product_cat","embeddable":true,"href":"https:\/\/www.claret.cat\/es\/wp-json\/wp\/v2\/product_cat?post=409619"},{"taxonomy":"product_tag","embeddable":true,"href":"https:\/\/www.claret.cat\/es\/wp-json\/wp\/v2\/product_tag?post=409619"}],"curies":[{"name":"wp","href":"https:\/\/api.w.org\/{rel}","templated":true}]}}